{"id":63,"date":"2019-09-26T10:45:34","date_gmt":"2019-09-26T08:45:34","guid":{"rendered":"https:\/\/blogs.urz.uni-halle.de\/1g234\/?page_id=63"},"modified":"2019-09-26T10:47:33","modified_gmt":"2019-09-26T08:47:33","slug":"ueber-top10","status":"publish","type":"page","link":"https:\/\/blogs.urz.uni-halle.de\/1g234\/ueber-top10\/","title":{"rendered":"\u00dcber Top10"},"content":{"rendered":"<p><em>Wer betreibt den Blog?<\/em><br \/>\nMein Name ist Eric Burzinski. Ich studiere an der Uni Halle Medien- und Kommunikationswissenschaften und Sportwissenschaft als Zweifach-Bachelor im dritten Fachsemester.<\/p>\n<p><em>Weshalb ist dieser Blog entstanden?<\/em><br \/>\nTop10 ist ein Blog, der im Rahmen des Moduls Grundlagen der Mediengestaltung &#8211; Multimedia entstanden ist.<\/p>\n<p><em>Welche Themen werden behandelt?<br \/>\n<\/em>Ich werde versuchen, so viele Themen wie m\u00f6glich zu behandeln. Das ist schwer, und bedarf viel Aufwand. Deshalb beschr\u00e4nke ich mich in dieser Leistung auf die Themen Sport, Studium, Reise und Film und Fernsehen.<\/p>\n<p><em>Wie werden die Themen behandelt?<\/em><br \/>\nEs wird f\u00fcr jedes Thema ein Ranking von eins bis zehn erstellt. Das Ranking basiert dabei auf meiner pers\u00f6nlichen Meinung, was jedoch nicht bedeutet, dass ich nicht offen f\u00fcr Kritik und Verbesserungsvorschl\u00e4ge bin.<\/p>\n<p><em>Wie oft werden Beitr\u00e4ge ver\u00f6ffentlicht?<\/em><br \/>\nDas kann ich schlecht einsch\u00e4tzen. Da es sich bei diesem Blog um eine Leistung handelt, die an einem bestimmten Tag fertig gestellt sein muss, kommen auf einen Schlag mehrere Beitr\u00e4ge. Wenn der Blog jedoch wirklich online gehen sollte, w\u00fcrde ich versuchen w\u00f6chentlich einen Beitrag hochzuladen.<\/p>\n","protected":false},"excerpt":{"rendered":"<p>Wer betreibt den Blog? Mein Name ist Eric Burzinski. Ich studiere an der Uni Halle Medien- und Kommunikationswissenschaften und Sportwissenschaft als Zweifach-Bachelor im dritten Fachsemester. Weshalb ist dieser Blog entstanden? Top10 ist ein Blog, der im Rahmen des Moduls Grundlagen der Mediengestaltung &#8211; Multimedia entstanden ist. Welche Themen werden behandelt? Ich werde versuchen, so viele &hellip; <\/p>\n<p><a class=\"more-link btn\" href=\"https:\/\/blogs.urz.uni-halle.de\/1g234\/ueber-top10\/\">Weiterlesen<\/a><\/p>\n","protected":false},"author":4147,"featured_media":0,"parent":0,"menu_order":0,"comment_status":"closed","ping_status":"closed","template":"","meta":[],"yoast_head":"<!-- This site is optimized with the Yoast SEO plugin v15.6.2 - https:\/\/yoast.com\/wordpress\/plugins\/seo\/ -->\n<title>\u00dcber Top10 - Top 10<\/title>\n<meta name=\"description\" content=\"Was ist Top10 und worum geht es bei Top10?\" \/>\n<meta name=\"robots\" content=\"index, follow, max-snippet:-1, max-image-preview:large, max-video-preview:-1\" \/>\n<link rel=\"canonical\" href=\"https:\/\/blogs.urz.uni-halle.de\/1g234\/ueber-top10\/\" \/>\n<meta property=\"og:locale\" content=\"de_DE\" \/>\n<meta property=\"og:type\" content=\"article\" \/>\n<meta property=\"og:title\" content=\"\u00dcber Top10 - Top 10\" \/>\n<meta property=\"og:description\" content=\"Was ist Top10 und worum geht es bei Top10?\" \/>\n<meta property=\"og:url\" content=\"https:\/\/blogs.urz.uni-halle.de\/1g234\/ueber-top10\/\" \/>\n<meta property=\"og:site_name\" content=\"Top 10\" \/>\n<meta property=\"article:modified_time\" content=\"2019-09-26T08:47:33+00:00\" \/>\n<meta name=\"twitter:card\" content=\"summary_large_image\" \/>\n<meta name=\"twitter:label1\" content=\"Gesch\u00e4tzte Lesezeit\">\n\t<meta name=\"twitter:data1\" content=\"1\u00a0Minute\">\n<script type=\"application\/ld+json\" class=\"yoast-schema-graph\">{\"@context\":\"https:\/\/schema.org\",\"@graph\":[{\"@type\":\"WebSite\",\"@id\":\"https:\/\/blogs.urz.uni-halle.de\/1g234\/#website\",\"url\":\"https:\/\/blogs.urz.uni-halle.de\/1g234\/\",\"name\":\"Top 10\",\"description\":\"Meine Top 10 in verschiedenen Themenbereichen\",\"potentialAction\":[{\"@type\":\"SearchAction\",\"target\":\"https:\/\/blogs.urz.uni-halle.de\/1g234\/?s={search_term_string}\",\"query-input\":\"required name=search_term_string\"}],\"inLanguage\":\"de\"},{\"@type\":\"WebPage\",\"@id\":\"https:\/\/blogs.urz.uni-halle.de\/1g234\/ueber-top10\/#webpage\",\"url\":\"https:\/\/blogs.urz.uni-halle.de\/1g234\/ueber-top10\/\",\"name\":\"\\u00dcber Top10 - Top 10\",\"isPartOf\":{\"@id\":\"https:\/\/blogs.urz.uni-halle.de\/1g234\/#website\"},\"datePublished\":\"2019-09-26T08:45:34+00:00\",\"dateModified\":\"2019-09-26T08:47:33+00:00\",\"description\":\"Was ist Top10 und worum geht es bei Top10?\",\"inLanguage\":\"de\",\"potentialAction\":[{\"@type\":\"ReadAction\",\"target\":[\"https:\/\/blogs.urz.uni-halle.de\/1g234\/ueber-top10\/\"]}]}]}<\/script>\n<!-- \/ Yoast SEO plugin. -->","_links":{"self":[{"href":"https:\/\/blogs.urz.uni-halle.de\/1g234\/wp-json\/wp\/v2\/pages\/63"}],"collection":[{"href":"https:\/\/blogs.urz.uni-halle.de\/1g234\/wp-json\/wp\/v2\/pages"}],"about":[{"href":"https:\/\/blogs.urz.uni-halle.de\/1g234\/wp-json\/wp\/v2\/types\/page"}],"author":[{"embeddable":true,"href":"https:\/\/blogs.urz.uni-halle.de\/1g234\/wp-json\/wp\/v2\/users\/4147"}],"replies":[{"embeddable":true,"href":"https:\/\/blogs.urz.uni-halle.de\/1g234\/wp-json\/wp\/v2\/comments?post=63"}],"version-history":[{"count":2,"href":"https:\/\/blogs.urz.uni-halle.de\/1g234\/wp-json\/wp\/v2\/pages\/63\/revisions"}],"predecessor-version":[{"id":66,"href":"https:\/\/blogs.urz.uni-halle.de\/1g234\/wp-json\/wp\/v2\/pages\/63\/revisions\/66"}],"wp:attachment":[{"href":"https:\/\/blogs.urz.uni-halle.de\/1g234\/wp-json\/wp\/v2\/media?parent=63"}],"curies":[{"name":"wp","href":"https:\/\/api.w.org\/{rel}","templated":true}]}}