{"id":5,"date":"2022-05-20T12:54:10","date_gmt":"2022-05-20T10:54:10","guid":{"rendered":"https:\/\/blogs.urz.uni-halle.de\/abinsausland\/?page_id=5"},"modified":"2022-07-11T23:15:09","modified_gmt":"2022-07-11T21:15:09","slug":"schritt-1-vorbereitung","status":"publish","type":"page","link":"https:\/\/blogs.urz.uni-halle.de\/abinsausland\/schritt-1-vorbereitung\/","title":{"rendered":"Schritt 1 &#8211; Vorbereitung"},"content":{"rendered":"\n<p>JAAAA ICH WILL INS AUSLAND! &#8211; und nun?<\/p>\n\n\n\n<p>Als <strong>erstes<\/strong> solltest du dir Gedanken dar\u00fcber machen, wohin du eigentlich reisen m\u00f6chtest. Australien, Neuseeland oder doch in die USA? Vielleicht doch lieber in ein Land, in dem Spanisch gesprochen wird? &#8211; Du hast die Qual der Wahl! <\/p>\n\n\n\n<p>Um dir die Wahl etwas leichter zu machen, empfehle ich dir auf Youtube Erfahrungsberichte anzuschauen oder andere Blogs zu lesen, die sich auf dieses Thema spezialisiert haben.<\/p>\n\n\n\n<p>Danach kann es mit den eigentlichen Vorbereitungen losgehen. &#8211; Diese gestalten sich in den Grundz\u00fcgen gleich (nat\u00fcrlich ist es von Land zu Land ein wenig unterschiedlich), doch beschr\u00e4nken wir uns hier erstmal auf die <strong>10<\/strong> <strong>Basic Steps<\/strong> bzw. auf die Fragen, die du dir im Vorfeld stellen solltest.<\/p>\n\n\n\n<ol><li><sub><span style=\"color:#828282\" class=\"has-inline-color\">Wie weit im Voraus muss ich mich um verschiedene Dinge k\u00fcmmern (Familie finden, Visum beantragen, etc.)?<\/span><\/sub><\/li><li><sub><span style=\"color:#828282\" class=\"has-inline-color\">Wie lange m\u00f6chte ich \u00fcberhaupt weg bleiben? <\/span><\/sub><\/li><li><sub><span style=\"color:#828282\" class=\"has-inline-color\">Was sind die Vor- und Nachteile f\u00fcr einen k\u00fcrzeren\/l\u00e4ngeren Aufenthalt?<\/span><\/sub><\/li><li><sub><span style=\"color:#828282\" class=\"has-inline-color\">In was f\u00fcr eine Familie m\u00f6chte ich? Wie alt d\u00fcrfen die Kinder sein? \/\/ Traue ich mir zu auf ganz junge Kinder aufzupassen?<\/span><\/sub><\/li><li><sub><span style=\"color:#828282\" class=\"has-inline-color\">Das f\u00fcr Kinderbetreuungsnachweise brauche ich daf\u00fcr?<\/span><\/sub><\/li><li><sub><span style=\"color:#828282\" class=\"has-inline-color\">Welche Sprachnachweise brauche ich?<\/span><\/sub><\/li><li><sub><span style=\"color:#828282\" class=\"has-inline-color\">Wie finde ich eine Familie?<\/span><\/sub><\/li><li><sub><span style=\"color:#828282\" class=\"has-inline-color\">M\u00f6chte ich eine Agentur\/ Organisation nutzen oder nicht? (wenn ja empfehle ich euch AIFS)<\/span><\/sub><\/li><li><sub><span style=\"color:#828282\" class=\"has-inline-color\">Was f\u00fcr ein Visum brauche ich?<\/span><\/sub><\/li><li><sub><span style=\"color:#828282\" class=\"has-inline-color\">Wie finanziert sich mein Auslandsaufenthalt?<\/span><\/sub><\/li><\/ol>\n\n\n\n<p><\/p>\n","protected":false},"excerpt":{"rendered":"<p>JAAAA ICH WILL INS AUSLAND! &#8211; und nun? Als erstes solltest du dir Gedanken dar\u00fcber machen, wohin du eigentlich reisen m\u00f6chtest. Australien, Neuseeland oder doch in die USA? Vielleicht doch lieber in ein Land, in dem Spanisch gesprochen wird? &#8211; Du hast die Qual der Wahl! Um dir die Wahl etwas leichter zu machen, empfehle [&hellip;]<\/p>\n","protected":false},"author":5453,"featured_media":0,"parent":0,"menu_order":0,"comment_status":"closed","ping_status":"closed","template":"","meta":[],"_links":{"self":[{"href":"https:\/\/blogs.urz.uni-halle.de\/abinsausland\/wp-json\/wp\/v2\/pages\/5"}],"collection":[{"href":"https:\/\/blogs.urz.uni-halle.de\/abinsausland\/wp-json\/wp\/v2\/pages"}],"about":[{"href":"https:\/\/blogs.urz.uni-halle.de\/abinsausland\/wp-json\/wp\/v2\/types\/page"}],"author":[{"embeddable":true,"href":"https:\/\/blogs.urz.uni-halle.de\/abinsausland\/wp-json\/wp\/v2\/users\/5453"}],"replies":[{"embeddable":true,"href":"https:\/\/blogs.urz.uni-halle.de\/abinsausland\/wp-json\/wp\/v2\/comments?post=5"}],"version-history":[{"count":6,"href":"https:\/\/blogs.urz.uni-halle.de\/abinsausland\/wp-json\/wp\/v2\/pages\/5\/revisions"}],"predecessor-version":[{"id":71,"href":"https:\/\/blogs.urz.uni-halle.de\/abinsausland\/wp-json\/wp\/v2\/pages\/5\/revisions\/71"}],"wp:attachment":[{"href":"https:\/\/blogs.urz.uni-halle.de\/abinsausland\/wp-json\/wp\/v2\/media?parent=5"}],"curies":[{"name":"wp","href":"https:\/\/api.w.org\/{rel}","templated":true}]}}