{"id":9,"date":"2022-05-20T12:59:20","date_gmt":"2022-05-20T10:59:20","guid":{"rendered":"https:\/\/blogs.urz.uni-halle.de\/abinsausland\/?page_id=9"},"modified":"2022-07-12T00:17:04","modified_gmt":"2022-07-11T22:17:04","slug":"schritt-3-abreise","status":"publish","type":"page","link":"https:\/\/blogs.urz.uni-halle.de\/abinsausland\/schritt-3-abreise\/","title":{"rendered":"Schritt 3 &#8211; Abreise\/ Ankunft"},"content":{"rendered":"\n<p><strong>Abreise:<\/strong><\/p>\n\n\n\n<ol><li><strong>SERVICEDURCHSAGE:<\/strong> K\u00dcMMERT EUCH UM EURE DOKUMENTE!!! &#8211; Wenn euch drei Wochen vor Abflug einf\u00e4llt, dass euer Reisepass abgelaufen ist, gestaltet sich eine Auslandsreise sehr schwierig. <\/li><li><strong>Make sure you are vaccinated,<em> Honey!<\/em><\/strong> &#8211; vor allem in Zeiten von Corona ist das manchmal Voraussetzung um \u00fcberhaupt als AuPair arbeiten zu k\u00f6nnen. Aber nicht nur die Corona Impfung ist wichtig, es gibt auch Impfungen, die regionsabh\u00e4ngig sind. Deshalb informiert euch vorher, was f\u00fcr Impfungen ihr ben\u00f6tigt.<\/li><li><strong>versucht genug Schlaf vor eurer Abreise zu bekommen<\/strong> &#8211; Ich wei\u00df, alles ist aufregend und man zieht den Abend vorher doch noch das eine T-shirt wieder aus dem Rucksack und packt daf\u00fcr zwei andere ein. Doch wenn ihr entspannt und ausgeschlafen seid, gestaltet sich eine Flugreise (die meistens von N\u00f6ten ist) um einiges einfacher. Au\u00dferdem verpasst ihr sonst die ganzen Snacks, die es in der Regel auf Langstreckenfl\u00fcgen gibt, wenn ihr schlaft. Und wenn man schl\u00e4ft, dann kann man auch nicht vier Filme hintereinander gucken, ohne gejugded zu werden und wann kann man das schon?<\/li><li><strong>Packt euch Snacks und eine Trinkflasche ein<\/strong> &#8211; wenn man lange Overlays hat, spart ihr euch so 37\u20ac f\u00fcr eklige Flughafennudeln auszugeben.<\/li><li><strong>Legt euch den Abend vorher euer (bequemes!) Outfit zurecht und habt eure Sachen fertig gepackt.<\/strong> &#8211; Es gibt nichts schlimmeres als kurz vor der Abreise noch Sachen zusammen zu suchen.<\/li><\/ol>\n\n\n\n<figure class=\"wp-block-image size-large is-resized\"><img loading=\"lazy\" src=\"https:\/\/blogs.urz.uni-halle.de\/abinsausland\/files\/2022\/07\/pngwing.com_.png\" alt=\"\" class=\"wp-image-81\" width=\"203\" height=\"156\" srcset=\"https:\/\/blogs.urz.uni-halle.de\/abinsausland\/files\/2022\/07\/pngwing.com_.png 1000w, https:\/\/blogs.urz.uni-halle.de\/abinsausland\/files\/2022\/07\/pngwing.com_-300x231.png 300w, https:\/\/blogs.urz.uni-halle.de\/abinsausland\/files\/2022\/07\/pngwing.com_-768x591.png 768w\" sizes=\"(max-width: 203px) 100vw, 203px\" \/><\/figure>\n\n\n\n<p><strong>Ankunft:<\/strong><\/p>\n\n\n\n<ol><li><strong>Macht euch erstmal frisch &#8211;<\/strong> Z\u00e4hne putzen, Schminken\/Abschminken&#8230; so, dass ihr euch auf alle F\u00e4lle wohl f\u00fchlt und nicht wie ausgekotzt: denn je besser ihr euch f\u00fchlt, desto besser k\u00f6nnt ihr euch euer Familie auf Zeit vorstellen.<\/li><li><strong>Kauft euch, wenn es geht, direkt eine Sim-Karte am Flughafen &#8211; <\/strong>dann seid ihr n\u00e4mlich direkt gut aufgestellt was Erreichbarkeit angeht (egal ob f\u00fcr eure Host Family oder zuhause). <\/li><li><strong>Andererseits: packt eurer Handy erstmal zur Seite <\/strong>&#8211; denn ihr seid in einem ganz neuen Land, in einer neuen Umgebung! Wie aufregend! Lasst euch den ersten Eindruck nicht dadurch kaputt machen, dass ihr an euren Bildschirm klebt.<\/li><li><strong>Gebt euch Zeit anzukommen &#8211; <\/strong>keiner muss sich innerhalb einer Stunde assimilieren und komplett angekommen sein, es ist ganz normal, dass die Gef\u00fchle in einem verr\u00fcckt spielen.<\/li><li><strong>Habt keine Angst zu sprechen <\/strong>&#8211; auch wenn ihr die Sprache noch nicht perfekt k\u00f6nnt, die in euren Gastland gesprochen wird, macht sich niemand dar\u00fcber lustig.<em> Und<\/em>: learning by doing! <\/li><\/ol>\n\n\n\n<p><\/p>\n","protected":false},"excerpt":{"rendered":"<p>Abreise: SERVICEDURCHSAGE: K\u00dcMMERT EUCH UM EURE DOKUMENTE!!! &#8211; Wenn euch drei Wochen vor Abflug einf\u00e4llt, dass euer Reisepass abgelaufen ist, gestaltet sich eine Auslandsreise sehr schwierig. Make sure you are vaccinated, Honey! &#8211; vor allem in Zeiten von Corona ist das manchmal Voraussetzung um \u00fcberhaupt als AuPair arbeiten zu k\u00f6nnen. Aber nicht nur die Corona [&hellip;]<\/p>\n","protected":false},"author":5453,"featured_media":0,"parent":0,"menu_order":0,"comment_status":"closed","ping_status":"closed","template":"","meta":[],"_links":{"self":[{"href":"https:\/\/blogs.urz.uni-halle.de\/abinsausland\/wp-json\/wp\/v2\/pages\/9"}],"collection":[{"href":"https:\/\/blogs.urz.uni-halle.de\/abinsausland\/wp-json\/wp\/v2\/pages"}],"about":[{"href":"https:\/\/blogs.urz.uni-halle.de\/abinsausland\/wp-json\/wp\/v2\/types\/page"}],"author":[{"embeddable":true,"href":"https:\/\/blogs.urz.uni-halle.de\/abinsausland\/wp-json\/wp\/v2\/users\/5453"}],"replies":[{"embeddable":true,"href":"https:\/\/blogs.urz.uni-halle.de\/abinsausland\/wp-json\/wp\/v2\/comments?post=9"}],"version-history":[{"count":7,"href":"https:\/\/blogs.urz.uni-halle.de\/abinsausland\/wp-json\/wp\/v2\/pages\/9\/revisions"}],"predecessor-version":[{"id":88,"href":"https:\/\/blogs.urz.uni-halle.de\/abinsausland\/wp-json\/wp\/v2\/pages\/9\/revisions\/88"}],"wp:attachment":[{"href":"https:\/\/blogs.urz.uni-halle.de\/abinsausland\/wp-json\/wp\/v2\/media?parent=9"}],"curies":[{"name":"wp","href":"https:\/\/api.w.org\/{rel}","templated":true}]}}