{"id":16,"date":"2019-08-08T15:34:08","date_gmt":"2019-08-08T13:34:08","guid":{"rendered":"https:\/\/blogs.urz.uni-halle.de\/activeforfuture\/?page_id=16"},"modified":"2019-12-03T19:03:34","modified_gmt":"2019-12-03T18:03:34","slug":"actions","status":"publish","type":"page","link":"https:\/\/blogs.urz.uni-halle.de\/activeforfuture\/actions\/","title":{"rendered":"Anstehende Aktionen"},"content":{"rendered":"<div class=\"twoclick_social_bookmarks_post_16 social_share_privacy clearfix 1.6.4 locale-de_DE sprite-de_DE\"><\/div><div class=\"twoclick-js\"><script type=\"text\/javascript\">\/* <![CDATA[ *\/\njQuery(document).ready(function($){if($('.twoclick_social_bookmarks_post_16')){$('.twoclick_social_bookmarks_post_16').socialSharePrivacy({\"txt_help\":\"Wenn Sie diese Felder durch einen Klick aktivieren, werden Informationen an Facebook, Twitter, Flattr, Xing, t3n, LinkedIn, Pinterest oder Google eventuell ins Ausland \\u00fcbertragen und unter Umst\\u00e4nden auch dort gespeichert. N\\u00e4heres erfahren Sie durch einen Klick auf das <em>i<\\\/em>.\",\"settings_perma\":\"Dauerhaft aktivieren und Daten\\u00fcber-tragung zustimmen:\",\"info_link\":\"http:\\\/\\\/www.heise.de\\\/ct\\\/artikel\\\/2-Klicks-fuer-mehr-Datenschutz-1333879.html\",\"uri\":\"https:\\\/\\\/blogs.urz.uni-halle.de\\\/activeforfuture\\\/actions\\\/\",\"post_id\":16,\"post_title_referrer_track\":\"Anstehende+Aktionen\",\"display_infobox\":\"on\"});}});\n\/* ]]> *\/<\/script><\/div><h3><img loading=\"lazy\" class=\"alignnone size-medium wp-image-128\" src=\"https:\/\/blogs.urz.uni-halle.de\/activeforfuture\/files\/2019\/12\/photo_2019-12-02_14-18-18-300x300.jpg\" alt=\"\" width=\"300\" height=\"300\" srcset=\"https:\/\/blogs.urz.uni-halle.de\/activeforfuture\/files\/2019\/12\/photo_2019-12-02_14-18-18-300x300.jpg 300w, https:\/\/blogs.urz.uni-halle.de\/activeforfuture\/files\/2019\/12\/photo_2019-12-02_14-18-18-1024x1024.jpg 1024w, https:\/\/blogs.urz.uni-halle.de\/activeforfuture\/files\/2019\/12\/photo_2019-12-02_14-18-18-150x150.jpg 150w, https:\/\/blogs.urz.uni-halle.de\/activeforfuture\/files\/2019\/12\/photo_2019-12-02_14-18-18-768x768.jpg 768w, https:\/\/blogs.urz.uni-halle.de\/activeforfuture\/files\/2019\/12\/photo_2019-12-02_14-18-18-100x100.jpg 100w, https:\/\/blogs.urz.uni-halle.de\/activeforfuture\/files\/2019\/12\/photo_2019-12-02_14-18-18.jpg 1280w\" sizes=\"(max-width: 300px) 100vw, 300px\" \/><\/h3>\n<h3 class=\"p1\"><strong>*Klimaschutz \u2014 Mach\u2019s dir selbst*! \u267b\u2705? <br \/>\u00a0 im House of Music<\/strong><\/h3>\n<p class=\"p1\">ActiveForFuture l\u00e4dt dich und deine Freunde ein! Ein bunter Abend zum Aktiv sein und werden!<\/p>\n<p class=\"p1\">*Diese Welt muss sich ver\u00e4ndern und zwar drastisch&amp;schnell und daf\u00fcr braucht es DICH!*<\/p>\n<p class=\"p1\">Seit nun mehr als einem Jahr gehen wir w\u00f6chentlich auf die Stra\u00dfe, um Druck auf Politik und Wirtschaft auszu\u00fcben.<\/p>\n<p class=\"p1\">Wir werden lauter.<\/p>\n<p class=\"p1\">Und wir werden mehr.<\/p>\n<p class=\"p1\">Und dennoch: Ver\u00e4ndern tut sich VIEL zu wenig.<\/p>\n<p class=\"p1\">Deshalb laden wir Dich zum *House of Music (RAW Gel\u00e4nde) am 07.12*. ein, wo du lernst, wie Du hier und jetzt Ver\u00e4nderung schaffst, indem du deine eigene nachhaltige Aktion auf die Beine stellst.<\/p>\n<p class=\"p1\">Dich nervt, dass dein Lieblingsrestaurant oder deine Uni-\/Schulmensa immer noch Plastik im \u00dcberfluss benutzt? Oder du wolltest schon immer mal deine eigene Demo auf die Beine stellen, wei\u00dft aber nicht von welchem Geld?<\/p>\n<p class=\"p1\">*Wir zeigen dir wie\u2019s geht!*<\/p>\n<p class=\"p1\">Komm zu unserem Event und em*POWER* dich. ?<\/p>\n<p class=\"p1\">Lerne von Menschen, die mit unserer Hilfe ihre eigenen Aktionen auf die Beine gestellt haben und bring in Erfahrung wie du ab sofort selbst <span class=\"s1\">#activeforfuture<\/span> sein kannst, z.B mit einer F\u00f6rderung von der StarkGemacht &#8211; Stiftung oder mit Expertise der BUNDjugend Berlin.<\/p>\n<p class=\"p1\">Neben Beitr\u00e4gen rundum erfolgreichem Empowerment gibt es Livemusik, Kleidertausch bei Techno und kostenfreiem veganen Essen plus Freitgetr\u00e4nken. ???<\/p>\n<p class=\"p1\">\u201eYou can, you should, and if you\u2019re brave enough to start, you will.\u201c \u2014 Stephen King, On Writing: A Memoir of the Craft.<\/p>\n<p class=\"p1\"><strong>*Wann?*<\/strong><\/p>\n<p class=\"p1\">Samstag, 07.12.2019; 16:00-20:00 Uhr<\/p>\n<p class=\"p1\"><strong>*Wo?*<\/strong><\/p>\n<p class=\"p1\">House of Music, RAW Gel\u00e4nde (Revaler Stra\u00dfe 99, 10245 Berlin)<\/p>\n<p class=\"p1\"><strong>*Preis?*<\/strong><\/p>\n<p class=\"p1\">Kostenlos !!<\/p>\n<p class=\"p1\"><strong>*P.S:*<\/strong> <br \/>Vergiss nicht 2-3 Teile mit zum Kleidertausch mitzubringen, denn bei uns hei\u00dft <span class=\"s1\">#activeforfuture<\/span> sein: Tauschrausch statt Kaufrausch! ?<\/p>\n\n\n<p><\/p>\n","protected":false},"excerpt":{"rendered":"<p>*Klimaschutz \u2014 Mach\u2019s dir selbst*! \u267b\u2705? \u00a0 im House of Music ActiveForFuture l\u00e4dt dich und deine Freunde ein! Ein bunter Abend zum Aktiv sein und werden! *Diese Welt muss sich ver\u00e4ndern und zwar drastisch&amp;schnell und daf\u00fcr braucht es DICH!* Seit nun mehr als einem Jahr gehen wir w\u00f6chentlich auf die Stra\u00dfe, um Druck auf Politik &hellip; <\/p>\n<p class=\"link-more\"><a href=\"https:\/\/blogs.urz.uni-halle.de\/activeforfuture\/actions\/\" class=\"more-link\"><span class=\"screen-reader-text\">\u201eAnstehende Aktionen\u201c<\/span> weiterlesen<\/a><\/p>\n","protected":false},"author":3875,"featured_media":0,"parent":0,"menu_order":0,"comment_status":"closed","ping_status":"closed","template":"","meta":[],"_links":{"self":[{"href":"https:\/\/blogs.urz.uni-halle.de\/activeforfuture\/wp-json\/wp\/v2\/pages\/16"}],"collection":[{"href":"https:\/\/blogs.urz.uni-halle.de\/activeforfuture\/wp-json\/wp\/v2\/pages"}],"about":[{"href":"https:\/\/blogs.urz.uni-halle.de\/activeforfuture\/wp-json\/wp\/v2\/types\/page"}],"author":[{"embeddable":true,"href":"https:\/\/blogs.urz.uni-halle.de\/activeforfuture\/wp-json\/wp\/v2\/users\/3875"}],"replies":[{"embeddable":true,"href":"https:\/\/blogs.urz.uni-halle.de\/activeforfuture\/wp-json\/wp\/v2\/comments?post=16"}],"version-history":[{"count":5,"href":"https:\/\/blogs.urz.uni-halle.de\/activeforfuture\/wp-json\/wp\/v2\/pages\/16\/revisions"}],"predecessor-version":[{"id":129,"href":"https:\/\/blogs.urz.uni-halle.de\/activeforfuture\/wp-json\/wp\/v2\/pages\/16\/revisions\/129"}],"wp:attachment":[{"href":"https:\/\/blogs.urz.uni-halle.de\/activeforfuture\/wp-json\/wp\/v2\/media?parent=16"}],"curies":[{"name":"wp","href":"https:\/\/api.w.org\/{rel}","templated":true}]}}