{"id":2,"date":"2019-08-08T14:19:08","date_gmt":"2019-08-08T12:19:08","guid":{"rendered":"https:\/\/blogs.urz.uni-halle.de\/activeforfuture\/?page_id=2"},"modified":"2020-03-06T11:45:03","modified_gmt":"2020-03-06T10:45:03","slug":"beispiel-seite","status":"publish","type":"page","link":"https:\/\/blogs.urz.uni-halle.de\/activeforfuture\/","title":{"rendered":"Wer wir sind"},"content":{"rendered":"<div class=\"twoclick_social_bookmarks_post_2 social_share_privacy clearfix 1.6.4 locale-de_DE sprite-de_DE\"><\/div><div class=\"twoclick-js\"><script type=\"text\/javascript\">\/* <![CDATA[ *\/\njQuery(document).ready(function($){if($('.twoclick_social_bookmarks_post_2')){$('.twoclick_social_bookmarks_post_2').socialSharePrivacy({\"txt_help\":\"Wenn Sie diese Felder durch einen Klick aktivieren, werden Informationen an Facebook, Twitter, Flattr, Xing, t3n, LinkedIn, Pinterest oder Google eventuell ins Ausland \\u00fcbertragen und unter Umst\\u00e4nden auch dort gespeichert. N\\u00e4heres erfahren Sie durch einen Klick auf das <em>i<\\\/em>.\",\"settings_perma\":\"Dauerhaft aktivieren und Daten\\u00fcber-tragung zustimmen:\",\"info_link\":\"http:\\\/\\\/www.heise.de\\\/ct\\\/artikel\\\/2-Klicks-fuer-mehr-Datenschutz-1333879.html\",\"uri\":\"https:\\\/\\\/blogs.urz.uni-halle.de\\\/activeforfuture\\\/\",\"post_id\":2,\"post_title_referrer_track\":\"Wer+wir+sind\",\"display_infobox\":\"on\"});}});\n\/* ]]> *\/<\/script><\/div><p><img loading=\"lazy\" class=\"alignnone size-medium wp-image-135\" src=\"https:\/\/blogs.urz.uni-halle.de\/activeforfuture\/files\/2019\/12\/AFF-300x225.jpeg\" alt=\"\" width=\"300\" height=\"225\" srcset=\"https:\/\/blogs.urz.uni-halle.de\/activeforfuture\/files\/2019\/12\/AFF-300x225.jpeg 300w, https:\/\/blogs.urz.uni-halle.de\/activeforfuture\/files\/2019\/12\/AFF-1024x768.jpeg 1024w, https:\/\/blogs.urz.uni-halle.de\/activeforfuture\/files\/2019\/12\/AFF-768x576.jpeg 768w, https:\/\/blogs.urz.uni-halle.de\/activeforfuture\/files\/2019\/12\/AFF-1536x1152.jpeg 1536w, https:\/\/blogs.urz.uni-halle.de\/activeforfuture\/files\/2019\/12\/AFF-2048x1536.jpeg 2048w\" sizes=\"(max-width: 300px) 100vw, 300px\" \/><\/p>\n<p><strong><em>Hi!<\/em><\/strong><br><strong><em>Wir sind activeforfuture. F\u00fcr uns bedeutet das, die aktuelle Bewegung, f\u00fcr welche Menschen \u00fcberall auf der Welt auf die Stra\u00dfe gehen und f\u00fcr einen nachhaltigen Umgang mit unserem Planeten einstehen, zu erg\u00e4nzen mit Aktionen, die einen direkten, nachhaltigen Effekt auf Mensch und\/oder Natur haben.<\/em><\/strong><br><strong><em>Wir sind \u00fcberzeugt, dass es einerseits Ver\u00e4nderungen in Politik und Wirtschaft ben\u00f6tigt. Andererseits jedoch, sehen wir die allergr\u00f6\u00dfte Kraft im Empowerment von uns, den Individuen, aus denen unsere Gesellschaft besteht.<\/em><\/strong><\/p>\n<p><strong><em>WIR sind diejenigen, die jeden Tag entscheiden, wo wir welche Produkte kaufen, was wir essen, wie wir reisen und wen wir w\u00e4hlen!<\/em><\/strong><br><strong><em>WIR sind diejenigen, die entscheiden wie die Zukunft aussieht!<\/em><\/strong><br><strong><em>WIR sind diejenigen, die die POWER haben, zu einer nachhaltigen Gesellschaft zu werden.<\/em><\/strong><\/p>\n<p><strong><em>Die Zeit ist um. Lasst uns activeforfuture werden. Hier und Jetzt.&nbsp;<\/em><\/strong><\/p>\n<p>* * * * * * * * * * * * * * * * * * * * * * * * * * * * * * * * * * * * * * * * * * * * * * * * * * * * * * * * * * * * * * * * * * *&nbsp;<\/p>\n<p><strong><em>Hi!<\/em><\/strong><br><strong><em>We are activeforfuture. To us, that means to enrich the current movement of people all over the world going on the streets and fighting for the rights of our planet, by actions, which have a direct, sustainable effect on people and\/or nature.<\/em><\/strong><br><strong><em>We are convinced that, on the one hand it needs changes in our politics and in our economy. On the other hand though, the biggest power lies within the empowerment of our societies&#8216; individuals:<\/em><\/strong><\/p>\n<p><strong><em>WE are the ones, who decide every day where&nbsp;we buy our products, what we eat, how we travel, who we vote!<\/em><\/strong><br><strong><em>WE&nbsp;are the ones, who decide what the future will be like!<\/em><\/strong><br><strong><em>WE are the ones, who have the POWER to become a sustainable society!<\/em><\/strong><\/p>\n<p><strong><em>Time. Is. Up! Let&#8217;s become activeforfuture. Right Here. Right Now.<\/em><\/strong><\/p>\n<p><\/p>\n\n\n<figure class=\"wp-block-image size-large is-resized\"><img loading=\"lazy\" src=\"https:\/\/blogs.urz.uni-halle.de\/activeforfuture\/files\/2019\/11\/IMG_5842_preview.jpeg\" alt=\"\" class=\"wp-image-90\" width=\"258\" height=\"344\" srcset=\"https:\/\/blogs.urz.uni-halle.de\/activeforfuture\/files\/2019\/11\/IMG_5842_preview.jpeg 384w, https:\/\/blogs.urz.uni-halle.de\/activeforfuture\/files\/2019\/11\/IMG_5842_preview-225x300.jpeg 225w\" sizes=\"(max-width: 258px) 100vw, 258px\" \/><figcaption> Ich bin Clara, 23 Jahre alt und studiere Geographie an der  Humboldt-Universit\u00e4t Berlin. Zu AFF bin ich gekommen, weil es mir nicht  ausreicht nur zu demonstrieren und zu warten bis in der Politik endlich  etwas f\u00fcr den Klimaschutz getan wird. Ich bin der Meinung, dass jede*r  einzelne von uns in seinem Leben mit kleinen Dingen schon etwas bewirken  und ver\u00e4ndern kann. Also lasst uns zusammen etwas bewegen, um eine  nachhaltigere Zukunft zu erreichen! <\/figcaption><\/figure>\n\n\n\n<figure class=\"wp-block-image size-large is-resized\"><img loading=\"lazy\" src=\"https:\/\/blogs.urz.uni-halle.de\/activeforfuture\/files\/2019\/11\/photo_2019-11-26_23-41-52.jpg\" alt=\"\" class=\"wp-image-84\" width=\"256\" height=\"341\" srcset=\"https:\/\/blogs.urz.uni-halle.de\/activeforfuture\/files\/2019\/11\/photo_2019-11-26_23-41-52.jpg 750w, https:\/\/blogs.urz.uni-halle.de\/activeforfuture\/files\/2019\/11\/photo_2019-11-26_23-41-52-225x300.jpg 225w\" sizes=\"(max-width: 256px) 100vw, 256px\" \/><figcaption> Ich bin Pedro, 26 Jahre alt und Musiker. Ich bin bei AFF weil ich  glaube, dass wir als Individuen etwas konkretes und positives f\u00fcr den  Umweltschutz machen k\u00f6nnen. Demonstrieren reicht nicht und wir wollen  unsere Gesellschaft gemeinsam verbessern. Meine Lieblingsaktion ist der  Kleidertausch und meine Wohnung ist zu 90% mit gebrauchten Sachen  eingerichtet.  Das hat mir viel Spa\u00df gemacht und ist activeforfuture! <\/figcaption><\/figure>\n\n\n\n<figure class=\"wp-block-image size-large is-resized\"><img loading=\"lazy\" src=\"https:\/\/blogs.urz.uni-halle.de\/activeforfuture\/files\/2019\/12\/Sophie-2.jpeg\" alt=\"\" class=\"wp-image-104\" width=\"258\" height=\"344\" srcset=\"https:\/\/blogs.urz.uni-halle.de\/activeforfuture\/files\/2019\/12\/Sophie-2.jpeg 384w, https:\/\/blogs.urz.uni-halle.de\/activeforfuture\/files\/2019\/12\/Sophie-2-225x300.jpeg 225w\" sizes=\"(max-width: 258px) 100vw, 258px\" \/><figcaption> <br>Ich bin Sophie, 23 Jahre alt und  studiere Geographie an der HU Berlin. Ich bin fest davon \u00fcberzeugt, dass  es neben dem Fordern von Ver\u00e4nderungen auf politischer und  wirtschaftlicher Ebene das EmPOWERment von jedem\/r von uns braucht,  damit wir gemeinsam zu der nachhaltigen Gesellschaft werden, die dieser  Planet vertr\u00e4gt. Ich bin bei AFF, weil es f\u00fcr mich nichts Sch\u00f6neres wie  Sinnvolleres gibt als gemeinsam mit anderen bei uns selbst anzufangen  und diese Welt HIER und JETZT zu ver\u00e4ndern.  <\/figcaption><\/figure>\n\n\n\n<figure class=\"wp-block-image is-resized\"><img loading=\"lazy\" src=\"https:\/\/blogs.urz.uni-halle.de\/activeforfuture\/files\/2019\/11\/Portraitfoto_Aaron-scaled.jpg\" alt=\"Aaron\" class=\"wp-image-72\" width=\"255\" height=\"339\" srcset=\"https:\/\/blogs.urz.uni-halle.de\/activeforfuture\/files\/2019\/11\/Portraitfoto_Aaron-scaled.jpg 1920w, https:\/\/blogs.urz.uni-halle.de\/activeforfuture\/files\/2019\/11\/Portraitfoto_Aaron-225x300.jpg 225w, https:\/\/blogs.urz.uni-halle.de\/activeforfuture\/files\/2019\/11\/Portraitfoto_Aaron-768x1024.jpg 768w, https:\/\/blogs.urz.uni-halle.de\/activeforfuture\/files\/2019\/11\/Portraitfoto_Aaron-1152x1536.jpg 1152w, https:\/\/blogs.urz.uni-halle.de\/activeforfuture\/files\/2019\/11\/Portraitfoto_Aaron-1536x2048.jpg 1536w\" sizes=\"(max-width: 255px) 100vw, 255px\" \/><figcaption> Ich bin Aaron, 19 Jahre alt und studiere seit kurzem Jura an der HU  Berlin. Da ich glaube, dass aktiver Klimaschutz von uns allen, jenseits  der politischen Ebene, betrieben werden muss, bin ich bei AFF genau  richtig. Ich liebe alles, wodurch Berlin bunt(er) wird, egal ob  Seed-Bombings oder Protest Picknicks. Lasst uns die Welt in ganz kleinen  Schritten gerechter machen! <\/figcaption><\/figure>\n\n\n\n<figure class=\"wp-block-image size-large is-resized\"><img loading=\"lazy\" src=\"https:\/\/blogs.urz.uni-halle.de\/activeforfuture\/files\/2019\/12\/Luisa-1.jpg\" alt=\"\" class=\"wp-image-140\" width=\"258\" height=\"344\" srcset=\"https:\/\/blogs.urz.uni-halle.de\/activeforfuture\/files\/2019\/12\/Luisa-1.jpg 750w, https:\/\/blogs.urz.uni-halle.de\/activeforfuture\/files\/2019\/12\/Luisa-1-225x300.jpg 225w\" sizes=\"(max-width: 258px) 100vw, 258px\" \/><figcaption>Ich bin Luisa, 21 Jahre alt und studiere Geographie. Ich bin activeforfuture geworden, weil man eine bewusste und nachhaltige Lebensweise ganz einfach in den Alltag einbauen kann und ich mit activeforfuture mein Umfeld ebenfalls dazu motivieren m\u00f6chte. Einfach mal sich an die eigene Nase fassen und aktiv werden, anstatt zu warten, dass andere was \u00e4ndern. Mir pers\u00f6nlich bringen Projekte wie Kleidertausch am meisten Spa\u00df.<\/figcaption><\/figure>\n\n\n\n<figure class=\"wp-block-image size-large is-resized\"><img loading=\"lazy\" src=\"https:\/\/blogs.urz.uni-halle.de\/activeforfuture\/files\/2019\/12\/Tobi-3-768x1024.jpeg\" alt=\"\" class=\"wp-image-141\" width=\"258\" height=\"344\" srcset=\"https:\/\/blogs.urz.uni-halle.de\/activeforfuture\/files\/2019\/12\/Tobi-3-768x1024.jpeg 768w, https:\/\/blogs.urz.uni-halle.de\/activeforfuture\/files\/2019\/12\/Tobi-3-225x300.jpeg 225w, https:\/\/blogs.urz.uni-halle.de\/activeforfuture\/files\/2019\/12\/Tobi-3-1152x1536.jpeg 1152w, https:\/\/blogs.urz.uni-halle.de\/activeforfuture\/files\/2019\/12\/Tobi-3-1536x2048.jpeg 1536w, https:\/\/blogs.urz.uni-halle.de\/activeforfuture\/files\/2019\/12\/Tobi-3-scaled.jpeg 1920w\" sizes=\"(max-width: 258px) 100vw, 258px\" \/><figcaption>Tach, Tobi mein Name, 22 Jahre jung. Ich studiere Geographie an der HU in Berlin und bin in der Bergsteiger- Kletterszene.<br> Warum ich bei AFF bin? Ich will UNS emPOWER\u2018n das zu sch\u00fctzen, was wieder sch\u00fctzenswert gemacht werden muss &#8211; Mutter Natur.<br> Ich bin sauer, dass sich Mensch und Natur wegen fataler Klimapolitik und Egoismus so weit voneinander entfernt haben und will uns wieder vereinen.<br> Schluss mit Verboten. Los mit Aktionen. Wir alle m\u00fcssen einfach anfangen zu MACHEN und uns nicht von irgendwelchen gesellschaftlichen Konventionen davon abbringen lassen. AFF gibt einem genau die Plattform, das zu tun. Und genau deswegen bin ich Teil von AFF !<\/figcaption><\/figure>\n\n\n\n<figure class=\"wp-block-image size-large is-resized\"><img loading=\"lazy\" src=\"https:\/\/blogs.urz.uni-halle.de\/activeforfuture\/files\/2020\/03\/Pavel-768x1024.jpeg\" alt=\"\" class=\"wp-image-158\" width=\"247\" height=\"331\" \/><figcaption>Ich bin Pavel, 19 Jahre alt und mache gerade mein Abi. Ich bin bei AFF weil ich glaube, dass es einen Umbruch im \u00f6ffentlichen Denken geben muss, damit die Politik bessere Arbeit leistet. Meine Lieblingsaktionen waren unsere Picknicks, die wir innerhalb 2 wochen gewuppt haben.<\/figcaption><\/figure>\n","protected":false},"excerpt":{"rendered":"<p>Hi!Wir sind activeforfuture. F\u00fcr uns bedeutet das, die aktuelle Bewegung, f\u00fcr welche Menschen \u00fcberall auf der Welt auf die Stra\u00dfe gehen und f\u00fcr einen nachhaltigen Umgang mit unserem Planeten einstehen, zu erg\u00e4nzen mit Aktionen, die einen direkten, nachhaltigen Effekt auf Mensch und\/oder Natur haben.Wir sind \u00fcberzeugt, dass es einerseits Ver\u00e4nderungen in Politik und Wirtschaft ben\u00f6tigt. &hellip; <\/p>\n<p class=\"link-more\"><a href=\"https:\/\/blogs.urz.uni-halle.de\/activeforfuture\/\" class=\"more-link\"><span class=\"screen-reader-text\">\u201eWer wir sind\u201c<\/span> weiterlesen<\/a><\/p>\n","protected":false},"author":3875,"featured_media":0,"parent":0,"menu_order":0,"comment_status":"closed","ping_status":"open","template":"","meta":[],"_links":{"self":[{"href":"https:\/\/blogs.urz.uni-halle.de\/activeforfuture\/wp-json\/wp\/v2\/pages\/2"}],"collection":[{"href":"https:\/\/blogs.urz.uni-halle.de\/activeforfuture\/wp-json\/wp\/v2\/pages"}],"about":[{"href":"https:\/\/blogs.urz.uni-halle.de\/activeforfuture\/wp-json\/wp\/v2\/types\/page"}],"author":[{"embeddable":true,"href":"https:\/\/blogs.urz.uni-halle.de\/activeforfuture\/wp-json\/wp\/v2\/users\/3875"}],"replies":[{"embeddable":true,"href":"https:\/\/blogs.urz.uni-halle.de\/activeforfuture\/wp-json\/wp\/v2\/comments?post=2"}],"version-history":[{"count":10,"href":"https:\/\/blogs.urz.uni-halle.de\/activeforfuture\/wp-json\/wp\/v2\/pages\/2\/revisions"}],"predecessor-version":[{"id":160,"href":"https:\/\/blogs.urz.uni-halle.de\/activeforfuture\/wp-json\/wp\/v2\/pages\/2\/revisions\/160"}],"wp:attachment":[{"href":"https:\/\/blogs.urz.uni-halle.de\/activeforfuture\/wp-json\/wp\/v2\/media?parent=2"}],"curies":[{"name":"wp","href":"https:\/\/api.w.org\/{rel}","templated":true}]}}