{"id":37,"date":"2022-09-30T08:50:52","date_gmt":"2022-09-30T06:50:52","guid":{"rendered":"https:\/\/blogs.urz.uni-halle.de\/agschattat\/?page_id=37"},"modified":"2023-06-06T11:01:42","modified_gmt":"2023-06-06T09:01:42","slug":"vorlesung-allgemeine-botanik","status":"publish","type":"page","link":"https:\/\/blogs.urz.uni-halle.de\/agschattat\/vorlesung-allgemeine-botanik\/","title":{"rendered":"Vorlesung"},"content":{"rendered":"\n<p>Willkommen bei der Allgemeinen Botanik.<\/p>\n\n\n\n<p>Die Allgemeine Botanik besch\u00e4ftigt sich mit dem Aufbau des Pflanzlichen Lebens und f\u00fchrt die Studierenden in den ersten Semestern an die Thematik der Pflanzenwissenschaften heran. Wenn Sie Biologie, Lehramt Biologie, Bioinformatik, Biochemie oder Lebensmittelchemie studieren, werden Sie Allgemeine Botanik auf Ihrem Lehrplan finden.<\/p>\n\n\n\n<p><strong>3 SWS<\/strong> &#8211; Die Vorlesung umfasst f\u00fcr Lebensmittelchemie, Lehramt Biologie und Biologie 3 Semesterwochenstunden. Dies bedeutet, dass die Veranstaltung pro Vorlesungswoche aus 3 x 45min Einheiten besteht.<\/p>\n\n\n\n<p><strong>WS<\/strong> &#8211; Im Wintersemester findet die Veranstaltung <strong>Freitags<\/strong> von <strong>14:00 bis 17:00<\/strong> statt. Grund hierf\u00fcr ist, dass die die Stundenpl\u00e4ne der <strong>Bioinformatik, Biochmie, Lebensmittelchemie und Lehramt Biologie<\/strong> Studierenden nur eine gemeinsame &#8222;L\u00fccke&#8220; f\u00fcr eine gemeinsame Vorlesung haben und diese ist eben am Freitagnachmittag. Aber was gibt es denn sch\u00f6neres als die Woche mit Allgemeiner Botanik ausklingen zu lassen? Wenn Sie mir nicht glauben, dann versuchen Sie einfach zur Vorlesung zukommen.<\/p>\n","protected":false},"excerpt":{"rendered":"<p>Willkommen bei der Allgemeinen Botanik. Die Allgemeine Botanik besch\u00e4ftigt sich mit dem Aufbau des Pflanzlichen Lebens und f\u00fchrt die Studierenden in den ersten Semestern an die Thematik der Pflanzenwissenschaften heran. Wenn Sie Biologie, Lehramt Biologie, Bioinformatik, Biochemie oder Lebensmittelchemie studieren, werden Sie Allgemeine Botanik auf Ihrem Lehrplan finden. 3 SWS &#8211; Die Vorlesung umfasst f\u00fcr [&hellip;]<\/p>\n","protected":false},"author":5520,"featured_media":0,"parent":0,"menu_order":0,"comment_status":"closed","ping_status":"closed","template":"","meta":[],"_links":{"self":[{"href":"https:\/\/blogs.urz.uni-halle.de\/agschattat\/wp-json\/wp\/v2\/pages\/37"}],"collection":[{"href":"https:\/\/blogs.urz.uni-halle.de\/agschattat\/wp-json\/wp\/v2\/pages"}],"about":[{"href":"https:\/\/blogs.urz.uni-halle.de\/agschattat\/wp-json\/wp\/v2\/types\/page"}],"author":[{"embeddable":true,"href":"https:\/\/blogs.urz.uni-halle.de\/agschattat\/wp-json\/wp\/v2\/users\/5520"}],"replies":[{"embeddable":true,"href":"https:\/\/blogs.urz.uni-halle.de\/agschattat\/wp-json\/wp\/v2\/comments?post=37"}],"version-history":[{"count":3,"href":"https:\/\/blogs.urz.uni-halle.de\/agschattat\/wp-json\/wp\/v2\/pages\/37\/revisions"}],"predecessor-version":[{"id":79,"href":"https:\/\/blogs.urz.uni-halle.de\/agschattat\/wp-json\/wp\/v2\/pages\/37\/revisions\/79"}],"wp:attachment":[{"href":"https:\/\/blogs.urz.uni-halle.de\/agschattat\/wp-json\/wp\/v2\/media?parent=37"}],"curies":[{"name":"wp","href":"https:\/\/api.w.org\/{rel}","templated":true}]}}