{"id":7,"date":"2023-07-20T11:24:35","date_gmt":"2023-07-20T09:24:35","guid":{"rendered":"https:\/\/blogs.urz.uni-halle.de\/anmeldungen\/?page_id=7"},"modified":"2023-07-26T12:54:43","modified_gmt":"2023-07-26T10:54:43","slug":"jubilaeum-brueckner-zentrum","status":"publish","type":"page","link":"https:\/\/blogs.urz.uni-halle.de\/anmeldungen\/jubilaeum-brueckner-zentrum\/","title":{"rendered":"Anmeldung"},"content":{"rendered":"\n<h2>Blickrichtungen im Dialog &#8211; 10 Jahre Aleksander-Br\u00fcckner-Zentrum f\u00fcr Polenstudien<\/h2>\n\n\n\n<p>Datum: 13.-15.09.2023<br>Ort: Halle\/Jena<\/p>\n\n\n\n<p>F\u00fcr eventuelle Nachfragen k\u00f6nnen Sie sich gerne an Iwona Dadej (<a href=\"mailto:iwona.dadej@geschichte.uni-halle.de\">iwona.dadej@geschichte.uni-halle.de<\/a>) oder Anja Sips (<a href=\"mailto:anja.sips@geschichte.uni-halle.de\">anja.sips@geschichte.uni-halle.de<\/a>) wenden.<\/p>\n\n\n<div role=\"form\" class=\"wpcf7\" id=\"wpcf7-f6-o1\" lang=\"de-DE\" dir=\"ltr\">\n<div class=\"screen-reader-response\"><p role=\"status\" aria-live=\"polite\" aria-atomic=\"true\"><\/p> <ul><\/ul><\/div>\n<form action=\"\/anmeldungen\/wp-json\/wp\/v2\/pages\/7#wpcf7-f6-o1\" method=\"post\" class=\"wpcf7-form init\" novalidate=\"novalidate\" data-status=\"init\">\n<div style=\"display: none;\">\n<input type=\"hidden\" name=\"_wpcf7\" value=\"6\" \/>\n<input type=\"hidden\" name=\"_wpcf7_version\" value=\"5.3.2\" \/>\n<input type=\"hidden\" name=\"_wpcf7_locale\" value=\"de_DE\" \/>\n<input type=\"hidden\" name=\"_wpcf7_unit_tag\" value=\"wpcf7-f6-o1\" \/>\n<input type=\"hidden\" name=\"_wpcf7_container_post\" value=\"0\" \/>\n<input type=\"hidden\" name=\"_wpcf7_posted_data_hash\" value=\"\" \/>\n<input type=\"hidden\" name=\"_wpcf7dtx_version\" value=\"5.0.4\" \/>\n<input type=\"hidden\" name=\"_wpcf7cf_hidden_group_fields\" value=\"[]\" \/>\n<input type=\"hidden\" name=\"_wpcf7cf_hidden_groups\" value=\"[]\" \/>\n<input type=\"hidden\" name=\"_wpcf7cf_visible_groups\" value=\"[]\" \/>\n<input type=\"hidden\" name=\"_wpcf7cf_repeaters\" value=\"[]\" \/>\n<input type=\"hidden\" name=\"_wpcf7cf_steps\" value=\"{}\" \/>\n<input type=\"hidden\" name=\"_wpcf7cf_options\" value=\"{&quot;form_id&quot;:6,&quot;conditions&quot;:[],&quot;settings&quot;:{&quot;animation&quot;:&quot;yes&quot;,&quot;animation_intime&quot;:200,&quot;animation_outtime&quot;:200,&quot;conditions_ui&quot;:&quot;normal&quot;,&quot;notice_dismissed&quot;:false}}\" \/>\n<\/div>\n<hr>\n<div class=\"sep\">\n<div style=\"display:flex; gap:10px; margin-top: 1em; flex-wrap: wrap;\"><label> Vorname*<br \/>\n    <span class=\"wpcf7-form-control-wrap vorname\"><input type=\"text\" name=\"vorname\" value=\"\" size=\"40\" class=\"wpcf7-form-control wpcf7-text wpcf7-validates-as-required\" aria-required=\"true\" aria-invalid=\"false\" \/><\/span> <\/label><\/p>\n<p><label> Nachname*<br \/>\n    <span class=\"wpcf7-form-control-wrap nachname\"><input type=\"text\" name=\"nachname\" value=\"\" size=\"40\" class=\"wpcf7-form-control wpcf7-text wpcf7-validates-as-required\" aria-required=\"true\" aria-invalid=\"false\" \/><\/span> <\/label>\n<\/div>\n<p><label> Institution<br \/>\n    <span class=\"wpcf7-form-control-wrap instutution\"><input type=\"text\" name=\"instutution\" value=\"\" size=\"40\" class=\"wpcf7-form-control wpcf7-text\" aria-invalid=\"false\" \/><\/span> <\/label><\/p>\n<p><label> E-Mail*<br \/>\n<span class=\"wpcf7-form-control-wrap your-email\"><input type=\"email\" name=\"your-email\" value=\"\" size=\"40\" class=\"wpcf7-form-control wpcf7-text wpcf7-email wpcf7-validates-as-required wpcf7-validates-as-email\" aria-required=\"true\" aria-invalid=\"false\" \/><\/span> <\/label><\/p>\n<h2>Teilnahme an folgenden Veranstaltungen<\/h2>\n<h3>13. September 2023 &#10072; Halle<\/h3>\n<div class=\"checktn\"><span class=\"wpcf7-form-control-wrap tn1309-1\"><span class=\"wpcf7-form-control wpcf7-checkbox\"><span class=\"wpcf7-list-item first last\"><label><input type=\"checkbox\" name=\"tn1309-1[]\" value=\"15:30 Uhr &#10072; Vernissage der Ausstellung &quot;Theater machen in Kattowitz-Katowice, 1907\u20131945&quot;\" \/><span class=\"wpcf7-list-item-label\">15:30 Uhr &#10072; Vernissage der Ausstellung &quot;Theater machen in Kattowitz-Katowice, 1907\u20131945&quot;<\/span><\/label><\/span><\/span><\/span><\/div>\n<div class=\"checktn\"><span class=\"wpcf7-form-control-wrap tn1309-2\"><span class=\"wpcf7-form-control wpcf7-checkbox\"><span class=\"wpcf7-list-item first last\"><label><input type=\"checkbox\" name=\"tn1309-2[]\" value=\"17:30 Uhr &#10072; Er\u00f6ffung des Jubil\u00e4ums mit Festvortrag und Empfang\" \/><span class=\"wpcf7-list-item-label\">17:30 Uhr &#10072; Er\u00f6ffung des Jubil\u00e4ums mit Festvortrag und Empfang<\/span><\/label><\/span><\/span><\/span><\/div>\n<h3>14. September 2023 &#10072; Halle<\/h3>\n<div class=\"checktn\"><span class=\"wpcf7-form-control-wrap tn1409-1\"><span class=\"wpcf7-form-control wpcf7-checkbox\"><span class=\"wpcf7-list-item first last\"><label><input type=\"checkbox\" name=\"tn1409-1[]\" value=\"9:00-13:00 Uhr &#10072; Symposion &quot;Umstrittene Konzepte: Polen transnational, verflochten, (post)kolonial&quot;\" \/><span class=\"wpcf7-list-item-label\">9:00-13:00 Uhr &#10072; Symposion &quot;Umstrittene Konzepte: Polen transnational, verflochten, (post)kolonial&quot;<\/span><\/label><\/span><\/span><\/span><\/div>\n<div class=\"checktn\"><span class=\"wpcf7-form-control-wrap tn1409-2\"><span class=\"wpcf7-form-control wpcf7-checkbox\"><span class=\"wpcf7-list-item first last\"><label><input type=\"checkbox\" name=\"tn1409-2[]\" value=\"14:30 &#10072; Bus-Transfer nach Jena gew\u00fcnscht?\" \/><span class=\"wpcf7-list-item-label\">14:30 &#10072; Bus-Transfer nach Jena gew\u00fcnscht?<\/span><\/label><\/span><\/span><\/span><\/div>\n<h3>14. September 2023 &#10072; Jena<\/h3>\n<div class=\"checktn\"><span class=\"wpcf7-form-control-wrap tn1409-3\"><span class=\"wpcf7-form-control wpcf7-checkbox\"><span class=\"wpcf7-list-item first last\"><label><input type=\"checkbox\" name=\"tn1409-3[]\" value=\"16:30 Uhr &#10072; Begr\u00fc\u00dfung an der Uni Jena\" \/><span class=\"wpcf7-list-item-label\">16:30 Uhr &#10072; Begr\u00fc\u00dfung an der Uni Jena<\/span><\/label><\/span><\/span><\/span><\/div>\n<div class=\"checktn\"><span class=\"wpcf7-form-control-wrap tn1409-4\"><span class=\"wpcf7-form-control wpcf7-checkbox\"><span class=\"wpcf7-list-item first last\"><label><input type=\"checkbox\" name=\"tn1409-4[]\" value=\"18:00 Uhr &#10072; Literaturlesung und -gespr\u00e4ch &quot;Sprachgewalt - Szczepan Twardoch und Olaf K\u00fchl im Gespr\u00e4ch&quot;, mit anschlie\u00dfendem Empfang\" \/><span class=\"wpcf7-list-item-label\">18:00 Uhr &#10072; Literaturlesung und -gespr\u00e4ch &quot;Sprachgewalt - Szczepan Twardoch und Olaf K\u00fchl im Gespr\u00e4ch&quot;, mit anschlie\u00dfendem Empfang<\/span><\/label><\/span><\/span><\/span><\/div>\n<h3>15. September 2023 &#10072; Jena<\/h3>\n<div class=\"checktn\"><span class=\"wpcf7-form-control-wrap tn1509-1\"><span class=\"wpcf7-form-control wpcf7-checkbox\"><span class=\"wpcf7-list-item first last\"><label><input type=\"checkbox\" name=\"tn1509-1[]\" value=\"9:00-11:00 Uhr &#10072; Podiumsgespr\u00e4ch &quot;What\u2019s next? Perspektiven von Absolvent*innen des Masters Interdisziplin\u00e4re Polenstudien&quot;\" \/><span class=\"wpcf7-list-item-label\">9:00-11:00 Uhr &#10072; Podiumsgespr\u00e4ch &quot;What\u2019s next? Perspektiven von Absolvent*innen des Masters Interdisziplin\u00e4re Polenstudien&quot;<\/span><\/label><\/span><\/span><\/span><\/div>\n<div class=\"checktn\"><span class=\"wpcf7-form-control-wrap tn1509-2\"><span class=\"wpcf7-form-control wpcf7-checkbox\"><span class=\"wpcf7-list-item first last\"><label><input type=\"checkbox\" name=\"tn1509-2[]\" value=\"11:00-13:00 Uhr &#10072; \u00dcbersetzungsmatinee &quot;\u00dcber das literarische \u00dcbersetzen zwischen Polen, Deutschland und der Ukraine\" \/><span class=\"wpcf7-list-item-label\">11:00-13:00 Uhr &#10072; \u00dcbersetzungsmatinee &quot;\u00dcber das literarische \u00dcbersetzen zwischen Polen, Deutschland und der Ukraine<\/span><\/label><\/span><\/span><\/span><\/div>\n<div class=\"checktn\"><span class=\"wpcf7-form-control-wrap tn1509-3\"><span class=\"wpcf7-form-control wpcf7-checkbox\"><span class=\"wpcf7-list-item first last\"><label><input type=\"checkbox\" name=\"tn1509-3[]\" value=\"14:30-16:00 Uhr &#10072; Symposion &quot;Blick nach Osten, Blick von Osten \u2013 Perspektiven auf Polen&quot;\" \/><span class=\"wpcf7-list-item-label\">14:30-16:00 Uhr &#10072; Symposion &quot;Blick nach Osten, Blick von Osten \u2013 Perspektiven auf Polen&quot;<\/span><\/label><\/span><\/span><\/span><\/div>\n<div class=\"checktn\"><span class=\"wpcf7-form-control-wrap tn1509-4\"><span class=\"wpcf7-form-control wpcf7-checkbox\"><span class=\"wpcf7-list-item first last\"><label><input type=\"checkbox\" name=\"tn1509-4[]\" value=\"16:00 Uhr &#10072; World Caf\u00e9 &quot;Neue Projekte in den Polenstudien&quot;\" \/><span class=\"wpcf7-list-item-label\">16:00 Uhr &#10072; World Caf\u00e9 &quot;Neue Projekte in den Polenstudien&quot;<\/span><\/label><\/span><\/span><\/span><\/div>\n<hr>\n<div class=\"sep\">\n<p><span class=\"wpcf7-form-control-wrap Datenschutz\"><span class=\"wpcf7-form-control wpcf7-acceptance\"><span class=\"wpcf7-list-item\"><label><input type=\"checkbox\" name=\"Datenschutz\" value=\"1\" aria-invalid=\"false\" \/><span class=\"wpcf7-list-item-label\">* Ich habe die <a href=\"http:\/\/wcms.itz.uni-halle.de\/download.php?down=49362&elem=3138142\" target=\"_blank\">Erstinformation (PDF)<\/a> zur Datenverarbeitung gelesen und stimme zu. Ihre Daten werden zur Durchf\u00fchrung der Veranstaltung auf den Systemen des Blogdienstes der Universit\u00e4t gespeichert, von den Veranstalter*innen verarbeitet und sp\u00e4testens am 31.12.2024 gel\u00f6scht.<\/span><\/label><\/span><\/span><\/span><\/p>\n<p><input type=\"submit\" value=\"Anmelden\" class=\"wpcf7-form-control wpcf7-submit\" \/><\/p>\n<div class=\"wpcf7-response-output\" aria-hidden=\"true\"><\/div><\/form><\/div>\n","protected":false},"excerpt":{"rendered":"<p>Blickrichtungen im Dialog &#8211; 10 Jahre Aleksander-Br\u00fcckner-Zentrum f\u00fcr Polenstudien Datum: 13.-15.09.2023Ort: Halle\/Jena F\u00fcr eventuelle Nachfragen k\u00f6nnen Sie sich gerne an Iwona Dadej (iwona.dadej@geschichte.uni-halle.de) oder Anja Sips (anja.sips@geschichte.uni-halle.de) wenden.<\/p>\n","protected":false},"author":2695,"featured_media":0,"parent":0,"menu_order":0,"comment_status":"closed","ping_status":"closed","template":"","meta":[],"_links":{"self":[{"href":"https:\/\/blogs.urz.uni-halle.de\/anmeldungen\/wp-json\/wp\/v2\/pages\/7"}],"collection":[{"href":"https:\/\/blogs.urz.uni-halle.de\/anmeldungen\/wp-json\/wp\/v2\/pages"}],"about":[{"href":"https:\/\/blogs.urz.uni-halle.de\/anmeldungen\/wp-json\/wp\/v2\/types\/page"}],"author":[{"embeddable":true,"href":"https:\/\/blogs.urz.uni-halle.de\/anmeldungen\/wp-json\/wp\/v2\/users\/2695"}],"replies":[{"embeddable":true,"href":"https:\/\/blogs.urz.uni-halle.de\/anmeldungen\/wp-json\/wp\/v2\/comments?post=7"}],"version-history":[{"count":3,"href":"https:\/\/blogs.urz.uni-halle.de\/anmeldungen\/wp-json\/wp\/v2\/pages\/7\/revisions"}],"predecessor-version":[{"id":16,"href":"https:\/\/blogs.urz.uni-halle.de\/anmeldungen\/wp-json\/wp\/v2\/pages\/7\/revisions\/16"}],"wp:attachment":[{"href":"https:\/\/blogs.urz.uni-halle.de\/anmeldungen\/wp-json\/wp\/v2\/media?parent=7"}],"curies":[{"name":"wp","href":"https:\/\/api.w.org\/{rel}","templated":true}]}}