{"id":5,"date":"2022-06-27T17:02:56","date_gmt":"2022-06-27T15:02:56","guid":{"rendered":"https:\/\/blogs.urz.uni-halle.de\/arbeiteninddr\/?page_id=5"},"modified":"2022-06-27T17:15:43","modified_gmt":"2022-06-27T15:15:43","slug":"herzlich-willkommen-zum-blog","status":"publish","type":"page","link":"https:\/\/blogs.urz.uni-halle.de\/arbeiteninddr\/","title":{"rendered":"Willkommen!"},"content":{"rendered":"\n<p>Stasi, Treuhand und Volkseigene Betriebe. F\u00fcr die allermeisten Studierenden sind diese W\u00f6rter nur Relikte einer l\u00e4ngst vergangenen Zeit. Grund genug einmal einen Einblick darin zu bekommen, wie das Leben, und besonders das Arbeitsleben, in der DDR aussah. Wie wirkten sich die Planwirtschaft, die Bespitzelungen durch die Stasi und die k\u00fcnstlich geschaffene Vollbesch\u00e4ftigung auf das Leben der B\u00fcr- ger*innen aus?<\/p>\n\n\n\n<p>Wir planen dazu ein Interview zu f\u00fchren und zwar mit Harro K\u00fcster. Er wurde in der DDR gro\u00df und war bis zur vollkommenen Enteignung 1972 Mitinhaber der Firma Kiesewetter. Danach war er f\u00fcr An- und Verkauf zust\u00e4ndig, hat also beste Expertise zu unserem Thema.<\/p>\n","protected":false},"excerpt":{"rendered":"<p>Stasi, Treuhand und Volkseigene Betriebe. F\u00fcr die allermeisten Studierenden sind diese W\u00f6rter nur Relikte einer l\u00e4ngst vergangenen Zeit. Grund genug einmal einen Einblick darin zu bekommen, wie das Leben, und besonders das Arbeitsleben, in der DDR aussah. Wie wirkten sich die Planwirtschaft, die Bespitzelungen durch die Stasi und die k\u00fcnstlich geschaffene Vollbesch\u00e4ftigung auf das Leben &#8230; <span class=\"more\"><a class=\"more-link\" href=\"https:\/\/blogs.urz.uni-halle.de\/arbeiteninddr\/\">[Read more&#8230;]<\/a><\/span><\/p>\n","protected":false},"author":5478,"featured_media":0,"parent":0,"menu_order":0,"comment_status":"closed","ping_status":"closed","template":"","meta":[],"_links":{"self":[{"href":"https:\/\/blogs.urz.uni-halle.de\/arbeiteninddr\/wp-json\/wp\/v2\/pages\/5"}],"collection":[{"href":"https:\/\/blogs.urz.uni-halle.de\/arbeiteninddr\/wp-json\/wp\/v2\/pages"}],"about":[{"href":"https:\/\/blogs.urz.uni-halle.de\/arbeiteninddr\/wp-json\/wp\/v2\/types\/page"}],"author":[{"embeddable":true,"href":"https:\/\/blogs.urz.uni-halle.de\/arbeiteninddr\/wp-json\/wp\/v2\/users\/5478"}],"replies":[{"embeddable":true,"href":"https:\/\/blogs.urz.uni-halle.de\/arbeiteninddr\/wp-json\/wp\/v2\/comments?post=5"}],"version-history":[{"count":6,"href":"https:\/\/blogs.urz.uni-halle.de\/arbeiteninddr\/wp-json\/wp\/v2\/pages\/5\/revisions"}],"predecessor-version":[{"id":25,"href":"https:\/\/blogs.urz.uni-halle.de\/arbeiteninddr\/wp-json\/wp\/v2\/pages\/5\/revisions\/25"}],"wp:attachment":[{"href":"https:\/\/blogs.urz.uni-halle.de\/arbeiteninddr\/wp-json\/wp\/v2\/media?parent=5"}],"curies":[{"name":"wp","href":"https:\/\/api.w.org\/{rel}","templated":true}]}}