{"id":27,"date":"2022-07-18T00:33:17","date_gmt":"2022-07-17T22:33:17","guid":{"rendered":"https:\/\/blogs.urz.uni-halle.de\/arbeitmitautismus\/?page_id=27"},"modified":"2022-07-18T00:42:01","modified_gmt":"2022-07-17T22:42:01","slug":"audiobeitrag","status":"publish","type":"page","link":"https:\/\/blogs.urz.uni-halle.de\/arbeitmitautismus\/audiobeitrag\/","title":{"rendered":"Audiobeitrag"},"content":{"rendered":"\n<figure class=\"wp-block-audio\"><audio controls src=\"https:\/\/blogs.urz.uni-halle.de\/arbeitmitautismus\/files\/2022\/07\/Audiobeitrag_Mutter_JuliaGehrmann.mp3\"><\/audio><\/figure>\n\n\n\n<p>In diesem Interview spricht eine junge Mutter \u00fcber die Schwierigkeiten im Alltag mit ihren Kindern. Zus\u00e4tzlich zu ihrer 2-j\u00e4hrigen Tochter hat sie einen 9-j\u00e4hrigen autistischen Sohn, f\u00fcr den es einige H\u00fcrden im Alltag gibt, die f\u00fcr sie zu bew\u00e4ltigen sind. Neben ihrem \u201erichtigen\u201c Job stellt die Arbeit als Mutter f\u00fcr sie eine gro\u00dfe Herausforderung dar. Sie gibt uns daher ein paar Einblicke, wie der Autismus ihr Leben und das ihres Sohnes beeinflusst.<\/p>\n","protected":false},"excerpt":{"rendered":"<p>In diesem Interview spricht eine junge Mutter \u00fcber die Schwierigkeiten im Alltag mit ihren Kindern. Zus\u00e4tzlich zu ihrer 2-j\u00e4hrigen Tochter hat sie einen 9-j\u00e4hrigen autistischen Sohn, f\u00fcr den es einige H\u00fcrden im Alltag gibt, die f\u00fcr sie zu bew\u00e4ltigen sind. Neben ihrem \u201erichtigen\u201c Job stellt die Arbeit als Mutter f\u00fcr sie eine gro\u00dfe Herausforderung dar. &hellip; <\/p>\n<p><a class=\"more-link btn\" href=\"https:\/\/blogs.urz.uni-halle.de\/arbeitmitautismus\/audiobeitrag\/\">Weiterlesen<\/a><\/p>\n","protected":false},"author":5455,"featured_media":0,"parent":0,"menu_order":0,"comment_status":"closed","ping_status":"closed","template":"","meta":[],"_links":{"self":[{"href":"https:\/\/blogs.urz.uni-halle.de\/arbeitmitautismus\/wp-json\/wp\/v2\/pages\/27"}],"collection":[{"href":"https:\/\/blogs.urz.uni-halle.de\/arbeitmitautismus\/wp-json\/wp\/v2\/pages"}],"about":[{"href":"https:\/\/blogs.urz.uni-halle.de\/arbeitmitautismus\/wp-json\/wp\/v2\/types\/page"}],"author":[{"embeddable":true,"href":"https:\/\/blogs.urz.uni-halle.de\/arbeitmitautismus\/wp-json\/wp\/v2\/users\/5455"}],"replies":[{"embeddable":true,"href":"https:\/\/blogs.urz.uni-halle.de\/arbeitmitautismus\/wp-json\/wp\/v2\/comments?post=27"}],"version-history":[{"count":3,"href":"https:\/\/blogs.urz.uni-halle.de\/arbeitmitautismus\/wp-json\/wp\/v2\/pages\/27\/revisions"}],"predecessor-version":[{"id":35,"href":"https:\/\/blogs.urz.uni-halle.de\/arbeitmitautismus\/wp-json\/wp\/v2\/pages\/27\/revisions\/35"}],"wp:attachment":[{"href":"https:\/\/blogs.urz.uni-halle.de\/arbeitmitautismus\/wp-json\/wp\/v2\/media?parent=27"}],"curies":[{"name":"wp","href":"https:\/\/api.w.org\/{rel}","templated":true}]}}