{"id":2,"date":"2022-10-06T13:08:06","date_gmt":"2022-10-06T11:08:06","guid":{"rendered":"https:\/\/blogs.urz.uni-halle.de\/arbeitnebendemstudium\/?page_id=2"},"modified":"2022-11-01T13:15:44","modified_gmt":"2022-11-01T12:15:44","slug":"beispiel-seite","status":"publish","type":"page","link":"https:\/\/blogs.urz.uni-halle.de\/arbeitnebendemstudium\/beispiel-seite\/","title":{"rendered":"\u00dcber uns"},"content":{"rendered":"\n<p><strong>MuK-Bang Privat:<\/strong><\/p>\n\n\n\n<p>Wir sind vier Studierende an der Martin-Luther-Universit\u00e4t Halle-Wittenberg und studieren gemeinsam Medien- und Kommunikationswissenschaft. <\/p>\n\n\n\n<p><span style=\"text-decoration: underline\"><strong>Das sind wir:<\/strong><\/span><\/p>\n\n\n\n<p><strong>Stephania (20)<\/strong> studiert als zweiten Studiengang Soziologie. In Puncto Lieblingsgetr\u00e4nke erf\u00fcllt sie ganz klar die Studentenklischees \u2013 sie ist s\u00fcchtig nach Club Mate und Paulaner Spezi. Au\u00dferdem zaubert Stephania die leckersten Pastagerichte, wie zum Beispiel Zitronen- oder Wodka Pasta, und lobt zudem die selbstgemachten Pfannkuchen ihrer Mama in den Himmel.<\/p>\n\n\n\n<p><strong>Emilie (21) <\/strong>studiert in ihrem Hauptfach, neben MuK, Wirtschaftswissenschaften. Sie schl\u00fcrft gerne einen Kaffee und taucht ihre Nase tief in den leckeren Milchschaum (aber bitte laktosefrei, sonst wird&#8217;s unsch\u00f6n!). Es gibt nichts Leckereres als eine frisch gebackene Lasagne aus dem Ofen und auch schon damals, bei Mama und Papa Zuhause, nervte sie mit dem Gericht &#8222;Spinat mit R\u00fchrei und Kartoffeln&#8220;. Davon kriegt sie ebenfalls nie genug! <\/p>\n\n\n\n<p><strong>Emma (22)<\/strong> studiert noch Deutsche Sprache und Literatur. Wasser als Lieblingsgetr\u00e4nk klingt vielleicht langweilig, aber Emma redet sich ein, dass das total individuell ist, weil das hoffentlich sonst niemand als liebstes Getr\u00e4nk angeben w\u00fcrde. Ihr Komfort-Gericht im Herbst ist die selbstgemachte K\u00fcrbissuppe ihrer Mama, die sie sich jetzt aber schon l\u00e4nger h\u00e4ufig selbst kochen muss.<\/p>\n\n\n\n<p><strong>Pauline<\/strong> <strong>(21)<\/strong> studiert neben Medien- und Kommunikationswissenschaften noch Theologie. Ihr absolutes Lieblingsgetr\u00e4nk ist ein Chai-Latte mit Zimtgeschmack &#8211; am besten ist es, wenn das Getr\u00e4nk mit seinem Duft den Raum ausf\u00fcllt. Wenn sie besonders im G\u00f6nnungs-Modus ist, trefft ihr sie beim Running-Sushi. <\/p>\n\n\n\n<figure class=\"wp-block-image size-large is-resized is-style-default\"><img loading=\"lazy\" src=\"https:\/\/blogs.urz.uni-halle.de\/arbeitnebendemstudium\/files\/2022\/10\/DSC_0573-1024x683.jpg\" alt=\"\" class=\"wp-image-55\" width=\"611\" height=\"407\" srcset=\"https:\/\/blogs.urz.uni-halle.de\/arbeitnebendemstudium\/files\/2022\/10\/DSC_0573-1024x683.jpg 1024w, https:\/\/blogs.urz.uni-halle.de\/arbeitnebendemstudium\/files\/2022\/10\/DSC_0573-300x200.jpg 300w, https:\/\/blogs.urz.uni-halle.de\/arbeitnebendemstudium\/files\/2022\/10\/DSC_0573-768x512.jpg 768w, https:\/\/blogs.urz.uni-halle.de\/arbeitnebendemstudium\/files\/2022\/10\/DSC_0573-1536x1024.jpg 1536w, https:\/\/blogs.urz.uni-halle.de\/arbeitnebendemstudium\/files\/2022\/10\/DSC_0573-2048x1365.jpg 2048w, https:\/\/blogs.urz.uni-halle.de\/arbeitnebendemstudium\/files\/2022\/10\/DSC_0573-1200x800.jpg 1200w, https:\/\/blogs.urz.uni-halle.de\/arbeitnebendemstudium\/files\/2022\/10\/DSC_0573-1980x1320.jpg 1980w\" sizes=\"(max-width: 611px) 100vw, 611px\" \/><\/figure>\n","protected":false},"excerpt":{"rendered":"<p>MuK-Bang Privat: Wir sind vier Studierende an der Martin-Luther-Universit\u00e4t Halle-Wittenberg und studieren gemeinsam Medien- und Kommunikationswissenschaft. Das sind wir: Stephania (20) studiert als zweiten Studiengang Soziologie. In Puncto Lieblingsgetr\u00e4nke erf\u00fcllt sie ganz klar die Studentenklischees \u2013 sie ist s\u00fcchtig nach Club Mate und Paulaner Spezi. Au\u00dferdem zaubert Stephania die leckersten Pastagerichte, wie zum Beispiel Zitronen- [&hellip;]<\/p>\n","protected":false},"author":5502,"featured_media":55,"parent":0,"menu_order":4,"comment_status":"closed","ping_status":"closed","template":"templates\/template-cover.php","meta":[],"_links":{"self":[{"href":"https:\/\/blogs.urz.uni-halle.de\/arbeitnebendemstudium\/wp-json\/wp\/v2\/pages\/2"}],"collection":[{"href":"https:\/\/blogs.urz.uni-halle.de\/arbeitnebendemstudium\/wp-json\/wp\/v2\/pages"}],"about":[{"href":"https:\/\/blogs.urz.uni-halle.de\/arbeitnebendemstudium\/wp-json\/wp\/v2\/types\/page"}],"author":[{"embeddable":true,"href":"https:\/\/blogs.urz.uni-halle.de\/arbeitnebendemstudium\/wp-json\/wp\/v2\/users\/5502"}],"replies":[{"embeddable":true,"href":"https:\/\/blogs.urz.uni-halle.de\/arbeitnebendemstudium\/wp-json\/wp\/v2\/comments?post=2"}],"version-history":[{"count":10,"href":"https:\/\/blogs.urz.uni-halle.de\/arbeitnebendemstudium\/wp-json\/wp\/v2\/pages\/2\/revisions"}],"predecessor-version":[{"id":94,"href":"https:\/\/blogs.urz.uni-halle.de\/arbeitnebendemstudium\/wp-json\/wp\/v2\/pages\/2\/revisions\/94"}],"wp:featuredmedia":[{"embeddable":true,"href":"https:\/\/blogs.urz.uni-halle.de\/arbeitnebendemstudium\/wp-json\/wp\/v2\/media\/55"}],"wp:attachment":[{"href":"https:\/\/blogs.urz.uni-halle.de\/arbeitnebendemstudium\/wp-json\/wp\/v2\/media?parent=2"}],"curies":[{"name":"wp","href":"https:\/\/api.w.org\/{rel}","templated":true}]}}