{"id":2,"date":"2020-12-08T14:30:44","date_gmt":"2020-12-08T13:30:44","guid":{"rendered":"https:\/\/blogs.urz.uni-halle.de\/bauchgespinster\/?page_id=2"},"modified":"2021-09-30T19:52:44","modified_gmt":"2021-09-30T17:52:44","slug":"beispiel-seite","status":"publish","type":"page","link":"https:\/\/blogs.urz.uni-halle.de\/bauchgespinster\/beispiel-seite\/","title":{"rendered":"ABOUT"},"content":{"rendered":"<div class=\"twoclick_social_bookmarks_post_2 social_share_privacy clearfix 1.6.4 locale-de_DE sprite-de_DE\"><\/div><div class=\"twoclick-js\"><script type=\"text\/javascript\">\/* <![CDATA[ *\/\njQuery(document).ready(function($){if($('.twoclick_social_bookmarks_post_2')){$('.twoclick_social_bookmarks_post_2').socialSharePrivacy({\"txt_help\":\"Wenn Sie diese Felder durch einen Klick aktivieren, werden Informationen an Facebook, Twitter, Flattr, Xing, t3n, LinkedIn, Pinterest oder Google eventuell ins Ausland \\u00fcbertragen und unter Umst\\u00e4nden auch dort gespeichert. N\\u00e4heres erfahren Sie durch einen Klick auf das <em>i<\\\/em>.\",\"settings_perma\":\"Dauerhaft aktivieren und Daten\\u00fcber-tragung zustimmen:\",\"info_link\":\"http:\\\/\\\/www.heise.de\\\/ct\\\/artikel\\\/2-Klicks-fuer-mehr-Datenschutz-1333879.html\",\"uri\":\"https:\\\/\\\/blogs.urz.uni-halle.de\\\/bauchgespinster\\\/beispiel-seite\\\/\",\"post_id\":2,\"post_title_referrer_track\":\"ABOUT\",\"display_infobox\":\"on\"});}});\n\/* ]]> *\/<\/script><\/div><p><strong>Der Podcast<\/strong><\/p>\n\n\n<div class=\"wp-block-image is-style-default\"><figure class=\"aligncenter size-large\"><img loading=\"lazy\" width=\"1024\" height=\"1024\" src=\"https:\/\/blogs.urz.uni-halle.de\/bauchgespinster\/files\/2021\/06\/Wirklich-RICHTIGES-Titelbild-Podcast.v1-min-1024x1024.png\" alt=\"\" class=\"wp-image-113\" srcset=\"https:\/\/blogs.urz.uni-halle.de\/bauchgespinster\/files\/2021\/06\/Wirklich-RICHTIGES-Titelbild-Podcast.v1-min-1024x1024.png 1024w, https:\/\/blogs.urz.uni-halle.de\/bauchgespinster\/files\/2021\/06\/Wirklich-RICHTIGES-Titelbild-Podcast.v1-min-300x300.png 300w, https:\/\/blogs.urz.uni-halle.de\/bauchgespinster\/files\/2021\/06\/Wirklich-RICHTIGES-Titelbild-Podcast.v1-min-150x150.png 150w, https:\/\/blogs.urz.uni-halle.de\/bauchgespinster\/files\/2021\/06\/Wirklich-RICHTIGES-Titelbild-Podcast.v1-min-768x768.png 768w, https:\/\/blogs.urz.uni-halle.de\/bauchgespinster\/files\/2021\/06\/Wirklich-RICHTIGES-Titelbild-Podcast.v1-min.png 1498w\" sizes=\"(max-width: 1024px) 100vw, 1024px\" \/><figcaption>Cover des Podcasts Bauchgespinster<\/figcaption><\/figure><\/div>\n\n\n\n<p>Zu viele Anglizismen, ein bisschen Feminismus und vor allem viel Labern. Und das alles frei aus dem Bauch heraus. Ob immer alles Sinn ergibt? Das k\u00f6nnen wir euch auch nicht sagen.<\/p>\n\n\n\n<p>Wir sind euer Gespr\u00e4ch vom Nachbartisch. Aller zwei Wochen findet ihr bei uns neue Folgen, jeweils zu einem anderen Oberthema. <\/p>\n\n\n\n<p>Ohne Scham erz\u00e4hlen wir euch alles was uns beiden so in den Kopf kommt. F\u00fcr zuhause oder unterwegs. F\u00fcrs prokrastinieren oder arbeiten. H\u00e4rt rein uns lasst euch \u00fcberraschen.<\/p>\n\n\n\n<p>Alle zwei Wochen findet ihr eine neue Folge bei Spotify, Apple Podcasts und \u00fcberall wo es sonst noch Podcasts gibt. Oder nat\u00fcrlich hier auf unserer Website.<\/p>\n\n\n\n<p class=\"has-text-align-left\">Um nichts zu verpassen folgt uns gerne auch bei @bauchgespinster auf Instagram. Dort informieren wir euch \u00fcber neue Folgen und alles was sonst noch so passiert. <\/p>\n\n\n<p><strong>Die Podcasterinnen<\/strong><\/p>\n\n\n<figure class=\"wp-block-image size-large is-style-default\"><img loading=\"lazy\" width=\"1024\" height=\"981\" src=\"https:\/\/blogs.urz.uni-halle.de\/bauchgespinster\/files\/2021\/06\/Bildschirmfoto-2021-06-04-um-13.08.55-1024x981.png\" alt=\"\" class=\"wp-image-101\" srcset=\"https:\/\/blogs.urz.uni-halle.de\/bauchgespinster\/files\/2021\/06\/Bildschirmfoto-2021-06-04-um-13.08.55-1024x981.png 1024w, https:\/\/blogs.urz.uni-halle.de\/bauchgespinster\/files\/2021\/06\/Bildschirmfoto-2021-06-04-um-13.08.55-300x287.png 300w, https:\/\/blogs.urz.uni-halle.de\/bauchgespinster\/files\/2021\/06\/Bildschirmfoto-2021-06-04-um-13.08.55-768x736.png 768w, https:\/\/blogs.urz.uni-halle.de\/bauchgespinster\/files\/2021\/06\/Bildschirmfoto-2021-06-04-um-13.08.55.png 1397w\" sizes=\"(max-width: 1024px) 100vw, 1024px\" \/><figcaption>Die Podcasterinnen von Bauchgespinster<\/figcaption><\/figure>\n\n\n\n<p>Wir sind Hannah (20) und Cynthia (21), zwei Medienstudentinnen aus Halle. Schon im ersten Semester haben wir mit der Idee herumgesponnen, mal eine eigenen Podcast zu haben und nutzen jetzt unser Abschlussprojekt um dieses Hirngespinst endlich wahr werden zu lassen. <\/p>\n","protected":false},"excerpt":{"rendered":"<div class=\"entry-summary\">\nDer Podcast Zu viele Anglizismen, ein bisschen Feminismus und vor allem viel Labern. Und das alles frei aus dem Bauch&hellip;\n<\/div>\n<div class=\"link-more\"><a href=\"https:\/\/blogs.urz.uni-halle.de\/bauchgespinster\/beispiel-seite\/\" class=\"more-link\">Continue reading<span class=\"screen-reader-text\"> &ldquo;ABOUT&rdquo;<\/span>&hellip;<\/a><\/div>\n","protected":false},"author":3897,"featured_media":0,"parent":0,"menu_order":0,"comment_status":"closed","ping_status":"open","template":"","meta":{"ngg_post_thumbnail":0},"_links":{"self":[{"href":"https:\/\/blogs.urz.uni-halle.de\/bauchgespinster\/wp-json\/wp\/v2\/pages\/2"}],"collection":[{"href":"https:\/\/blogs.urz.uni-halle.de\/bauchgespinster\/wp-json\/wp\/v2\/pages"}],"about":[{"href":"https:\/\/blogs.urz.uni-halle.de\/bauchgespinster\/wp-json\/wp\/v2\/types\/page"}],"author":[{"embeddable":true,"href":"https:\/\/blogs.urz.uni-halle.de\/bauchgespinster\/wp-json\/wp\/v2\/users\/3897"}],"replies":[{"embeddable":true,"href":"https:\/\/blogs.urz.uni-halle.de\/bauchgespinster\/wp-json\/wp\/v2\/comments?post=2"}],"version-history":[{"count":7,"href":"https:\/\/blogs.urz.uni-halle.de\/bauchgespinster\/wp-json\/wp\/v2\/pages\/2\/revisions"}],"predecessor-version":[{"id":197,"href":"https:\/\/blogs.urz.uni-halle.de\/bauchgespinster\/wp-json\/wp\/v2\/pages\/2\/revisions\/197"}],"wp:attachment":[{"href":"https:\/\/blogs.urz.uni-halle.de\/bauchgespinster\/wp-json\/wp\/v2\/media?parent=2"}],"curies":[{"name":"wp","href":"https:\/\/api.w.org\/{rel}","templated":true}]}}