{"id":10,"date":"2022-05-20T12:59:37","date_gmt":"2022-05-20T10:59:37","guid":{"rendered":"https:\/\/blogs.urz.uni-halle.de\/bauklang\/?page_id=10"},"modified":"2022-06-23T13:05:36","modified_gmt":"2022-06-23T11:05:36","slug":"ueber-mich","status":"publish","type":"page","link":"https:\/\/blogs.urz.uni-halle.de\/bauklang\/ueber-mich\/","title":{"rendered":"\u00dcber mich"},"content":{"rendered":"\n<figure class=\"wp-block-image size-large is-resized is-style-rounded\"><img loading=\"lazy\" src=\"https:\/\/blogs.urz.uni-halle.de\/bauklang\/files\/2022\/06\/IMG_2189-783x1024.jpeg\" alt=\"\" class=\"wp-image-39\" width=\"151\" height=\"198\" srcset=\"https:\/\/blogs.urz.uni-halle.de\/bauklang\/files\/2022\/06\/IMG_2189-783x1024.jpeg 783w, https:\/\/blogs.urz.uni-halle.de\/bauklang\/files\/2022\/06\/IMG_2189-229x300.jpeg 229w, https:\/\/blogs.urz.uni-halle.de\/bauklang\/files\/2022\/06\/IMG_2189-768x1005.jpeg 768w, https:\/\/blogs.urz.uni-halle.de\/bauklang\/files\/2022\/06\/IMG_2189-1174x1536.jpeg 1174w, https:\/\/blogs.urz.uni-halle.de\/bauklang\/files\/2022\/06\/IMG_2189-1565x2048.jpeg 1565w, https:\/\/blogs.urz.uni-halle.de\/bauklang\/files\/2022\/06\/IMG_2189-scaled.jpeg 1957w\" sizes=\"(max-width: 151px) 100vw, 151px\" \/><\/figure>\n\n\n\n<p><em>Mein Name ist Arun Niemann. Ich studiere Medien- und Kommunikationswissenschaften, sowie Psychologie im Zweifachbachelor an der Martin-Luther-Universit\u00e4t Halle-Wittenberg. Neben meinem Studium bin ich als selbstst\u00e4ndiger Schriftsteller t\u00e4tig und texte f\u00fcr Kunden ganz unterschiedlicher Branchen. Mein Ziel ist es, meine Selbstst\u00e4ndigkeit durch die im Studium erworbenen Kompetenzen ausbauen und mir damit eine unabh\u00e4ngige Existenz aufbauen zu k\u00f6nnen.<\/em><\/p>\n\n\n\n<p><\/p>\n","protected":false},"excerpt":{"rendered":"<p>Mein Name ist Arun Niemann. Ich studiere Medien- und Kommunikationswissenschaften, sowie Psychologie im Zweifachbachelor an der Martin-Luther-Universit\u00e4t Halle-Wittenberg. Neben meinem Studium bin ich als selbstst\u00e4ndiger Schriftsteller t\u00e4tig und texte f\u00fcr Kunden ganz unterschiedlicher Branchen. Mein Ziel ist es, meine Selbstst\u00e4ndigkeit durch die im Studium erworbenen Kompetenzen ausbauen und mir damit eine unabh\u00e4ngige Existenz aufbauen zu [&hellip;]<\/p>\n","protected":false},"author":5450,"featured_media":0,"parent":0,"menu_order":0,"comment_status":"closed","ping_status":"closed","template":"","meta":[],"_links":{"self":[{"href":"https:\/\/blogs.urz.uni-halle.de\/bauklang\/wp-json\/wp\/v2\/pages\/10"}],"collection":[{"href":"https:\/\/blogs.urz.uni-halle.de\/bauklang\/wp-json\/wp\/v2\/pages"}],"about":[{"href":"https:\/\/blogs.urz.uni-halle.de\/bauklang\/wp-json\/wp\/v2\/types\/page"}],"author":[{"embeddable":true,"href":"https:\/\/blogs.urz.uni-halle.de\/bauklang\/wp-json\/wp\/v2\/users\/5450"}],"replies":[{"embeddable":true,"href":"https:\/\/blogs.urz.uni-halle.de\/bauklang\/wp-json\/wp\/v2\/comments?post=10"}],"version-history":[{"count":3,"href":"https:\/\/blogs.urz.uni-halle.de\/bauklang\/wp-json\/wp\/v2\/pages\/10\/revisions"}],"predecessor-version":[{"id":40,"href":"https:\/\/blogs.urz.uni-halle.de\/bauklang\/wp-json\/wp\/v2\/pages\/10\/revisions\/40"}],"wp:attachment":[{"href":"https:\/\/blogs.urz.uni-halle.de\/bauklang\/wp-json\/wp\/v2\/media?parent=10"}],"curies":[{"name":"wp","href":"https:\/\/api.w.org\/{rel}","templated":true}]}}