{"id":14,"date":"2022-05-20T13:01:01","date_gmt":"2022-05-20T11:01:01","guid":{"rendered":"https:\/\/blogs.urz.uni-halle.de\/bauklang\/?page_id=14"},"modified":"2022-06-23T15:50:38","modified_gmt":"2022-06-23T13:50:38","slug":"projekt","status":"publish","type":"page","link":"https:\/\/blogs.urz.uni-halle.de\/bauklang\/projekt\/","title":{"rendered":"\u00fcber das Projekt"},"content":{"rendered":"\n<p>Ich bin in der Oberlausitz auf einem Bauernhof aufgewachsen, weshalb dieses Umfeld, mit seinen visuellen und auch auditiven Eindr\u00fccken, f\u00fcr mich untrennbar mit meinen Kindheitserinnerungen verkn\u00fcpft ist. <\/p>\n\n\n\n<p>Als ich h\u00f6rte, dass f\u00fcr die Projektarbeit im Rahmen des Moduls Grundlagen der audiovisuellen Mediengestaltung auch ein Soundwalk infrage kam, hatte ich sofort die Idee, die Kl\u00e4nge eines Bauernhofs einzufangen. <\/p>\n\n\n\n<p>Der entsprechende Bauernhof geh\u00f6rt Freunden von mir, welche sich sehr \u00fcber meine Idee freuten und mir gern erlaubten die T\u00f6ne ihres Alltags einzufangen.<\/p>\n","protected":false},"excerpt":{"rendered":"<p>Ich bin in der Oberlausitz auf einem Bauernhof aufgewachsen, weshalb dieses Umfeld, mit seinen visuellen und auch auditiven Eindr\u00fccken, f\u00fcr mich untrennbar mit meinen Kindheitserinnerungen verkn\u00fcpft ist. Als ich h\u00f6rte, dass f\u00fcr die Projektarbeit im Rahmen des Moduls Grundlagen der audiovisuellen Mediengestaltung auch ein Soundwalk infrage kam, hatte ich sofort die Idee, die Kl\u00e4nge eines [&hellip;]<\/p>\n","protected":false},"author":5450,"featured_media":0,"parent":0,"menu_order":0,"comment_status":"closed","ping_status":"closed","template":"","meta":[],"_links":{"self":[{"href":"https:\/\/blogs.urz.uni-halle.de\/bauklang\/wp-json\/wp\/v2\/pages\/14"}],"collection":[{"href":"https:\/\/blogs.urz.uni-halle.de\/bauklang\/wp-json\/wp\/v2\/pages"}],"about":[{"href":"https:\/\/blogs.urz.uni-halle.de\/bauklang\/wp-json\/wp\/v2\/types\/page"}],"author":[{"embeddable":true,"href":"https:\/\/blogs.urz.uni-halle.de\/bauklang\/wp-json\/wp\/v2\/users\/5450"}],"replies":[{"embeddable":true,"href":"https:\/\/blogs.urz.uni-halle.de\/bauklang\/wp-json\/wp\/v2\/comments?post=14"}],"version-history":[{"count":3,"href":"https:\/\/blogs.urz.uni-halle.de\/bauklang\/wp-json\/wp\/v2\/pages\/14\/revisions"}],"predecessor-version":[{"id":42,"href":"https:\/\/blogs.urz.uni-halle.de\/bauklang\/wp-json\/wp\/v2\/pages\/14\/revisions\/42"}],"wp:attachment":[{"href":"https:\/\/blogs.urz.uni-halle.de\/bauklang\/wp-json\/wp\/v2\/media?parent=14"}],"curies":[{"name":"wp","href":"https:\/\/api.w.org\/{rel}","templated":true}]}}