{"id":116,"date":"2018-08-13T10:12:34","date_gmt":"2018-08-13T08:12:34","guid":{"rendered":"https:\/\/blogs.urz.uni-halle.de\/beyondwords\/?page_id=116"},"modified":"2018-08-14T18:28:36","modified_gmt":"2018-08-14T16:28:36","slug":"nature","status":"publish","type":"page","link":"https:\/\/blogs.urz.uni-halle.de\/beyondwords\/nature\/","title":{"rendered":"Nature"},"content":{"rendered":"<p>Die Natur in Neuseeland ist einfach nur atemberaubend. Egal ob Berge, Seen, Fjorde, Steinformationen, Wasserf\u00e4lle, Gletscher, Str\u00e4nde, grasgr\u00fcne H\u00fcgel, oder (Halb)-inseln. Um jede Ecke l\u00e4sst sich etwas neues entdecken! Auch die unz\u00e4hligen Points sind wundersch\u00f6n und einen Besuch wert. Mit den etlichen Walks l\u00e4sst es sich in Neuseeland totwandern. Jedoch sind die Hauptattraktionen meistens nah an der Hauptstra\u00dfe und durch relativ kurze, einfache Walks zu erreichen. Einige l\u00e4ngere und anstrengendere sind aber &#8222;must-do&#8217;s&#8220; und absolut lohnenswert!<\/p>\n<p>&nbsp;<\/p>\n<script type=\"text\/javascript\">var lsjQuery = jQuery;lsjQuery(document).ready(function() {\r\nif(typeof lsjQuery.fn.layerSlider == \"undefined\") {\r\nif( window._layerSlider && window._layerSlider.showNotice) { \r\nwindow._layerSlider.showNotice('layerslider_7','jquery');\r\n}\r\n} else {\r\nlsjQuery(\"#layerslider_7\").layerSlider({sliderVersion: '6.5.5', type: 'fullwidth', responsiveUnder: 0, maxRatio: 1, slideBGSize: 'auto', hideUnder: 0, hideOver: 100000, skin: 'outline', thumbnailNavigation: 'disabled', skinsPath: 'https:\/\/blogs.urz.uni-halle.de\/beyondwords\/wp-content\/plugins\/LayerSlider\/static\/layerslider\/skins\/'});\r\n}\r\n});\r\n<\/script><div id=\"layerslider_7\" class=\"ls-wp-container fitvidsignore\" style=\"width:1140px;height:640px;margin:0 auto;margin-bottom: 0px;\"><div class=\"ls-slide\" data-ls=\"bgsize:cover;bgposition:50% 50%;duration:4000;transition2d:104;kenburnsscale:1.00;\"><img width=\"6000\" height=\"4000\" src=\"https:\/\/blogs.urz.uni-halle.de\/beyondwords\/files\/2018\/05\/DSC03424.jpg\" class=\"ls-bg\" alt=\"\" loading=\"lazy\" srcset=\"https:\/\/blogs.urz.uni-halle.de\/beyondwords\/files\/2018\/05\/DSC03424.jpg 6000w, https:\/\/blogs.urz.uni-halle.de\/beyondwords\/files\/2018\/05\/DSC03424-300x200.jpg 300w, https:\/\/blogs.urz.uni-halle.de\/beyondwords\/files\/2018\/05\/DSC03424-768x512.jpg 768w, https:\/\/blogs.urz.uni-halle.de\/beyondwords\/files\/2018\/05\/DSC03424-1024x683.jpg 1024w\" sizes=\"100vw\" \/><div style=\"width:440px;height:150px;background:#ffffff;top:50%;left:50%;opacity:0.9;\" class=\"ls-l\" data-ls=\"scalexin:0;durationout:400;scalexout:0;scaleyout:0;parallaxlevel:0;\"><\/div><p style=\"letter-spacing:1.6px;font-family:Roboto;font-size:36px;color:#363636;top:280px;left:50%;\" class=\"ls-l\" data-ls=\"offsetyin:100%;durationin:900;delayin:100;clipin:0 0 100% 0;durationout:400;parallaxlevel:0;\">Wasser<\/p><p style=\"font-family:'Open Sans';font-size:15px;color:#878787;left:50%;top:54%;\" class=\"ls-l\" data-ls=\"offsetyin:-100%;durationin:900;delayin:100;clipin:100% 0 0 0;durationout:400;parallaxlevel:0;\">Seen, Peninsulas, Fjorde, Wasserf\u00e4lle<\/p><\/div><div class=\"ls-slide\" data-ls=\"bgsize:cover;bgposition:50% 50%;duration:4000;transition2d:104;kenburnsscale:1.00;\"><img width=\"6000\" height=\"4000\" src=\"https:\/\/blogs.urz.uni-halle.de\/beyondwords\/files\/2018\/08\/DSC04941.jpg\" class=\"ls-bg\" alt=\"\" loading=\"lazy\" srcset=\"https:\/\/blogs.urz.uni-halle.de\/beyondwords\/files\/2018\/08\/DSC04941.jpg 6000w, https:\/\/blogs.urz.uni-halle.de\/beyondwords\/files\/2018\/08\/DSC04941-300x200.jpg 300w, https:\/\/blogs.urz.uni-halle.de\/beyondwords\/files\/2018\/08\/DSC04941-768x512.jpg 768w, https:\/\/blogs.urz.uni-halle.de\/beyondwords\/files\/2018\/08\/DSC04941-1024x683.jpg 1024w\" sizes=\"100vw\" \/><div style=\"width:440px;height:150px;background:#ffffff;top:50%;left:50%;opacity:0.9;\" class=\"ls-l\" data-ls=\"scalexin:0;durationout:400;scalexout:0;scaleyout:0;parallaxlevel:0;\"><\/div><p style=\"letter-spacing:1.6px;font-family:Roboto;font-size:36px;color:#363636;top:280px;left:50%;\" class=\"ls-l\" data-ls=\"offsetyin:100%;durationin:900;delayin:100;clipin:0 0 100% 0;durationout:400;parallaxlevel:0;\">Stein<\/p><p style=\"font-family:'Open Sans';font-size:15px;color:#878787;left:50%;top:54%;\" class=\"ls-l\" data-ls=\"offsetyin:-100%;durationin:900;delayin:100;clipin:100% 0 0 0;durationout:400;parallaxlevel:0;\">Berge, Vulkane, Cave, H\u00fcgel, Formationen<\/p><\/div><div class=\"ls-slide\" data-ls=\"bgsize:cover;bgposition:50% 50%;duration:4000;transition2d:104;kenburnsscale:1.00;\"><img width=\"6000\" height=\"4000\" src=\"https:\/\/blogs.urz.uni-halle.de\/beyondwords\/files\/2018\/08\/DSC02593.jpg\" class=\"ls-bg\" alt=\"\" loading=\"lazy\" srcset=\"https:\/\/blogs.urz.uni-halle.de\/beyondwords\/files\/2018\/08\/DSC02593.jpg 6000w, https:\/\/blogs.urz.uni-halle.de\/beyondwords\/files\/2018\/08\/DSC02593-300x200.jpg 300w, https:\/\/blogs.urz.uni-halle.de\/beyondwords\/files\/2018\/08\/DSC02593-768x512.jpg 768w, https:\/\/blogs.urz.uni-halle.de\/beyondwords\/files\/2018\/08\/DSC02593-1024x683.jpg 1024w\" sizes=\"100vw\" \/><div style=\"width:440px;height:150px;background:#ffffff;top:50%;left:50%;opacity:0.9;\" class=\"ls-l\" data-ls=\"scalexin:0;durationout:400;scalexout:0;scaleyout:0;parallaxlevel:0;\"><\/div><p style=\"letter-spacing:1.6px;font-family:Roboto;font-size:36px;color:#363636;top:280px;left:50%;\" class=\"ls-l\" data-ls=\"offsetyin:100%;durationin:900;delayin:100;clipin:0 0 100% 0;durationout:400;parallaxlevel:0;\">Sand<\/p><p style=\"font-family:'Open Sans';font-size:15px;color:#878787;left:50%;top:54%;\" class=\"ls-l\" data-ls=\"offsetyin:-100%;durationin:900;delayin:100;clipin:100% 0 0 0;durationout:400;parallaxlevel:0;\">Str\u00e4nde, Formationen, Meer<\/p><\/div><div class=\"ls-slide\" data-ls=\"bgsize:cover;bgposition:50% 50%;duration:4000;transition2d:104;kenburnsscale:1.00;\"><img width=\"6000\" height=\"4000\" src=\"https:\/\/blogs.urz.uni-halle.de\/beyondwords\/files\/2018\/08\/DSC05296.jpg\" class=\"ls-bg\" alt=\"\" loading=\"lazy\" srcset=\"https:\/\/blogs.urz.uni-halle.de\/beyondwords\/files\/2018\/08\/DSC05296.jpg 6000w, https:\/\/blogs.urz.uni-halle.de\/beyondwords\/files\/2018\/08\/DSC05296-300x200.jpg 300w, https:\/\/blogs.urz.uni-halle.de\/beyondwords\/files\/2018\/08\/DSC05296-768x512.jpg 768w, https:\/\/blogs.urz.uni-halle.de\/beyondwords\/files\/2018\/08\/DSC05296-1024x683.jpg 1024w\" sizes=\"100vw\" \/><div style=\"width:440px;height:150px;background:#ffffff;top:50%;left:50%;opacity:0.9;\" class=\"ls-l\" data-ls=\"scalexin:0;durationout:400;scalexout:0;scaleyout:0;parallaxlevel:0;\"><\/div><p style=\"letter-spacing:1.6px;font-family:Roboto;font-size:36px;color:#363636;top:280px;left:50%;\" class=\"ls-l\" data-ls=\"offsetyin:100%;durationin:900;delayin:100;clipin:0 0 100% 0;durationout:400;parallaxlevel:0;\">Gras<\/p><p style=\"font-family:'Open Sans';font-size:15px;color:#878787;left:50%;top:54%;\" class=\"ls-l\" data-ls=\"offsetyin:-100%;durationin:900;delayin:100;clipin:100% 0 0 0;durationout:400;parallaxlevel:0;\">Regenwald, H\u00fcgel, Walks<\/p><\/div><div class=\"ls-slide\" data-ls=\"bgsize:cover;bgposition:50% 50%;duration:4000;transition2d:104;kenburnsscale:1.00;\"><img width=\"6000\" height=\"4000\" src=\"https:\/\/blogs.urz.uni-halle.de\/beyondwords\/files\/2018\/05\/DSC03117.jpg\" class=\"ls-bg\" alt=\"\" loading=\"lazy\" srcset=\"https:\/\/blogs.urz.uni-halle.de\/beyondwords\/files\/2018\/05\/DSC03117.jpg 6000w, https:\/\/blogs.urz.uni-halle.de\/beyondwords\/files\/2018\/05\/DSC03117-300x200.jpg 300w, https:\/\/blogs.urz.uni-halle.de\/beyondwords\/files\/2018\/05\/DSC03117-768x512.jpg 768w, https:\/\/blogs.urz.uni-halle.de\/beyondwords\/files\/2018\/05\/DSC03117-1024x683.jpg 1024w\" sizes=\"100vw\" \/><div style=\"width:440px;height:150px;background:#ffffff;top:50%;left:50%;opacity:0.9;\" class=\"ls-l\" data-ls=\"scalexin:0;durationout:400;scalexout:0;scaleyout:0;parallaxlevel:0;\"><\/div><p style=\"letter-spacing:1.6px;font-family:Roboto;font-size:36px;color:#363636;top:280px;left:50%;\" class=\"ls-l\" data-ls=\"offsetyin:100%;durationin:900;delayin:100;clipin:0 0 100% 0;durationout:400;parallaxlevel:0;\">Schnee<\/p><p style=\"font-family:'Open Sans';font-size:15px;color:#878787;left:50%;top:54%;\" class=\"ls-l\" data-ls=\"offsetyin:-100%;durationin:900;delayin:100;clipin:100% 0 0 0;durationout:400;parallaxlevel:0;\">Berge, Gletscher<\/p><\/div><div class=\"ls-slide\" data-ls=\"bgsize:cover;bgposition:50% 50%;duration:4000;transition2d:104;kenburnsscale:1.00;\"><img width=\"6000\" height=\"4000\" src=\"https:\/\/blogs.urz.uni-halle.de\/beyondwords\/files\/2018\/08\/DSC04634.jpg\" class=\"ls-bg\" alt=\"\" loading=\"lazy\" srcset=\"https:\/\/blogs.urz.uni-halle.de\/beyondwords\/files\/2018\/08\/DSC04634.jpg 6000w, https:\/\/blogs.urz.uni-halle.de\/beyondwords\/files\/2018\/08\/DSC04634-300x200.jpg 300w, https:\/\/blogs.urz.uni-halle.de\/beyondwords\/files\/2018\/08\/DSC04634-768x512.jpg 768w, https:\/\/blogs.urz.uni-halle.de\/beyondwords\/files\/2018\/08\/DSC04634-1024x683.jpg 1024w\" sizes=\"100vw\" \/><div style=\"width:440px;height:150px;background:#ffffff;top:50%;left:50%;opacity:0.9;\" class=\"ls-l\" data-ls=\"scalexin:0;durationout:400;scalexout:0;scaleyout:0;parallaxlevel:0;\"><\/div><p style=\"letter-spacing:1.6px;font-family:Roboto;font-size:36px;color:#363636;top:280px;left:50%;\" class=\"ls-l\" data-ls=\"offsetyin:100%;durationin:900;delayin:100;clipin:0 0 100% 0;durationout:400;parallaxlevel:0;\">Points<\/p><p style=\"font-family:'Open Sans';font-size:15px;color:#878787;left:50%;top:54%;\" class=\"ls-l\" data-ls=\"offsetyin:-100%;durationin:900;delayin:100;clipin:100% 0 0 0;durationout:400;parallaxlevel:0;\">Formationen, Leutt\u00fcrme<\/p><\/div><div class=\"ls-slide\" data-ls=\"bgsize:cover;bgposition:50% 50%;duration:4000;transition2d:104;kenburnsscale:1.00;\"><img width=\"6000\" height=\"3376\" src=\"https:\/\/blogs.urz.uni-halle.de\/beyondwords\/files\/2018\/08\/DSC06363-1.jpg\" class=\"ls-bg\" alt=\"\" loading=\"lazy\" srcset=\"https:\/\/blogs.urz.uni-halle.de\/beyondwords\/files\/2018\/08\/DSC06363-1.jpg 6000w, https:\/\/blogs.urz.uni-halle.de\/beyondwords\/files\/2018\/08\/DSC06363-1-300x169.jpg 300w, https:\/\/blogs.urz.uni-halle.de\/beyondwords\/files\/2018\/08\/DSC06363-1-768x432.jpg 768w, https:\/\/blogs.urz.uni-halle.de\/beyondwords\/files\/2018\/08\/DSC06363-1-1024x576.jpg 1024w\" sizes=\"100vw\" \/><div style=\"width:440px;height:150px;background:#ffffff;top:50%;left:50%;opacity:0.9;\" class=\"ls-l\" data-ls=\"scalexin:0;durationout:400;scalexout:0;scaleyout:0;parallaxlevel:0;\"><\/div><p style=\"letter-spacing:1.6px;font-family:Roboto;font-size:36px;color:#363636;top:280px;left:50%;\" class=\"ls-l\" data-ls=\"offsetyin:100%;durationin:900;delayin:100;clipin:0 0 100% 0;durationout:400;parallaxlevel:0;\">Inseln<\/p><p style=\"font-family:'Open Sans';font-size:15px;color:#878787;left:50%;top:54%;\" class=\"ls-l\" data-ls=\"offsetyin:-100%;durationin:900;delayin:100;clipin:100% 0 0 0;durationout:400;parallaxlevel:0;\">Discover<\/p><\/div><\/div>\n<p>&nbsp;<\/p>\n<p>&nbsp;<\/p>\n<p>Klickt einfach auf &#8222;Discover&#8220; und ihr kommt auf eine Kategorie Seite. Dort werden alle Post, die ich im Bezug auf die jeweilige Kategorie gemacht habe, angezeigt. Falls ihr beim klicken nirgendwohin kommt bedeutet das, dass ich zu dieser Natur &#8211; Kategorie noch keinen relevanten Beitrag verfasst habe.<br \/>\nEtwas Gedult und es kommt Kontent zu deiner Wunschlandschaft!<\/p>\n","protected":false},"excerpt":{"rendered":"<p>Die Natur in Neuseeland ist einfach nur atemberaubend. Egal ob Berge, Seen, Fjorde, Steinformationen, Wasserf\u00e4lle, Gletscher, Str\u00e4nde, grasgr\u00fcne H\u00fcgel, oder (Halb)-inseln. Um jede Ecke l\u00e4sst sich etwas neues entdecken! Auch die unz\u00e4hligen Points sind wundersch\u00f6n und einen Besuch wert. Mit den etlichen Walks l\u00e4sst es sich in Neuseeland totwandern. Jedoch sind die Hauptattraktionen meistens nah &hellip; <\/p>\n<p class=\"link-more\"><a href=\"https:\/\/blogs.urz.uni-halle.de\/beyondwords\/nature\/\" class=\"more-link\"><span class=\"screen-reader-text\">\u201eNature\u201c<\/span> weiterlesen<\/a><\/p>\n","protected":false},"author":3502,"featured_media":0,"parent":0,"menu_order":0,"comment_status":"closed","ping_status":"closed","template":"","meta":[],"_links":{"self":[{"href":"https:\/\/blogs.urz.uni-halle.de\/beyondwords\/wp-json\/wp\/v2\/pages\/116"}],"collection":[{"href":"https:\/\/blogs.urz.uni-halle.de\/beyondwords\/wp-json\/wp\/v2\/pages"}],"about":[{"href":"https:\/\/blogs.urz.uni-halle.de\/beyondwords\/wp-json\/wp\/v2\/types\/page"}],"author":[{"embeddable":true,"href":"https:\/\/blogs.urz.uni-halle.de\/beyondwords\/wp-json\/wp\/v2\/users\/3502"}],"replies":[{"embeddable":true,"href":"https:\/\/blogs.urz.uni-halle.de\/beyondwords\/wp-json\/wp\/v2\/comments?post=116"}],"version-history":[{"count":9,"href":"https:\/\/blogs.urz.uni-halle.de\/beyondwords\/wp-json\/wp\/v2\/pages\/116\/revisions"}],"predecessor-version":[{"id":480,"href":"https:\/\/blogs.urz.uni-halle.de\/beyondwords\/wp-json\/wp\/v2\/pages\/116\/revisions\/480"}],"wp:attachment":[{"href":"https:\/\/blogs.urz.uni-halle.de\/beyondwords\/wp-json\/wp\/v2\/media?parent=116"}],"curies":[{"name":"wp","href":"https:\/\/api.w.org\/{rel}","templated":true}]}}