{"id":119,"date":"2018-08-13T10:13:07","date_gmt":"2018-08-13T08:13:07","guid":{"rendered":"https:\/\/blogs.urz.uni-halle.de\/beyondwords\/?page_id=119"},"modified":"2018-10-03T22:22:45","modified_gmt":"2018-10-03T20:22:45","slug":"adventures","status":"publish","type":"page","link":"https:\/\/blogs.urz.uni-halle.de\/beyondwords\/adventures\/","title":{"rendered":"Adventures"},"content":{"rendered":"<h5 style=\"text-align: center\">&#8222;To live will be an awfully big adventure&#8220;<\/h5>\n<p style=\"text-align: center\">&#8211; Peter Pan<\/p>\n<p>&nbsp;<\/p>\n<p>Abenteuer, Erlebnis, Risiko?!<br \/>\nEin &#8222;Adventure&#8220; bedeutet f\u00fcr mich etwas neues wagen, erleben und entdecken.<br \/>\nAlleine, mit Freunden, Familie, Bekannten oder zun\u00e4chst fremden Menschen. Egal ob in deiner Heimatstadt oder am anderen Ende der Welt.<br \/>\nIm Prinzip einfach leben!<br \/>\nUnd ja, manche Risikos d\u00fcrfen und sollten sogar eingeganen werden. Ein bisschen Mut geh\u00f6rt vielleicht dazu, aber sonst w\u00e4r das Leben ja auch langweilig.<\/p>\n<p>&nbsp;<\/p>\n<p>&nbsp;<\/p>\n<script type=\"text\/javascript\">var lsjQuery = jQuery;lsjQuery(document).ready(function() {\r\nif(typeof lsjQuery.fn.layerSlider == \"undefined\") {\r\nif( window._layerSlider && window._layerSlider.showNotice) { \r\nwindow._layerSlider.showNotice('layerslider_14','jquery');\r\n}\r\n} else {\r\nlsjQuery(\"#layerslider_14\").layerSlider({sliderVersion: '6.5.5', type: 'fullwidth', responsiveUnder: 0, maxRatio: 1, slideBGSize: 'auto', hideUnder: 0, hideOver: 100000, skin: 'outline', thumbnailNavigation: 'disabled', skinsPath: 'https:\/\/blogs.urz.uni-halle.de\/beyondwords\/wp-content\/plugins\/LayerSlider\/static\/layerslider\/skins\/'});\r\n}\r\n});\r\n<\/script><div id=\"layerslider_14\" class=\"ls-wp-container fitvidsignore\" style=\"width:1140px;height:640px;margin:0 auto;margin-bottom: 0px;\"><div class=\"ls-slide\" data-ls=\"bgsize:cover;bgposition:50% 50%;duration:4000;transition2d:104;kenburnsscale:1.00;\"><img width=\"6000\" height=\"4000\" src=\"https:\/\/blogs.urz.uni-halle.de\/beyondwords\/files\/2018\/08\/DSC02400-1.jpg\" class=\"ls-bg\" alt=\"\" loading=\"lazy\" srcset=\"https:\/\/blogs.urz.uni-halle.de\/beyondwords\/files\/2018\/08\/DSC02400-1.jpg 6000w, https:\/\/blogs.urz.uni-halle.de\/beyondwords\/files\/2018\/08\/DSC02400-1-300x200.jpg 300w, https:\/\/blogs.urz.uni-halle.de\/beyondwords\/files\/2018\/08\/DSC02400-1-768x512.jpg 768w, https:\/\/blogs.urz.uni-halle.de\/beyondwords\/files\/2018\/08\/DSC02400-1-1024x683.jpg 1024w\" sizes=\"100vw\" \/><a style=\"\" class=\"ls-l\" href=\"https:\/\/blogs.urz.uni-halle.de\/beyondwords\/kategorie\/adventure\/story\/\" target=\"_top\" data-ls=\"scalexin:0;durationout:400;scalexout:0;scaleyout:0;parallaxlevel:0;\"><div style=\"width:440px;height:150px;background:#ffffff;top:50%;left:50%;font-family:'Open Sans';opacity:0.9;\" class=\"\"><\/div><\/a><p style=\"letter-spacing:1.6px;font-family:'Open Sans';font-size:36px;color:#363636;top:280px;left:50%;\" class=\"ls-l\" data-ls=\"offsetyin:100%;durationin:900;delayin:100;clipin:0 0 100% 0;durationout:400;parallaxlevel:0;\">Storys<\/p><p style=\"font-family:'Open Sans';font-size:18px;color:#878787;top:54%;left:50%;\" class=\"ls-l\" data-ls=\"offsetyin:-100%;durationin:900;delayin:100;clipin:100% 0 0 0;durationout:400;parallaxlevel:0;\">Discover<\/p><\/div><div class=\"ls-slide\" data-ls=\"bgsize:cover;bgposition:50% 50%;duration:4000;transition2d:104;kenburnsscale:1.00;\"><img width=\"6000\" height=\"3376\" src=\"https:\/\/blogs.urz.uni-halle.de\/beyondwords\/files\/2018\/08\/DSC06659.jpg\" class=\"ls-bg\" alt=\"\" loading=\"lazy\" srcset=\"https:\/\/blogs.urz.uni-halle.de\/beyondwords\/files\/2018\/08\/DSC06659.jpg 6000w, https:\/\/blogs.urz.uni-halle.de\/beyondwords\/files\/2018\/08\/DSC06659-300x169.jpg 300w, https:\/\/blogs.urz.uni-halle.de\/beyondwords\/files\/2018\/08\/DSC06659-768x432.jpg 768w, https:\/\/blogs.urz.uni-halle.de\/beyondwords\/files\/2018\/08\/DSC06659-1024x576.jpg 1024w\" sizes=\"100vw\" \/><div style=\"width:440px;height:150px;background:#ffffff;top:50%;left:50%;font-family:'Open Sans';opacity:0.9;\" class=\"ls-l\" data-ls=\"scalexin:0;durationout:400;scalexout:0;scaleyout:0;parallaxlevel:0;\"><\/div><p style=\"letter-spacing:1.6px;font-family:'Open Sans';font-size:36px;color:#363636;top:280px;left:50%;\" class=\"ls-l\" data-ls=\"offsetyin:100%;durationin:900;delayin:100;clipin:0 0 100% 0;durationout:400;parallaxlevel:0;\">Walks<\/p><p style=\"font-family:'Open Sans';font-size:18px;color:#878787;top:54%;left:50%;\" class=\"ls-l\" data-ls=\"offsetyin:-100%;durationin:900;delayin:100;clipin:100% 0 0 0;durationout:400;parallaxlevel:0;\">Discover<\/p><\/div><\/div>\n<p>&nbsp;<\/p>\n<p>&nbsp;<\/p>\n<p>Die beiden Leitmottos dazu von mir und meinen Travelbuddys:<\/p>\n<h5 style=\"text-align: center\">&#8222;No risk, no fun&#8220;<\/h5>\n<h5 style=\"text-align: center\">&#8222;Leben am Limit&#8220;<\/h5>\n<p>&nbsp;<\/p>\n","protected":false},"excerpt":{"rendered":"<p>&#8222;To live will be an awfully big adventure&#8220; &#8211; Peter Pan &nbsp; Abenteuer, Erlebnis, Risiko?! Ein &#8222;Adventure&#8220; bedeutet f\u00fcr mich etwas neues wagen, erleben und entdecken. Alleine, mit Freunden, Familie, Bekannten oder zun\u00e4chst fremden Menschen. Egal ob in deiner Heimatstadt oder am anderen Ende der Welt. Im Prinzip einfach leben! Und ja, manche Risikos d\u00fcrfen &hellip; <\/p>\n<p class=\"link-more\"><a href=\"https:\/\/blogs.urz.uni-halle.de\/beyondwords\/adventures\/\" class=\"more-link\"><span class=\"screen-reader-text\">\u201eAdventures\u201c<\/span> weiterlesen<\/a><\/p>\n","protected":false},"author":3502,"featured_media":0,"parent":0,"menu_order":0,"comment_status":"closed","ping_status":"closed","template":"","meta":[],"_links":{"self":[{"href":"https:\/\/blogs.urz.uni-halle.de\/beyondwords\/wp-json\/wp\/v2\/pages\/119"}],"collection":[{"href":"https:\/\/blogs.urz.uni-halle.de\/beyondwords\/wp-json\/wp\/v2\/pages"}],"about":[{"href":"https:\/\/blogs.urz.uni-halle.de\/beyondwords\/wp-json\/wp\/v2\/types\/page"}],"author":[{"embeddable":true,"href":"https:\/\/blogs.urz.uni-halle.de\/beyondwords\/wp-json\/wp\/v2\/users\/3502"}],"replies":[{"embeddable":true,"href":"https:\/\/blogs.urz.uni-halle.de\/beyondwords\/wp-json\/wp\/v2\/comments?post=119"}],"version-history":[{"count":10,"href":"https:\/\/blogs.urz.uni-halle.de\/beyondwords\/wp-json\/wp\/v2\/pages\/119\/revisions"}],"predecessor-version":[{"id":761,"href":"https:\/\/blogs.urz.uni-halle.de\/beyondwords\/wp-json\/wp\/v2\/pages\/119\/revisions\/761"}],"wp:attachment":[{"href":"https:\/\/blogs.urz.uni-halle.de\/beyondwords\/wp-json\/wp\/v2\/media?parent=119"}],"curies":[{"name":"wp","href":"https:\/\/api.w.org\/{rel}","templated":true}]}}