{"id":126,"date":"2018-08-13T10:14:03","date_gmt":"2018-08-13T08:14:03","guid":{"rendered":"https:\/\/blogs.urz.uni-halle.de\/beyondwords\/?page_id=126"},"modified":"2018-08-31T11:14:27","modified_gmt":"2018-08-31T09:14:27","slug":"organisation","status":"publish","type":"page","link":"https:\/\/blogs.urz.uni-halle.de\/beyondwords\/organisation\/","title":{"rendered":"Organisation"},"content":{"rendered":"<h4 style=\"text-align: center\">Mehr und konretere Informationen:<\/h4>\n<p style=\"text-align: center\">Meine Organisation:\u00a0 <a href=\"https:\/\/www.aifs.de\/au-pair\/das-ist-au-pair.html\">AIFS<\/a><\/p>\n<p style=\"text-align: center\">Partnerorganisation:\u00a0<a href=\"https:\/\/www.aupairlink.co.nz\/\">\u00a0Au Pair Link<\/a><\/p>\n<p>&nbsp;<\/p>\n<hr \/>\n<h4>Brauche ich eine Organisation um Au Pair zu werden?<\/h4>\n<p>Eigentlich nicht. Heutzutage geht das auch problemlos \u00fcber Facebook. Sicher gibt es auch andere kostenlose Portale, wo die Familienvermittlung m\u00f6glich ist. Allerdings bringt der Kostenvorteil dieser Art der Familiensuche und des Auslandaufenthalts einige Nachteile mit sich. Z.B., dass es keinen Vertrag mit dritter Kontrollperson bzw. direkte Ansprechpersonen gibt oder das ein Rematch evtl. schwieriger ist.<\/p>\n<h4>Welche Organisation?<\/h4>\n<p>Erfahrungsberichte lesen und Preis-\/Leistungsvergleich. Ich habe die Organisation AIFS auf dem Hochschulinformationstag an meinem Gymnasium durch eine Pr\u00e4sentation kennengelernt, und mich dann weiter informiert. Es gibt auch gr\u00f6\u00dfere Veranstaltungen (Messen) \u00fcberall in Deutschland, wo sich viele Organisationen vorstellen.<br \/>\nDen mei\u00dften Kontakt hast du w\u00e4hrend des Jahres mit der Partnerorganisation vor Ort. Hier kann es gro\u00dfe Service Unterschiede geben.<\/p>\n<h4>Was kostet die Organisation?<\/h4>\n<p>Das ist nat\u00fcrlich von Organisation zu Organisation unterschiedlich. Am besten ist es immer die Preise und die Leistungen zu vergleichen. Manchmal ist z.B. der Flug im Preis mit drin und bei manchen nicht. In der Nebensaison zu fliegen ist g\u00fcnstiger. Auch kommt es auf das Land und die Aufenthaltsdauer an.<\/p>\n<h4>Welche Regularien hat eine Organisation?<\/h4>\n<p>Auch da wird sich nicht viel tun von Organisation zu Organisation.<br \/>\nAuf jeden Fall ben\u00f6tigst du einen F\u00fchrerschein, Referenzen und eine gewisse Anzahl nachgewiesender Stunden an Kinderbetreuungserfahrung. Nat\u00fcrlich geht das Ganze erst ab 18 und du solltest dich in Englisch einigerma\u00dfen verst\u00e4ndigen k\u00f6nnen. Alles weitere liest du einfach auf der Website der Organisation nach.<\/p>\n<h4>Welche Vor-und Nachteile hat eine Organisation?<\/h4>\n<p>Die gelisteten Vorteile und Nachteile basieren aufgrund meinen Erfahrungen mit der Organisation AIFS und der Partnerorganisation Au Pair Link in Neuseeland:<\/p>\n<h5 style=\"text-align: left\">Vorteile<\/h5>\n<ul>\n<li style=\"text-align: left\">Sicherheitsgef\u00fchl<\/li>\n<li style=\"text-align: left\">Orientationdays<\/li>\n<li style=\"text-align: left\">Hinflug mit anderen Au Pairs<\/li>\n<li style=\"text-align: left\">evtl. schneller lokale Kontakte kn\u00fcpfen (Andere Au Pairs von AIFS in naher Umgebung)<\/li>\n<li style=\"text-align: left\">Coffee Group<\/li>\n<li style=\"text-align: left\">Unterst\u00fctzung bei der Bewerbung \/ Matchingprozess \/ Flug \/ Visa<\/li>\n<li style=\"text-align: left\">Unterst\u00fctzung \/ Ansprechpartner vor Ort<\/li>\n<li style=\"text-align: left\">w\u00f6chentliche Play Group<\/li>\n<li>Monatliche Ausfl\u00fcge\/Events f\u00fcr die Kids \/ nur die Au Pairs<\/li>\n<li>Versicherung<\/li>\n<\/ul>\n<h5>Nachteile<\/h5>\n<ul>\n<li>h\u00f6here Kosten<\/li>\n<li>in l\u00e4ndlicheren Gebieten k\u00f6nnen nicht alle Vorteile ausgenutzt werden<\/li>\n<li>Aufgaben erf\u00fcllen<\/li>\n<li>evtl. h\u00f6here Bewerbungsanforderungen erf\u00fcllen (Texte, Formulare, Bewerbungsvideo, Nachweise)<\/li>\n<\/ul>\n<h4>Welche organisationsbezogene Aufgaben hat ein Au Pair?<\/h4>\n<p>(Sind eigentlich eine gute Sache und m\u00fcssen rechtlich sein. Am Anfang hat es mir noch Spa\u00df gemacht. Mit der Zeit wurde es aber etwas langweilig.)<\/p>\n<ul>\n<li>monatliche Learning Storys schreiben<\/li>\n<li>T\u00e4gliches Aktivi\u00e4ts-\/Essens-\/Erlebnis- Tagebuch f\u00fcr die Kinder (Communication Book)<\/li>\n<\/ul>\n<p>&nbsp;<\/p>\n<hr \/>\n<h4><\/h4>\n<h4 style=\"text-align: center\">Mehr und konretere Informationen:<\/h4>\n<p style=\"text-align: center\">Meine Organisation:\u00a0 <a href=\"https:\/\/www.aifs.de\/au-pair\/das-ist-au-pair.html\">AIFS<\/a><\/p>\n<p style=\"text-align: center\">Partnerorganisation:\u00a0<a href=\"https:\/\/www.aupairlink.co.nz\/\">\u00a0Au Pair Link<\/a><\/p>\n<p>&nbsp;<\/p>\n","protected":false},"excerpt":{"rendered":"<p>Mehr und konretere Informationen: Meine Organisation:\u00a0 AIFS Partnerorganisation:\u00a0\u00a0Au Pair Link &nbsp; Brauche ich eine Organisation um Au Pair zu werden? Eigentlich nicht. Heutzutage geht das auch problemlos \u00fcber Facebook. Sicher gibt es auch andere kostenlose Portale, wo die Familienvermittlung m\u00f6glich ist. Allerdings bringt der Kostenvorteil dieser Art der Familiensuche und des Auslandaufenthalts einige Nachteile mit &hellip; <\/p>\n<p class=\"link-more\"><a href=\"https:\/\/blogs.urz.uni-halle.de\/beyondwords\/organisation\/\" class=\"more-link\"><span class=\"screen-reader-text\">\u201eOrganisation\u201c<\/span> weiterlesen<\/a><\/p>\n","protected":false},"author":3502,"featured_media":0,"parent":0,"menu_order":0,"comment_status":"closed","ping_status":"closed","template":"","meta":[],"_links":{"self":[{"href":"https:\/\/blogs.urz.uni-halle.de\/beyondwords\/wp-json\/wp\/v2\/pages\/126"}],"collection":[{"href":"https:\/\/blogs.urz.uni-halle.de\/beyondwords\/wp-json\/wp\/v2\/pages"}],"about":[{"href":"https:\/\/blogs.urz.uni-halle.de\/beyondwords\/wp-json\/wp\/v2\/types\/page"}],"author":[{"embeddable":true,"href":"https:\/\/blogs.urz.uni-halle.de\/beyondwords\/wp-json\/wp\/v2\/users\/3502"}],"replies":[{"embeddable":true,"href":"https:\/\/blogs.urz.uni-halle.de\/beyondwords\/wp-json\/wp\/v2\/comments?post=126"}],"version-history":[{"count":10,"href":"https:\/\/blogs.urz.uni-halle.de\/beyondwords\/wp-json\/wp\/v2\/pages\/126\/revisions"}],"predecessor-version":[{"id":724,"href":"https:\/\/blogs.urz.uni-halle.de\/beyondwords\/wp-json\/wp\/v2\/pages\/126\/revisions\/724"}],"wp:attachment":[{"href":"https:\/\/blogs.urz.uni-halle.de\/beyondwords\/wp-json\/wp\/v2\/media?parent=126"}],"curies":[{"name":"wp","href":"https:\/\/api.w.org\/{rel}","templated":true}]}}