{"id":135,"date":"2018-08-13T10:16:43","date_gmt":"2018-08-13T08:16:43","guid":{"rendered":"https:\/\/blogs.urz.uni-halle.de\/beyondwords\/?page_id=135"},"modified":"2018-08-31T19:16:45","modified_gmt":"2018-08-31T17:16:45","slug":"gallerie","status":"publish","type":"page","link":"https:\/\/blogs.urz.uni-halle.de\/beyondwords\/gallerie\/","title":{"rendered":"Gallerie"},"content":{"rendered":"<p>Neuseeland besteht aus mehreren Inseln, von denen ich einige besichtigen durfte. Haupts\u00e4chlich wird das Land jedoch in Nord- und S\u00fcdinsel unterteilt.<\/p>\n<p>In meiner Gallerie habe ich diese beiden Inseln in Nord-, Ost-, West-, Center- und S\u00fcd- Regionen gegliedert. Die Bilder sind in keiner bestimmen Reihenfolge und dienen einfach als Impression f\u00fcr die jeweilige Region des Landes.<\/p>\n<p>&nbsp;<\/p>\n<script type=\"text\/javascript\">var lsjQuery = jQuery;lsjQuery(document).ready(function() {\r\nif(typeof lsjQuery.fn.layerSlider == \"undefined\") {\r\nif( window._layerSlider && window._layerSlider.showNotice) { \r\nwindow._layerSlider.showNotice('layerslider_3','jquery');\r\n}\r\n} else {\r\nlsjQuery(\"#layerslider_3\").layerSlider({sliderVersion: '6.5.5', type: 'fullwidth', responsiveUnder: 0, maxRatio: 1, slideBGSize: 'auto', hideUnder: 0, hideOver: 100000, skin: 'outline', thumbnailNavigation: 'disabled', skinsPath: 'https:\/\/blogs.urz.uni-halle.de\/beyondwords\/wp-content\/plugins\/LayerSlider\/static\/layerslider\/skins\/'});\r\n}\r\n});\r\n<\/script><div id=\"layerslider_3\" class=\"ls-wp-container fitvidsignore\" style=\"width:1140px;height:640px;margin:0 auto;margin-bottom: 0px;\"><div class=\"ls-slide\" data-ls=\"bgsize:cover;bgposition:50% 50%;duration:4000;transition2d:104;kenburnsscale:1.00;\"><img width=\"6000\" height=\"3376\" src=\"https:\/\/blogs.urz.uni-halle.de\/beyondwords\/files\/2018\/08\/DSC06868.jpg\" class=\"ls-bg\" alt=\"\" loading=\"lazy\" srcset=\"https:\/\/blogs.urz.uni-halle.de\/beyondwords\/files\/2018\/08\/DSC06868.jpg 6000w, https:\/\/blogs.urz.uni-halle.de\/beyondwords\/files\/2018\/08\/DSC06868-300x169.jpg 300w, https:\/\/blogs.urz.uni-halle.de\/beyondwords\/files\/2018\/08\/DSC06868-768x432.jpg 768w, https:\/\/blogs.urz.uni-halle.de\/beyondwords\/files\/2018\/08\/DSC06868-1024x576.jpg 1024w\" sizes=\"100vw\" \/><a style=\"\" class=\"ls-l\" href=\"https:\/\/blogs.urz.uni-halle.de\/beyondwords\/gallerie-north-island\/\" target=\"_top\" data-ls=\"scalexin:0;durationout:400;scalexout:0;scaleyout:0;parallaxlevel:0;\"><div style=\"width:440px;height:150px;background:#ffffff;top:50%;left:50%;opacity:0.9;\" class=\"\"><\/div><\/a><p style=\"letter-spacing:1.6px;font-family:Roboto;font-size:36px;color:#363636;top:280px;left:50%;\" class=\"ls-l\" data-ls=\"offsetyin:100%;durationin:900;delayin:100;clipin:0 0 100% 0;durationout:400;parallaxlevel:0;\">North Island<\/p><a style=\"\" class=\"ls-l\" href=\"https:\/\/blogs.urz.uni-halle.de\/beyondwords\/gallerie-north-island\/\" target=\"_self\" data-ls=\"offsetyin:-100%;durationin:900;delayin:100;clipin:100% 0 0 0;durationout:400;hover:true;parallaxlevel:0;\"><p style=\"font-family:'Open Sans';font-size:18px;color:#474747;top:54%;left:50%;font-style:normal;font-weight:300;text-decoration:none;\" class=\"\">Discover<\/p><\/a><\/div><div class=\"ls-slide\" data-ls=\"bgsize:cover;bgposition:50% 50%;duration:4000;transition2d:104;kenburnsscale:1.2;\"><img width=\"6000\" height=\"4000\" src=\"https:\/\/blogs.urz.uni-halle.de\/beyondwords\/files\/2018\/08\/DSC01844.jpg\" class=\"ls-bg\" alt=\"\" loading=\"lazy\" srcset=\"https:\/\/blogs.urz.uni-halle.de\/beyondwords\/files\/2018\/08\/DSC01844.jpg 6000w, https:\/\/blogs.urz.uni-halle.de\/beyondwords\/files\/2018\/08\/DSC01844-300x200.jpg 300w, https:\/\/blogs.urz.uni-halle.de\/beyondwords\/files\/2018\/08\/DSC01844-768x512.jpg 768w, https:\/\/blogs.urz.uni-halle.de\/beyondwords\/files\/2018\/08\/DSC01844-1024x683.jpg 1024w\" sizes=\"100vw\" \/><a style=\"\" class=\"ls-l\" href=\"https:\/\/blogs.urz.uni-halle.de\/beyondwords\/gallerie-south-island\/\" target=\"_self\" data-ls=\"scalexin:0;durationout:400;scalexout:0;scaleyout:0;parallaxlevel:0;\"><div style=\"width:440px;height:150px;background:#ffffff;top:50%;left:50%;opacity:0.9;\" class=\"\"><\/div><\/a><p style=\"letter-spacing:1.6px;font-family:Roboto;font-size:36px;color:#363636;top:280px;left:50%;\" class=\"ls-l\" data-ls=\"offsetyin:100%;durationin:900;delayin:100;clipin:0 0 100% 0;durationout:400;parallaxlevel:0;\">South Island<\/p><a style=\"\" class=\"ls-l\" href=\"https:\/\/blogs.urz.uni-halle.de\/beyondwords\/gallerie-south-island\/\" target=\"_self\" data-ls=\"offsetyin:-100%;durationin:900;delayin:100;clipin:100% 0 0 0;durationout:400;parallaxlevel:0;\"><p style=\"font-family:'Open Sans';font-size:18px;color:#878787;left:50%;top:54%;\" class=\"\">Discover<\/p><\/a><\/div><\/div>\n<p style=\"text-align: center\">\n","protected":false},"excerpt":{"rendered":"<p>Neuseeland besteht aus mehreren Inseln, von denen ich einige besichtigen durfte. Haupts\u00e4chlich wird das Land jedoch in Nord- und S\u00fcdinsel unterteilt. In meiner Gallerie habe ich diese beiden Inseln in Nord-, Ost-, West-, Center- und S\u00fcd- Regionen gegliedert. Die Bilder sind in keiner bestimmen Reihenfolge und dienen einfach als Impression f\u00fcr die jeweilige Region des &hellip; <\/p>\n<p class=\"link-more\"><a href=\"https:\/\/blogs.urz.uni-halle.de\/beyondwords\/gallerie\/\" class=\"more-link\"><span class=\"screen-reader-text\">\u201eGallerie\u201c<\/span> weiterlesen<\/a><\/p>\n","protected":false},"author":3502,"featured_media":0,"parent":0,"menu_order":0,"comment_status":"closed","ping_status":"closed","template":"","meta":[],"_links":{"self":[{"href":"https:\/\/blogs.urz.uni-halle.de\/beyondwords\/wp-json\/wp\/v2\/pages\/135"}],"collection":[{"href":"https:\/\/blogs.urz.uni-halle.de\/beyondwords\/wp-json\/wp\/v2\/pages"}],"about":[{"href":"https:\/\/blogs.urz.uni-halle.de\/beyondwords\/wp-json\/wp\/v2\/types\/page"}],"author":[{"embeddable":true,"href":"https:\/\/blogs.urz.uni-halle.de\/beyondwords\/wp-json\/wp\/v2\/users\/3502"}],"replies":[{"embeddable":true,"href":"https:\/\/blogs.urz.uni-halle.de\/beyondwords\/wp-json\/wp\/v2\/comments?post=135"}],"version-history":[{"count":10,"href":"https:\/\/blogs.urz.uni-halle.de\/beyondwords\/wp-json\/wp\/v2\/pages\/135\/revisions"}],"predecessor-version":[{"id":732,"href":"https:\/\/blogs.urz.uni-halle.de\/beyondwords\/wp-json\/wp\/v2\/pages\/135\/revisions\/732"}],"wp:attachment":[{"href":"https:\/\/blogs.urz.uni-halle.de\/beyondwords\/wp-json\/wp\/v2\/media?parent=135"}],"curies":[{"name":"wp","href":"https:\/\/api.w.org\/{rel}","templated":true}]}}