{"id":91,"date":"2018-08-13T10:01:29","date_gmt":"2018-08-13T08:01:29","guid":{"rendered":"https:\/\/blogs.urz.uni-halle.de\/beyondwords\/?page_id=91"},"modified":"2018-10-03T22:19:59","modified_gmt":"2018-10-03T20:19:59","slug":"travel","status":"publish","type":"page","link":"https:\/\/blogs.urz.uni-halle.de\/beyondwords\/travel\/","title":{"rendered":"Travel"},"content":{"rendered":"<p>Die ganze Welt bereisen, alles sehen, neue Dinge ausprobieren, Fremdsprachen sprechen und andere Kulturen und Menschen kennenlernen. Dazu passt der Spruch:<\/p>\n<p>&nbsp;<\/p>\n<blockquote>\n<h5 style=\"text-align: center\">&#8222;I havent been everywhere, but it&#8217;s on my list&#8220;<\/h5>\n<\/blockquote>\n<p>&nbsp;<\/p>\n<p>Ich bin froh und dankbar daf\u00fcr, dass ich schon viele M\u00f6glichkeiten hatte in Europa rum zu kommen. Auch \u00fcber den &#8222;gro\u00dfen Teich&#8220; bin ich schon zwei Mal geflogen: einmal alleine f\u00fcr drei Monate nach Winnipeg (Canada) und einmal mit meiner Familie f\u00fcr einen Monat an die West Cost der USA. Neuseeland wurde nach dem Abi mein n\u00e4chstes gro\u00dfes Reiseabenteuer, mit ein paar Tagen Zwischenstopp in Dubai auf dem Weg zur\u00fcck in die Heimat. Und es wird auf keinen Fall das letzte Adventure bleiben.<\/p>\n<p>&nbsp;<\/p>\n<blockquote>\n<h5 style=\"text-align: center\">&#8222;The world is not in your books and maps, its out there!&#8220;<\/h5>\n<p style=\"text-align: center\">&#8211; J.R.R. Tolkin<\/p>\n<\/blockquote>\n","protected":false},"excerpt":{"rendered":"<p>Die ganze Welt bereisen, alles sehen, neue Dinge ausprobieren, Fremdsprachen sprechen und andere Kulturen und Menschen kennenlernen. Dazu passt der Spruch: &nbsp; &#8222;I havent been everywhere, but it&#8217;s on my list&#8220; &nbsp; Ich bin froh und dankbar daf\u00fcr, dass ich schon viele M\u00f6glichkeiten hatte in Europa rum zu kommen. Auch \u00fcber den &#8222;gro\u00dfen Teich&#8220; bin &hellip; <\/p>\n<p class=\"link-more\"><a href=\"https:\/\/blogs.urz.uni-halle.de\/beyondwords\/travel\/\" class=\"more-link\"><span class=\"screen-reader-text\">\u201eTravel\u201c<\/span> weiterlesen<\/a><\/p>\n","protected":false},"author":3502,"featured_media":0,"parent":0,"menu_order":0,"comment_status":"closed","ping_status":"closed","template":"","meta":[],"_links":{"self":[{"href":"https:\/\/blogs.urz.uni-halle.de\/beyondwords\/wp-json\/wp\/v2\/pages\/91"}],"collection":[{"href":"https:\/\/blogs.urz.uni-halle.de\/beyondwords\/wp-json\/wp\/v2\/pages"}],"about":[{"href":"https:\/\/blogs.urz.uni-halle.de\/beyondwords\/wp-json\/wp\/v2\/types\/page"}],"author":[{"embeddable":true,"href":"https:\/\/blogs.urz.uni-halle.de\/beyondwords\/wp-json\/wp\/v2\/users\/3502"}],"replies":[{"embeddable":true,"href":"https:\/\/blogs.urz.uni-halle.de\/beyondwords\/wp-json\/wp\/v2\/comments?post=91"}],"version-history":[{"count":10,"href":"https:\/\/blogs.urz.uni-halle.de\/beyondwords\/wp-json\/wp\/v2\/pages\/91\/revisions"}],"predecessor-version":[{"id":759,"href":"https:\/\/blogs.urz.uni-halle.de\/beyondwords\/wp-json\/wp\/v2\/pages\/91\/revisions\/759"}],"wp:attachment":[{"href":"https:\/\/blogs.urz.uni-halle.de\/beyondwords\/wp-json\/wp\/v2\/media?parent=91"}],"curies":[{"name":"wp","href":"https:\/\/api.w.org\/{rel}","templated":true}]}}