{"id":95,"date":"2018-08-13T10:03:20","date_gmt":"2018-08-13T08:03:20","guid":{"rendered":"https:\/\/blogs.urz.uni-halle.de\/beyondwords\/?page_id=95"},"modified":"2018-08-14T19:05:58","modified_gmt":"2018-08-14T17:05:58","slug":"neuseeland","status":"publish","type":"page","link":"https:\/\/blogs.urz.uni-halle.de\/beyondwords\/neuseeland\/","title":{"rendered":"Neuseeland"},"content":{"rendered":"<p>Warum gerade ans andere Ende der Welt und warum Neuseeland? Diese Frage wurde mir andauernd gestellt, ob in Deutschland oder Neuseeland.<br \/>\nSpa\u00dfeshalber habe ich immer geantwortet, dass ich mal meine Artgenossen, die Hobbits (bin 1,55m klein (oder gro\u00df, kommt auf die Perspektive an)), besuchen muss.<br \/>\nAber Spa\u00df bei Seite, viel mehr wusste ich \u00fcber das Land der langen wei\u00dfen Wolke auch nicht. Au\u00dfer das es aus zwei Inseln besteht, viele aktive Vulkane und oft Erdbeeben gibt und die Natur echt sch\u00f6n sein soll. Ach ja und das diese unbedeutenden Filmtriologien dort gedreht wurden &#8230; \ud83d\ude09<br \/>\nAlles weitere durfte ich dann vor Ort erfahren und entdecken (z.B. dass es wirklich andauernd Erdbeeben gibt und das zu Neuseeland nicht nur zwei Inseln geh\u00f6ren!).<br \/>\nMein Ziel nach dem Abi: So weit weg von zu Hause wie m\u00f6glich und in ein Land wo Englisch gesprochen wird!<br \/>\nAutralien wurde es nicht, da ich lieber k\u00e4lteres Klima mag (und auch um die Chance von den gef\u00e4hrlichsten Tieren der Welt verletzt zu werden drastisch zu verringern).<\/p>\n<p>Neuseeland ist ein sehr westliches Land, was aber durch seine abwechslungsreiche Natur und die freundliche, offene Art der Kiwi&#8217;s (Neuseel\u00e4nder) eine ganz andere Atmosph\u00e4re hat als Deutschland.<br \/>\nIn einer Kiwi Familie zu leben und zu arbeiten hat mir nochmal einen anderen Blick in das Alltagsleben in Neuseeland und die Art der Menschen und die Kultur gew\u00e4hrt.<\/p>\n<p>Es ist einfach rundum ein tolles Land. Meiner Meinung nach sollte sich jeder mindestens einen Monat (besser ein Jahr, wenn m\u00f6glich \ud83d\ude00 ) Zeit nehmen und es sich selber anschauen!<\/p>\n<p>&nbsp;<\/p>\n<blockquote>\n<h5 style=\"text-align: center\">&#8222;I think I am quite ready for another adventure!&#8220;<\/h5>\n<p style=\"text-align: center\">&#8211; Bilbo Baggins<\/p>\n<\/blockquote>\n","protected":false},"excerpt":{"rendered":"<p>Warum gerade ans andere Ende der Welt und warum Neuseeland? Diese Frage wurde mir andauernd gestellt, ob in Deutschland oder Neuseeland. Spa\u00dfeshalber habe ich immer geantwortet, dass ich mal meine Artgenossen, die Hobbits (bin 1,55m klein (oder gro\u00df, kommt auf die Perspektive an)), besuchen muss. Aber Spa\u00df bei Seite, viel mehr wusste ich \u00fcber das &hellip; <\/p>\n<p class=\"link-more\"><a href=\"https:\/\/blogs.urz.uni-halle.de\/beyondwords\/neuseeland\/\" class=\"more-link\"><span class=\"screen-reader-text\">\u201eNeuseeland\u201c<\/span> weiterlesen<\/a><\/p>\n","protected":false},"author":3502,"featured_media":0,"parent":0,"menu_order":0,"comment_status":"closed","ping_status":"closed","template":"","meta":[],"_links":{"self":[{"href":"https:\/\/blogs.urz.uni-halle.de\/beyondwords\/wp-json\/wp\/v2\/pages\/95"}],"collection":[{"href":"https:\/\/blogs.urz.uni-halle.de\/beyondwords\/wp-json\/wp\/v2\/pages"}],"about":[{"href":"https:\/\/blogs.urz.uni-halle.de\/beyondwords\/wp-json\/wp\/v2\/types\/page"}],"author":[{"embeddable":true,"href":"https:\/\/blogs.urz.uni-halle.de\/beyondwords\/wp-json\/wp\/v2\/users\/3502"}],"replies":[{"embeddable":true,"href":"https:\/\/blogs.urz.uni-halle.de\/beyondwords\/wp-json\/wp\/v2\/comments?post=95"}],"version-history":[{"count":9,"href":"https:\/\/blogs.urz.uni-halle.de\/beyondwords\/wp-json\/wp\/v2\/pages\/95\/revisions"}],"predecessor-version":[{"id":488,"href":"https:\/\/blogs.urz.uni-halle.de\/beyondwords\/wp-json\/wp\/v2\/pages\/95\/revisions\/488"}],"wp:attachment":[{"href":"https:\/\/blogs.urz.uni-halle.de\/beyondwords\/wp-json\/wp\/v2\/media?parent=95"}],"curies":[{"name":"wp","href":"https:\/\/api.w.org\/{rel}","templated":true}]}}