{"id":31,"date":"2024-04-05T09:23:00","date_gmt":"2024-04-05T07:23:00","guid":{"rendered":"https:\/\/blogs.urz.uni-halle.de\/bilimlu\/?page_id=31"},"modified":"2026-03-25T11:24:02","modified_gmt":"2026-03-25T10:24:02","slug":"geografie","status":"publish","type":"page","link":"https:\/\/blogs.urz.uni-halle.de\/bilimlu\/geografie\/","title":{"rendered":"Geografie"},"content":{"rendered":"\n<p id=\"block-45d743d1-cbb5-49a7-a031-de57ad5fcc9b\"><strong><br>Englisch<\/strong><br><span style=\"text-decoration: underline\">Candied Almonds and the Sierra Nevada? &#8211; The Almond Industry of California<\/span><br><strong>HK:<\/strong> Die SuS k\u00f6nnen die Eigenschaften von Cash Crops <strong>darstellen<\/strong> und \u00f6konomische sowie \u00f6kologische Chancen und Risiken des Mandelanbaus im kalifornischen L\u00e4ngstal <strong>beurteilen<\/strong>.<br><strong>TKs:\u00a0<\/strong>Die SuS k\u00f6nnen Merkmale von Cash Crops <strong>nennen<\/strong> und <strong>beurteilen<\/strong> ob Mandeln im kalifornischen L\u00e4ngstal ein Cash Crop sind. Die SuS k\u00f6nnen die \u00f6konomische und \u00f6kologische Auswirkungen des Mandelanbaus im kalifornischen L\u00e4ngstal <strong>erl\u00e4utern<\/strong> und im Hinblick auf Chancen und Risiken <strong>bewerten<\/strong>.<br>&#8211; Klasse 9<br>&#8211; Anzahl Materialien: 3<br>&#8211; erstellt und durchgef\u00fchrt von John H\u00e4cker im Dezember 2025<\/p>\n\n\n\n<div class=\"wp-block-file\"><a href=\"https:\/\/blogs.urz.uni-halle.de\/bilimlu\/files\/2026\/03\/M1_Geographie_Eng_CaliforniaAlmonds_1_WS.pdf\">M1_Geographie_Eng_CaliforniaAlmonds_1_WS<\/a><a href=\"https:\/\/blogs.urz.uni-halle.de\/bilimlu\/files\/2026\/03\/M1_Geographie_Eng_CaliforniaAlmonds_1_WS.pdf\" class=\"wp-block-file__button\" download>+<\/a><\/div>\n\n\n\n<div class=\"wp-block-file\"><a href=\"https:\/\/blogs.urz.uni-halle.de\/bilimlu\/files\/2026\/03\/M2_Geographie_Eng_CaliforniaAlmonds_1_PPP.pdf\">M2_Geographie_Eng_CaliforniaAlmonds_1_PPP<\/a><a href=\"https:\/\/blogs.urz.uni-halle.de\/bilimlu\/files\/2026\/03\/M2_Geographie_Eng_CaliforniaAlmonds_1_PPP.pdf\" class=\"wp-block-file__button\" download>+<\/a><\/div>\n\n\n\n<div class=\"wp-block-file\"><a href=\"https:\/\/blogs.urz.uni-halle.de\/bilimlu\/files\/2026\/03\/Geographie_Eng_CaliforniaAlmonds_1.pdf\">Geographie_Eng_CaliforniaAlmonds_1<\/a><a href=\"https:\/\/blogs.urz.uni-halle.de\/bilimlu\/files\/2026\/03\/Geographie_Eng_CaliforniaAlmonds_1.pdf\" class=\"wp-block-file__button\" download>+<\/a><\/div>\n\n\n\n<p><\/p>\n\n\n\n<p id=\"block-cf524ab8-f502-4c17-b8b8-1a3a81bdd0d6\"><strong>Franz\u00f6sisch<\/strong><\/p>\n","protected":false},"excerpt":{"rendered":"<div class=\"entry-summary\">\nEnglischCandied Almonds and the Sierra Nevada? &#8211; The Almond Industry of CaliforniaHK: Die SuS k\u00f6nnen die Eigenschaften von Cash Crops&hellip;\n<\/div>\n<div class=\"link-more\"><a href=\"https:\/\/blogs.urz.uni-halle.de\/bilimlu\/geografie\/\" class=\"more-link\">Continue reading<span class=\"screen-reader-text\"> &ldquo;Geografie&rdquo;<\/span>&hellip;<\/a><\/div>\n","protected":false},"author":5803,"featured_media":0,"parent":0,"menu_order":0,"comment_status":"closed","ping_status":"closed","template":"","meta":[],"_links":{"self":[{"href":"https:\/\/blogs.urz.uni-halle.de\/bilimlu\/wp-json\/wp\/v2\/pages\/31"}],"collection":[{"href":"https:\/\/blogs.urz.uni-halle.de\/bilimlu\/wp-json\/wp\/v2\/pages"}],"about":[{"href":"https:\/\/blogs.urz.uni-halle.de\/bilimlu\/wp-json\/wp\/v2\/types\/page"}],"author":[{"embeddable":true,"href":"https:\/\/blogs.urz.uni-halle.de\/bilimlu\/wp-json\/wp\/v2\/users\/5803"}],"replies":[{"embeddable":true,"href":"https:\/\/blogs.urz.uni-halle.de\/bilimlu\/wp-json\/wp\/v2\/comments?post=31"}],"version-history":[{"count":4,"href":"https:\/\/blogs.urz.uni-halle.de\/bilimlu\/wp-json\/wp\/v2\/pages\/31\/revisions"}],"predecessor-version":[{"id":209,"href":"https:\/\/blogs.urz.uni-halle.de\/bilimlu\/wp-json\/wp\/v2\/pages\/31\/revisions\/209"}],"wp:attachment":[{"href":"https:\/\/blogs.urz.uni-halle.de\/bilimlu\/wp-json\/wp\/v2\/media?parent=31"}],"curies":[{"name":"wp","href":"https:\/\/api.w.org\/{rel}","templated":true}]}}