{"id":35,"date":"2024-04-05T09:23:00","date_gmt":"2024-04-05T07:23:00","guid":{"rendered":"https:\/\/blogs.urz.uni-halle.de\/bilimlu\/?page_id=35"},"modified":"2024-08-13T15:17:06","modified_gmt":"2024-08-13T13:17:06","slug":"ethik-philosophie","status":"publish","type":"page","link":"https:\/\/blogs.urz.uni-halle.de\/bilimlu\/ethik-philosophie\/","title":{"rendered":"Ethik\/ Philosophie"},"content":{"rendered":"\n<p id=\"block-45d743d1-cbb5-49a7-a031-de57ad5fcc9b\"><strong><br>Englisch<\/strong><\/p>\n\n\n\n<p><span style=\"text-decoration: underline\">Maslow&#8217;s Hierarchy of Needs<\/span><br>SuS erarbeiten sich Maslow\u2019s Hierarchy of Needs und nehmen dazu eigene Stellung. SuS lernen Bed\u00fcrfnisse und Versprechungen im Alltag zu hinterfragen.<br>&#8211; Klasse 10<br>&#8211; Anzahl Materialien: 2<br>&#8211; erstellt und durchgef\u00fchrt von Andr\u00e9 H\u00fcbscher am 26.01.2024<\/p>\n\n\n\n<div class=\"wp-block-file\"><a href=\"https:\/\/blogs.urz.uni-halle.de\/bilimlu\/files\/2024\/08\/M1_Eth_Phil_Maslow_Hierarchy_Hu\u0308bscher_2324.pptx\">M1_Eth_Phil_Maslow_Hierarchy_Hu\u0308bscher_2324<\/a><a href=\"https:\/\/blogs.urz.uni-halle.de\/bilimlu\/files\/2024\/08\/M1_Eth_Phil_Maslow_Hierarchy_Hu\u0308bscher_2324.pptx\" class=\"wp-block-file__button\" download>+<\/a><\/div>\n\n\n\n<div class=\"wp-block-file\"><a href=\"https:\/\/blogs.urz.uni-halle.de\/bilimlu\/files\/2024\/08\/M2_Eth_Phil_Maslow_Hierarchy_Hu\u0308bscher_2324.pdf\">M2_Eth_Phil_Maslow_Hierarchy_Hu\u0308bscher_2324<\/a><a href=\"https:\/\/blogs.urz.uni-halle.de\/bilimlu\/files\/2024\/08\/M2_Eth_Phil_Maslow_Hierarchy_Hu\u0308bscher_2324.pdf\" class=\"wp-block-file__button\" download>+<\/a><\/div>\n\n\n\n<div class=\"wp-block-file\"><a href=\"https:\/\/blogs.urz.uni-halle.de\/bilimlu\/files\/2024\/08\/Planungsskizze_Unterrichtsstunde_EthikHu\u0308bscher_CC.doc\">Planungsskizze_Unterrichtsstunde_EthikHu\u0308bscher_CC<\/a><a href=\"https:\/\/blogs.urz.uni-halle.de\/bilimlu\/files\/2024\/08\/Planungsskizze_Unterrichtsstunde_EthikHu\u0308bscher_CC.doc\" class=\"wp-block-file__button\" download>+<\/a><\/div>\n\n\n\n<p id=\"block-cf524ab8-f502-4c17-b8b8-1a3a81bdd0d6\"><strong>Franz\u00f6sisch<\/strong><\/p>\n","protected":false},"excerpt":{"rendered":"<div class=\"entry-summary\">\nEnglisch Maslow&#8217;s Hierarchy of NeedsSuS erarbeiten sich Maslow\u2019s Hierarchy of Needs und nehmen dazu eigene Stellung. SuS lernen Bed\u00fcrfnisse und&hellip;\n<\/div>\n<div class=\"link-more\"><a href=\"https:\/\/blogs.urz.uni-halle.de\/bilimlu\/ethik-philosophie\/\" class=\"more-link\">Continue reading<span class=\"screen-reader-text\"> &ldquo;Ethik\/ Philosophie&rdquo;<\/span>&hellip;<\/a><\/div>\n","protected":false},"author":5803,"featured_media":0,"parent":0,"menu_order":0,"comment_status":"closed","ping_status":"closed","template":"","meta":[],"_links":{"self":[{"href":"https:\/\/blogs.urz.uni-halle.de\/bilimlu\/wp-json\/wp\/v2\/pages\/35"}],"collection":[{"href":"https:\/\/blogs.urz.uni-halle.de\/bilimlu\/wp-json\/wp\/v2\/pages"}],"about":[{"href":"https:\/\/blogs.urz.uni-halle.de\/bilimlu\/wp-json\/wp\/v2\/types\/page"}],"author":[{"embeddable":true,"href":"https:\/\/blogs.urz.uni-halle.de\/bilimlu\/wp-json\/wp\/v2\/users\/5803"}],"replies":[{"embeddable":true,"href":"https:\/\/blogs.urz.uni-halle.de\/bilimlu\/wp-json\/wp\/v2\/comments?post=35"}],"version-history":[{"count":4,"href":"https:\/\/blogs.urz.uni-halle.de\/bilimlu\/wp-json\/wp\/v2\/pages\/35\/revisions"}],"predecessor-version":[{"id":164,"href":"https:\/\/blogs.urz.uni-halle.de\/bilimlu\/wp-json\/wp\/v2\/pages\/35\/revisions\/164"}],"wp:attachment":[{"href":"https:\/\/blogs.urz.uni-halle.de\/bilimlu\/wp-json\/wp\/v2\/media?parent=35"}],"curies":[{"name":"wp","href":"https:\/\/api.w.org\/{rel}","templated":true}]}}