{"id":17,"date":"2022-02-04T18:22:59","date_gmt":"2022-02-04T17:22:59","guid":{"rendered":"https:\/\/blogs.urz.uni-halle.de\/blogmluinstrumente\/?page_id=17"},"modified":"2022-03-24T11:26:43","modified_gmt":"2022-03-24T10:26:43","slug":"streich-und-zupfinstrumente","status":"publish","type":"page","link":"https:\/\/blogs.urz.uni-halle.de\/blogmluinstrumente\/streich-und-zupfinstrumente\/","title":{"rendered":"2. Streich- und Zupfinstrumente"},"content":{"rendered":"\n<p class=\"has-text-align-center\">Hier geht es um die Streich- und Zupfinstrumente. <\/p>\n\n\n\n<p class=\"has-text-align-center\">Arbeite die Pr\u00e4sentation sorgf\u00e4ltig durch. Manche Themen sind freiwillig, weshalb du diese nicht zwingend bearbeiten musst.<\/p>\n\n\n\n<p class=\"has-text-align-center\">Bei manchen Fragen oder Aufgaben ist nicht nur eine Antwort richtig. In diesem Fall musst du immer unten auf  &#8222;<strong>\u00dcberpr\u00fcfen<\/strong>&#8220; klicken, wenn du denkst, dass es richtig ist.<\/p>\n\n\n\n<p class=\"has-text-align-center\">Du kannst die Pr\u00e4sentation unten rechts <strong>vergr\u00f6\u00dfern<\/strong>, damit du sie auf deinem ganzen Bildschirm sehen kannst.<\/p>\n\n\n\n<p class=\"has-text-align-center\">Ich w\u00fcnsche dir ganz viel Spa\u00df.<\/p>\n\n\n<div class=\"h5p-iframe-wrapper\"><iframe id=\"h5p-iframe-2\" class=\"h5p-iframe\" data-content-id=\"2\" style=\"height:1px\" src=\"about:blank\" frameBorder=\"0\" scrolling=\"no\" title=\"Thema 2: Streich- und Zupfinstrumente\"><\/iframe><\/div>\n","protected":false},"excerpt":{"rendered":"<p>Hier geht es um die Streich- und Zupfinstrumente. Arbeite die Pr\u00e4sentation sorgf\u00e4ltig durch. Manche Themen sind freiwillig, weshalb du diese nicht zwingend bearbeiten musst. Bei manchen Fragen oder Aufgaben ist nicht nur eine Antwort richtig. In diesem Fall musst du immer unten auf &#8222;\u00dcberpr\u00fcfen&#8220; klicken, wenn du denkst, dass es richtig ist. Du kannst die [&hellip;]<\/p>\n","protected":false},"author":5221,"featured_media":0,"parent":0,"menu_order":3,"comment_status":"closed","ping_status":"closed","template":"","meta":[],"_links":{"self":[{"href":"https:\/\/blogs.urz.uni-halle.de\/blogmluinstrumente\/wp-json\/wp\/v2\/pages\/17"}],"collection":[{"href":"https:\/\/blogs.urz.uni-halle.de\/blogmluinstrumente\/wp-json\/wp\/v2\/pages"}],"about":[{"href":"https:\/\/blogs.urz.uni-halle.de\/blogmluinstrumente\/wp-json\/wp\/v2\/types\/page"}],"author":[{"embeddable":true,"href":"https:\/\/blogs.urz.uni-halle.de\/blogmluinstrumente\/wp-json\/wp\/v2\/users\/5221"}],"replies":[{"embeddable":true,"href":"https:\/\/blogs.urz.uni-halle.de\/blogmluinstrumente\/wp-json\/wp\/v2\/comments?post=17"}],"version-history":[{"count":6,"href":"https:\/\/blogs.urz.uni-halle.de\/blogmluinstrumente\/wp-json\/wp\/v2\/pages\/17\/revisions"}],"predecessor-version":[{"id":85,"href":"https:\/\/blogs.urz.uni-halle.de\/blogmluinstrumente\/wp-json\/wp\/v2\/pages\/17\/revisions\/85"}],"wp:attachment":[{"href":"https:\/\/blogs.urz.uni-halle.de\/blogmluinstrumente\/wp-json\/wp\/v2\/media?parent=17"}],"curies":[{"name":"wp","href":"https:\/\/api.w.org\/{rel}","templated":true}]}}