{"id":233,"date":"2019-03-13T11:50:23","date_gmt":"2019-03-13T10:50:23","guid":{"rendered":"https:\/\/blogs.urz.uni-halle.de\/blogsbypolina\/?page_id=233"},"modified":"2019-04-19T13:33:45","modified_gmt":"2019-04-19T11:33:45","slug":"ueber-satire-online","status":"publish","type":"page","link":"https:\/\/blogs.urz.uni-halle.de\/blogsbypolina\/ueber-satire-online\/","title":{"rendered":"\u00dcber Satire Online"},"content":{"rendered":"<p>Liebe Nutzer,<\/p>\n<p>mein Name ist Polina (22) und ich studiere Medien-und Kommunikationswissenschaften an der Martin-Luther-Universit\u00e4t in Halle. Da ich mich in meinem Studium logischerweise mit den Medien auseinandersetze, wei\u00df ich genau, dass sie\u00a0 heutzutage eine unabdingbare Rolle im Leben unserer Gesellschaft spielen. Wir k\u00f6nnen uns gar nicht vorstellen, wie es w\u00e4re, ohne den t\u00e4glichen Gebrauch von Medien jeglicher Art auszukommen. In Anbetracht dieser Situation finde ich es wichtig, sich mit den verschiedenen Formen medialer Informationsvermittlung auszukennen. Mein Blog, oder besser gesagt meine Informationswebseite &#8222;Satire Online&#8220; befasst sich konkret mit der durchaus medial pr\u00e4senten Kunstform Satire und ist f\u00fcr jeden gedacht, der sich \u00fcber Satire informieren m\u00f6chte oder so wie ich, ein gro\u00dfer Freund der satirischen Darstellungsweise ist. Von Begrifflichkeiten bis zu modernen Satire-Sendungen in den \u00f6ffentlich-rechtlichen Medien &#8211; hier erfahren Sie alles rund um politische, sowie gesellschaftliche Satire in Deutschland.<\/p>\n<p>Viel Spa\u00df beim St\u00f6bern<br \/>\nPolina<\/p>\n","protected":false},"excerpt":{"rendered":"<p>Liebe Nutzer, mein Name ist Polina (22) und ich studiere Medien-und Kommunikationswissenschaften an der Martin-Luther-Universit\u00e4t in Halle. Da ich mich in meinem Studium logischerweise mit den Medien auseinandersetze, wei\u00df ich genau, dass sie\u00a0 heutzutage eine unabdingbare Rolle im Leben unserer Gesellschaft spielen. Wir k\u00f6nnen uns gar nicht vorstellen, wie es w\u00e4re, ohne den t\u00e4glichen Gebrauch &#8230; <a title=\"\u00dcber Satire Online\" class=\"read-more\" href=\"https:\/\/blogs.urz.uni-halle.de\/blogsbypolina\/ueber-satire-online\/\">Weiterlesen <span class=\"screen-reader-text\">\u00dcber Satire Online<\/span><\/a><\/p>\n","protected":false},"author":3916,"featured_media":0,"parent":0,"menu_order":0,"comment_status":"closed","ping_status":"closed","template":"","meta":[],"yoast_head":"<!-- This site is optimized with the Yoast SEO plugin v15.6.2 - https:\/\/yoast.com\/wordpress\/plugins\/seo\/ -->\n<title>\u00dcber Satire Online - Satire Online<\/title>\n<meta name=\"description\" content=\"&quot;Satire Online&quot; befasst sich konkret mit den Genre Satire. Von Begrifflichkeiten bis zu modernen Satire-Sendungen in den \u00f6ffentlich-rechtlichen Medien - hier erfahren Sie alles rund um politische, sowie gesellschaftliche Satire in Deutschland.\" \/>\n<meta name=\"robots\" content=\"index, follow, max-snippet:-1, max-image-preview:large, max-video-preview:-1\" \/>\n<link rel=\"canonical\" href=\"https:\/\/blogs.urz.uni-halle.de\/blogsbypolina\/ueber-satire-online\/\" \/>\n<meta property=\"og:locale\" content=\"de_DE\" \/>\n<meta property=\"og:type\" content=\"article\" \/>\n<meta property=\"og:title\" content=\"\u00dcber Satire Online - Satire Online\" \/>\n<meta property=\"og:description\" content=\"&quot;Satire Online&quot; befasst sich konkret mit den Genre Satire. Von Begrifflichkeiten bis zu modernen Satire-Sendungen in den \u00f6ffentlich-rechtlichen Medien - hier erfahren Sie alles rund um politische, sowie gesellschaftliche Satire in Deutschland.\" \/>\n<meta property=\"og:url\" content=\"https:\/\/blogs.urz.uni-halle.de\/blogsbypolina\/ueber-satire-online\/\" \/>\n<meta property=\"og:site_name\" content=\"Satire Online\" \/>\n<meta property=\"article:modified_time\" content=\"2019-04-19T11:33:45+00:00\" \/>\n<meta name=\"twitter:card\" content=\"summary_large_image\" \/>\n<meta name=\"twitter:label1\" content=\"Gesch\u00e4tzte Lesezeit\">\n\t<meta name=\"twitter:data1\" content=\"1\u00a0Minute\">\n<script type=\"application\/ld+json\" class=\"yoast-schema-graph\">{\"@context\":\"https:\/\/schema.org\",\"@graph\":[{\"@type\":\"WebSite\",\"@id\":\"https:\/\/blogs.urz.uni-halle.de\/blogsbypolina\/#website\",\"url\":\"https:\/\/blogs.urz.uni-halle.de\/blogsbypolina\/\",\"name\":\"Satire Online\",\"description\":\"\",\"potentialAction\":[{\"@type\":\"SearchAction\",\"target\":\"https:\/\/blogs.urz.uni-halle.de\/blogsbypolina\/?s={search_term_string}\",\"query-input\":\"required name=search_term_string\"}],\"inLanguage\":\"de\"},{\"@type\":\"WebPage\",\"@id\":\"https:\/\/blogs.urz.uni-halle.de\/blogsbypolina\/ueber-satire-online\/#webpage\",\"url\":\"https:\/\/blogs.urz.uni-halle.de\/blogsbypolina\/ueber-satire-online\/\",\"name\":\"\\u00dcber Satire Online - Satire Online\",\"isPartOf\":{\"@id\":\"https:\/\/blogs.urz.uni-halle.de\/blogsbypolina\/#website\"},\"datePublished\":\"2019-03-13T10:50:23+00:00\",\"dateModified\":\"2019-04-19T11:33:45+00:00\",\"description\":\"\\\"Satire Online\\\" befasst sich konkret mit den Genre Satire. Von Begrifflichkeiten bis zu modernen Satire-Sendungen in den \\u00f6ffentlich-rechtlichen Medien - hier erfahren Sie alles rund um politische, sowie gesellschaftliche Satire in Deutschland.\",\"inLanguage\":\"de\",\"potentialAction\":[{\"@type\":\"ReadAction\",\"target\":[\"https:\/\/blogs.urz.uni-halle.de\/blogsbypolina\/ueber-satire-online\/\"]}]}]}<\/script>\n<!-- \/ Yoast SEO plugin. -->","_links":{"self":[{"href":"https:\/\/blogs.urz.uni-halle.de\/blogsbypolina\/wp-json\/wp\/v2\/pages\/233"}],"collection":[{"href":"https:\/\/blogs.urz.uni-halle.de\/blogsbypolina\/wp-json\/wp\/v2\/pages"}],"about":[{"href":"https:\/\/blogs.urz.uni-halle.de\/blogsbypolina\/wp-json\/wp\/v2\/types\/page"}],"author":[{"embeddable":true,"href":"https:\/\/blogs.urz.uni-halle.de\/blogsbypolina\/wp-json\/wp\/v2\/users\/3916"}],"replies":[{"embeddable":true,"href":"https:\/\/blogs.urz.uni-halle.de\/blogsbypolina\/wp-json\/wp\/v2\/comments?post=233"}],"version-history":[{"count":9,"href":"https:\/\/blogs.urz.uni-halle.de\/blogsbypolina\/wp-json\/wp\/v2\/pages\/233\/revisions"}],"predecessor-version":[{"id":629,"href":"https:\/\/blogs.urz.uni-halle.de\/blogsbypolina\/wp-json\/wp\/v2\/pages\/233\/revisions\/629"}],"wp:attachment":[{"href":"https:\/\/blogs.urz.uni-halle.de\/blogsbypolina\/wp-json\/wp\/v2\/media?parent=233"}],"curies":[{"name":"wp","href":"https:\/\/api.w.org\/{rel}","templated":true}]}}