{"id":13,"date":"2019-04-25T14:35:24","date_gmt":"2019-04-25T12:35:24","guid":{"rendered":"https:\/\/blogs.urz.uni-halle.de\/bosnienfahrt2019\/?page_id=13"},"modified":"2019-07-03T23:47:20","modified_gmt":"2019-07-03T21:47:20","slug":"wir-das-seminar","status":"publish","type":"page","link":"https:\/\/blogs.urz.uni-halle.de\/bosnienfahrt2019\/","title":{"rendered":"Wir, das Seminar"},"content":{"rendered":"\t\t<div data-elementor-type=\"wp-post\" data-elementor-id=\"13\" class=\"elementor elementor-13\" data-elementor-settings=\"[]\">\n\t\t\t\t\t\t<div class=\"elementor-inner\">\n\t\t\t\t\t\t\t<div class=\"elementor-section-wrap\">\n\t\t\t\t\t\t\t<section class=\"elementor-section elementor-top-section elementor-element elementor-element-5f3f094 elementor-section-boxed elementor-section-height-default elementor-section-height-default\" data-id=\"5f3f094\" data-element_type=\"section\">\n\t\t\t\t\t\t<div class=\"elementor-container elementor-column-gap-default\">\n\t\t\t\t\t\t\t<div class=\"elementor-row\">\n\t\t\t\t\t<div class=\"elementor-column elementor-col-100 elementor-top-column elementor-element elementor-element-90bcbe9\" data-id=\"90bcbe9\" data-element_type=\"column\">\n\t\t\t<div class=\"elementor-column-wrap elementor-element-populated\">\n\t\t\t\t\t\t\t<div class=\"elementor-widget-wrap\">\n\t\t\t\t\t\t<div class=\"elementor-element elementor-element-9d28473 elementor-widget elementor-widget-heading\" data-id=\"9d28473\" data-element_type=\"widget\" data-widget_type=\"heading.default\">\n\t\t\t\t<div class=\"elementor-widget-container\">\n\t\t\t<h2 class=\"elementor-heading-title elementor-size-default\">\u2026 das Seminar<\/h2>\t\t<\/div>\n\t\t\t\t<\/div>\n\t\t\t\t<div class=\"elementor-element elementor-element-12ed8d2 elementor-widget elementor-widget-text-editor\" data-id=\"12ed8d2\" data-element_type=\"widget\" data-widget_type=\"text-editor.default\">\n\t\t\t\t<div class=\"elementor-widget-container\">\n\t\t\t\t\t<div class=\"elementor-text-editor elementor-clearfix\"><p>Welche Rolle spielt das Erbe von Titos Jugoslawien im heutigen Bosnien und Herzegowina? \u2013 So nannten wir unser auf Interdisziplinarit\u00e4t zwischen den Fachgebieten und auch innerhalb der Philologien angelegtes Seminar. Es sollte die gar nicht so einfache Geschichte des sozialistischen Jugoslawiens \u2013 mit Euphorie des legend\u00e4ren Kommunisten Josip Broz Tito 1943 bzw. 1945 gegr\u00fcndet und in den 1990er Jahren kriegsreich zu Grabe getragen \u2013 beleuchten. Im Mittelpunkt stand die Perspektive des neuen Staats Bosnien und Herzegowina, welcher durch seine verschiedenen Vergangenheiten bis in die Gegenwart bestimmt und belastet scheint.<\/p><p>Wir gingen auf die Suche nach der Gegenwart von jugoslawischem Gr\u00fcndungsmythos, von den Volksbefreiungsk\u00e4mpfen der Partisanen und Partisaninnen und des Pr\u00e4sidenten Tito. Wir fragten uns nach der Rolle dieser Vergangenheit f\u00fcr die Konstituierung einer (verloren gegangenen?) jugoslawischen bzw. (wieder zu entdeckenden oder erst zu konstruierenden?) bosnischen Identit\u00e4t. Welche Rolle spielt dabei insbesondere die Repr\u00e4sentation solcher Fragen in Literatur, Film und Kunst?<\/p><p>Unterf\u00fcttert wurde die Suche mit klassischem Buchwissen \u00fcber die politischen und sozialen Strukturen in Bosnien und Herzegowina. Es sollte die kulturelle und religi\u00f6se Vielfalt des Landes erkl\u00e4ren und dar\u00fcber Hintergrundwissen bereitstellen, sich den jugoslawischen Zerfallskriegen anzun\u00e4hern.<\/p><p>Das Seminar wurde mit einer Exkursion nach Sarajevo \u2013 inklusive Ausfl\u00fcgen nach Jajce und Banja Luka \u2013 verkn\u00fcpft. Dort kamen wir mit Studierenden und Lehrenden aus Serbien und Bosnien zusammen. Gemeinsam gingen wir auf die Suche nach Antworten, interviewten Zeitzeug*innen verschiedener Generationen und verschiedener Professionen und besuchten Orte des heutigen Zusammenlebens wie Orte vergangener, zumeist aber noch umk\u00e4mpfter Geschichte.<\/p><p>Dieser Blog gibt Zeugnisse dieser Auseinandersetzung und Exkursion auf verschiedene Weisen wieder. Die Studierenden und Lehrenden, darunter aber auch jene aus Novi Sad (Serbien) und Sarajevo, beschreiben in Wort und Bild ihre pers\u00f6nlichen Eindr\u00fccke. Zudem haben Sie die Interviews, die sie in bosnisch-serbisch-deutschen Gruppen mit Zeitzeug*innen durchf\u00fchrten, kritisch aufgearbeitet und f\u00fcr diesen Blog in eine ad\u00e4quate Form gebracht.<\/p><\/div>\n\t\t\t\t<\/div>\n\t\t\t\t<\/div>\n\t\t\t\t<div class=\"elementor-element elementor-element-4fdd76e elementor-widget elementor-widget-image\" data-id=\"4fdd76e\" data-element_type=\"widget\" data-widget_type=\"image.default\">\n\t\t\t\t<div class=\"elementor-widget-container\">\n\t\t\t\t\t<div class=\"elementor-image\">\n\t\t\t\t\t\t\t<figure class=\"wp-caption\">\n\t\t\t\t\t\t\t\t\t\t\t<a href=\"https:\/\/blogs.urz.uni-halle.de\/bosnienfahrt2019\/files\/2019\/07\/Gruppenfoto.jpg\" data-elementor-open-lightbox=\"yes\" data-elementor-lightbox-title=\"Foto_Gruppenfoto\">\n\t\t\t\t\t\t\t<img width=\"640\" height=\"480\" src=\"https:\/\/blogs.urz.uni-halle.de\/bosnienfahrt2019\/files\/2019\/07\/Gruppenfoto-1024x768.jpg\" class=\"attachment-large size-large\" alt=\"\" loading=\"lazy\" srcset=\"https:\/\/blogs.urz.uni-halle.de\/bosnienfahrt2019\/files\/2019\/07\/Gruppenfoto-1024x768.jpg 1024w, https:\/\/blogs.urz.uni-halle.de\/bosnienfahrt2019\/files\/2019\/07\/Gruppenfoto-300x225.jpg 300w, https:\/\/blogs.urz.uni-halle.de\/bosnienfahrt2019\/files\/2019\/07\/Gruppenfoto-768x576.jpg 768w\" sizes=\"(max-width: 640px) 100vw, 640px\" \/>\t\t\t\t\t\t\t\t<\/a>\n\t\t\t\t\t\t\t\t\t\t\t<figcaption class=\"widget-image-caption wp-caption-text\">Gruppenfoto vor dem 2000 zerst\u00f6rten Partisanendenkmal auf dem Makljen bei Prozor<\/figcaption>\n\t\t\t\t\t\t\t\t\t\t<\/figure>\n\t\t\t\t\t<\/div>\n\t\t\t\t<\/div>\n\t\t\t\t<\/div>\n\t\t\t\t\t\t<\/div>\n\t\t\t\t\t<\/div>\n\t\t<\/div>\n\t\t\t\t\t\t\t\t<\/div>\n\t\t\t\t\t<\/div>\n\t\t<\/section>\n\t\t\t\t<section class=\"elementor-section elementor-top-section elementor-element elementor-element-afdc62f elementor-section-boxed elementor-section-height-default elementor-section-height-default\" data-id=\"afdc62f\" data-element_type=\"section\">\n\t\t\t\t\t\t<div class=\"elementor-container elementor-column-gap-default\">\n\t\t\t\t\t\t\t<div class=\"elementor-row\">\n\t\t\t\t\t<div class=\"elementor-column elementor-col-100 elementor-top-column elementor-element elementor-element-d2e1839\" data-id=\"d2e1839\" data-element_type=\"column\">\n\t\t\t<div class=\"elementor-column-wrap elementor-element-populated\">\n\t\t\t\t\t\t\t<div class=\"elementor-widget-wrap\">\n\t\t\t\t\t\t<div class=\"elementor-element elementor-element-6936f10 elementor-widget elementor-widget-heading\" data-id=\"6936f10\" data-element_type=\"widget\" data-widget_type=\"heading.default\">\n\t\t\t\t<div class=\"elementor-widget-container\">\n\t\t\t<h2 class=\"elementor-heading-title elementor-size-default\">\u2026 wir<\/h2>\t\t<\/div>\n\t\t\t\t<\/div>\n\t\t\t\t\t\t<\/div>\n\t\t\t\t\t<\/div>\n\t\t<\/div>\n\t\t\t\t\t\t\t\t<\/div>\n\t\t\t\t\t<\/div>\n\t\t<\/section>\n\t\t\t\t<section class=\"elementor-section elementor-top-section elementor-element elementor-element-f919d31 elementor-section-boxed elementor-section-height-default elementor-section-height-default\" data-id=\"f919d31\" data-element_type=\"section\">\n\t\t\t\t\t\t<div class=\"elementor-container elementor-column-gap-default\">\n\t\t\t\t\t\t\t<div class=\"elementor-row\">\n\t\t\t\t\t<div class=\"elementor-column elementor-col-100 elementor-top-column elementor-element elementor-element-7820a46\" data-id=\"7820a46\" data-element_type=\"column\">\n\t\t\t<div class=\"elementor-column-wrap elementor-element-populated\">\n\t\t\t\t\t\t\t<div class=\"elementor-widget-wrap\">\n\t\t\t\t\t\t<div class=\"elementor-element elementor-element-f629b05 elementor-widget elementor-widget-text-editor\" data-id=\"f629b05\" data-element_type=\"widget\" data-widget_type=\"text-editor.default\">\n\t\t\t\t<div class=\"elementor-widget-container\">\n\t\t\t\t\t<div class=\"elementor-text-editor elementor-clearfix\"><p>Hier stellen sich die Studierenden und Lehrenden der am Seminar teilnehmenden\u00a0Universit\u00e4ten <a href=\"https:\/\/blogs.urz.uni-halle.de\/bosnienfahrt2019\/wir-aus-novi-sag\/\">Novi Sad<\/a> (Serbien), <a href=\"https:\/\/blogs.urz.uni-halle.de\/bosnienfahrt2019\/wir-aus-halle\/\">Halle\/S.<\/a> (Deutschland) und <a href=\"https:\/\/blogs.urz.uni-halle.de\/bosnienfahrt2019\/wir-aus-sarajevo\/\">Sarajevo<\/a> (Bosnien und Herzegowina).\u00a0<\/p><\/div>\n\t\t\t\t<\/div>\n\t\t\t\t<\/div>\n\t\t\t\t\t\t<\/div>\n\t\t\t\t\t<\/div>\n\t\t<\/div>\n\t\t\t\t\t\t\t\t<\/div>\n\t\t\t\t\t<\/div>\n\t\t<\/section>\n\t\t\t\t\t\t<\/div>\n\t\t\t\t\t\t<\/div>\n\t\t\t\t\t<\/div>\n\t\t","protected":false},"excerpt":{"rendered":"<p>\u2026 das Seminar Welche Rolle spielt das Erbe von Titos Jugoslawien im heutigen Bosnien und Herzegowina? \u2013 So nannten wir unser auf Interdisziplinarit\u00e4t zwischen den Fachgebieten und auch innerhalb der Philologien angelegtes Seminar. Es sollte die gar nicht so einfache &hellip; <a href=\"https:\/\/blogs.urz.uni-halle.de\/bosnienfahrt2019\/\">Weiterlesen <span class=\"meta-nav\">&rarr;<\/span><\/a><\/p>\n","protected":false},"author":3867,"featured_media":0,"parent":0,"menu_order":0,"comment_status":"closed","ping_status":"closed","template":"","meta":[],"_links":{"self":[{"href":"https:\/\/blogs.urz.uni-halle.de\/bosnienfahrt2019\/wp-json\/wp\/v2\/pages\/13"}],"collection":[{"href":"https:\/\/blogs.urz.uni-halle.de\/bosnienfahrt2019\/wp-json\/wp\/v2\/pages"}],"about":[{"href":"https:\/\/blogs.urz.uni-halle.de\/bosnienfahrt2019\/wp-json\/wp\/v2\/types\/page"}],"author":[{"embeddable":true,"href":"https:\/\/blogs.urz.uni-halle.de\/bosnienfahrt2019\/wp-json\/wp\/v2\/users\/3867"}],"replies":[{"embeddable":true,"href":"https:\/\/blogs.urz.uni-halle.de\/bosnienfahrt2019\/wp-json\/wp\/v2\/comments?post=13"}],"version-history":[{"count":11,"href":"https:\/\/blogs.urz.uni-halle.de\/bosnienfahrt2019\/wp-json\/wp\/v2\/pages\/13\/revisions"}],"predecessor-version":[{"id":578,"href":"https:\/\/blogs.urz.uni-halle.de\/bosnienfahrt2019\/wp-json\/wp\/v2\/pages\/13\/revisions\/578"}],"wp:attachment":[{"href":"https:\/\/blogs.urz.uni-halle.de\/bosnienfahrt2019\/wp-json\/wp\/v2\/media?parent=13"}],"curies":[{"name":"wp","href":"https:\/\/api.w.org\/{rel}","templated":true}]}}