{"id":16,"date":"2022-07-14T15:47:02","date_gmt":"2022-07-14T13:47:02","guid":{"rendered":"https:\/\/blogs.urz.uni-halle.de\/care\/?page_id=16"},"modified":"2022-07-18T23:51:36","modified_gmt":"2022-07-18T21:51:36","slug":"who-cares","status":"publish","type":"page","link":"https:\/\/blogs.urz.uni-halle.de\/care\/who-cares\/","title":{"rendered":"Carearbeit"},"content":{"rendered":"\n<div class=\"wp-block-image\"><figure class=\"aligncenter size-large is-resized\"><img loading=\"lazy\" src=\"https:\/\/blogs.urz.uni-halle.de\/care\/files\/2022\/07\/care-819x1024.jpeg\" alt=\"\" class=\"wp-image-100\" width=\"410\" height=\"512\" srcset=\"https:\/\/blogs.urz.uni-halle.de\/care\/files\/2022\/07\/care-819x1024.jpeg 819w, https:\/\/blogs.urz.uni-halle.de\/care\/files\/2022\/07\/care-240x300.jpeg 240w, https:\/\/blogs.urz.uni-halle.de\/care\/files\/2022\/07\/care-768x960.jpeg 768w, https:\/\/blogs.urz.uni-halle.de\/care\/files\/2022\/07\/care-1229x1536.jpeg 1229w, https:\/\/blogs.urz.uni-halle.de\/care\/files\/2022\/07\/care.jpeg 1440w\" sizes=\"(max-width: 410px) 100vw, 410px\" \/><\/figure><\/div>\n\n\n\n<div style=\"height:30px\" aria-hidden=\"true\" class=\"wp-block-spacer\"><\/div>\n\n\n\n<h2 class=\"has-text-color\" style=\"color:#561894\">Was muss sich ver\u00e4ndern?<\/h2>\n\n\n\n<p class=\"has-text-color\" style=\"color:#561894\">Equal Care meint die faire und gleichwertige Verteilung von Sorgearbeit; fair nicht nur im Hinblick auf die Verteilung zwischen den Geschlechtern, sondern auch zwischen arm und reich, alt und jung, zugezogen und alteingesessen. Equal Care bezieht alle Sorget\u00e4tigkeiten in ihrer Gesamtheit mit ein, ohne einzelne Care-Bereiche herauszugreifen und gegeneinander auszuspielen, um sie in gegenseitigen Wettbewerb zu setzen (professionell und privat, bezahlt und unbezahlt, Erziehung und Pflege, station\u00e4r und ambulant\u2026). Gleichwertig bedeutet nicht, dass alle den gleichen zeitlichen Umfang an Care-Arbeit leisten m\u00fcssten, damit eine faire Verteilung erreicht ist, aber Equal Care ist die Aufforderung an all jene, die von der (privaten) Sorgearbeit profitieren, insbesondere Staat und privatwirtschaftliche Unternehmen, Care nicht als Allgemeingut und Ressource auszubeuten zur eigenen Gewinnmaximierung. Equal Care ist der Appell, Verantwortung zu \u00fcbernehmen, Care-Arbeit zu honorieren und einen gesellschaftlichen Ausgleich zu schaffen, damit Sorget\u00e4tige nicht finanziell und ideell bestraft werden f\u00fcr ihre systemrelevante Arbeit.<\/p>\n\n\n\n<p class=\"has-text-color has-small-font-size\" style=\"color:#561894\"><em>Quelle: https:\/\/equalcareday.de\/haeufigste-fragen\/<\/em><\/p>\n\n\n\n<div style=\"height:30px\" aria-hidden=\"true\" class=\"wp-block-spacer\"><\/div>\n\n\n\n<h3><span style=\"color:#561894\" class=\"has-inline-color\">Reflexion ist ein ziemlich guter Anfang!<\/span><\/h3>\n\n\n\n<ul><li><span style=\"color:#561894\" class=\"has-inline-color\">Wem f\u00e4llt bei dir zu Hause zuerst auf, dass M\u00fcsli, Seife oder Klopapier aufgebraucht ist?<\/span><\/li><li><span style=\"color:#561894\" class=\"has-inline-color\">Erinnerst du an Geburtstage von Freunden und Familie oder wirst du eher erinnert?<\/span><\/li><li><span style=\"color:#561894\" class=\"has-inline-color\">Haben deine Eltern Hausarbeit verhandelt?<\/span><\/li><li><span style=\"color:#561894\" class=\"has-inline-color\">Wurden Jungs in deinem famili\u00e4ren Umfeld genauso einbezogen wie M\u00e4dchen oder mussten sie nur hin und wieder M\u00fcll raus bringen?<\/span><\/li><li><span style=\"color:#561894\" class=\"has-inline-color\">Inwiefern denkst du \u00fcber die Aufteilung von Care-Arbeit anders als deine Eltern?<\/span><\/li><li><span style=\"color:#561894\" class=\"has-inline-color\">Gibt es Widerspr\u00fcche zwischen deiner Idealvorstellung und deinem Handeln? Wenn ja: Wie m\u00f6chtest du diese aufl\u00f6sen?<\/span><\/li><li><span style=\"color:#561894\" class=\"has-inline-color\">Wenn du in deinem Umfeld wenig Care-Arbeit \u00fcbernimmst: Was muss passieren, damit du mehr schulterst?<\/span><\/li><\/ul>\n\n\n\n<p class=\"has-small-font-size\"><em><span style=\"color:#561894\" class=\"has-inline-color\">Quelle: https:\/\/www.neuenarrative.de\/magazin\/so-koennte-eine-care-oekonomie-aussehen\/<\/span><\/em><\/p>\n\n\n\n<div style=\"height:30px\" aria-hidden=\"true\" class=\"wp-block-spacer\"><\/div>\n\n\n\n<h3 class=\"has-text-color\" style=\"color:#561894\">Gerechte Care-Arbeit?<\/h3>\n\n\n\n<p class=\"has-text-color\" style=\"color:#561894\"><em>Platzhalter f\u00fcr Audiobeitrag (noch nicht produziert, da ich die Studienvorleistung letztes Semester noch nacharbeiten muss)<\/em><\/p>\n","protected":false},"excerpt":{"rendered":"<p>Was muss sich ver\u00e4ndern? Equal Care meint die faire und gleichwertige Verteilung von Sorgearbeit; fair nicht nur im Hinblick auf die Verteilung zwischen den Geschlechtern, sondern auch zwischen arm und reich, alt und jung, zugezogen und alteingesessen. Equal Care bezieht alle Sorget\u00e4tigkeiten in ihrer Gesamtheit mit ein, ohne einzelne Care-Bereiche herauszugreifen und gegeneinander auszuspielen, um [&hellip;]<\/p>\n","protected":false},"author":5505,"featured_media":0,"parent":0,"menu_order":0,"comment_status":"closed","ping_status":"closed","template":"","meta":[],"_links":{"self":[{"href":"https:\/\/blogs.urz.uni-halle.de\/care\/wp-json\/wp\/v2\/pages\/16"}],"collection":[{"href":"https:\/\/blogs.urz.uni-halle.de\/care\/wp-json\/wp\/v2\/pages"}],"about":[{"href":"https:\/\/blogs.urz.uni-halle.de\/care\/wp-json\/wp\/v2\/types\/page"}],"author":[{"embeddable":true,"href":"https:\/\/blogs.urz.uni-halle.de\/care\/wp-json\/wp\/v2\/users\/5505"}],"replies":[{"embeddable":true,"href":"https:\/\/blogs.urz.uni-halle.de\/care\/wp-json\/wp\/v2\/comments?post=16"}],"version-history":[{"count":8,"href":"https:\/\/blogs.urz.uni-halle.de\/care\/wp-json\/wp\/v2\/pages\/16\/revisions"}],"predecessor-version":[{"id":107,"href":"https:\/\/blogs.urz.uni-halle.de\/care\/wp-json\/wp\/v2\/pages\/16\/revisions\/107"}],"wp:attachment":[{"href":"https:\/\/blogs.urz.uni-halle.de\/care\/wp-json\/wp\/v2\/media?parent=16"}],"curies":[{"name":"wp","href":"https:\/\/api.w.org\/{rel}","templated":true}]}}