{"id":91,"date":"2019-07-18T11:17:19","date_gmt":"2019-07-18T09:17:19","guid":{"rendered":"https:\/\/blogs.urz.uni-halle.de\/cellphysiology\/?page_id=91"},"modified":"2024-01-08T08:45:22","modified_gmt":"2024-01-08T07:45:22","slug":"publications","status":"publish","type":"page","link":"https:\/\/blogs.urz.uni-halle.de\/cellphysiology\/publications\/","title":{"rendered":"Publications"},"content":{"rendered":"<h4>The full list of our publications can be found here:<\/h4>\n<p><a href=\"https:\/\/blogs.urz.uni-halle.de\/cellphysiology\/publications-prof-k-kuhn\/\">Publications from Kristina<\/a><\/p>\n<p><a href=\"https:\/\/blogs.urz.uni-halle.de\/cellphysiology\/publications-dr-e-meyer\/\">Publications from Etienne<\/a><\/p>\n<h4>Selected publications:<\/h4>\n<p>Members of the department are indicated in bold.<\/p>\n<ul>\n<li><strong>R\u00f6hricht H<\/strong>, Przybyla-Toscano J, Forner J, Boussardon C, Keech O, Rouhier N, <strong>Meyer EH<\/strong>. (2023) Mitochondrial ferredoxin-like is essential for forming complex I-containing supercomplexes in Arabidopsis. Plant Physiol. 191(4):2170-2184.<\/li>\n<li><strong>Meyer EH<\/strong>, Letts JA, Maldonado M. (2022) Structural insights into the assembly and the function of the plant oxidative phosphorylation system. New Phytol. 235(4):1315-1329.<\/li>\n<li><span class=\"docsum-authors full-authors\">Kim M, Schulz V, Brings L, <strong>Schoeller T<\/strong>, <strong>K\u00fchn K<\/strong>, Vierling E. (2021) <\/span>mTERF18 and ATAD3 are required for mitochondrial nucleoid structure and their disruption confers heat tolerance in Arabidopsis thaliana. New Phytol.\u00a0<span class=\"docsum-journal-citation full-journal-citation\">232(5):2026-2042. <\/span><\/li>\n<li>Fuchs P, Rugen N, Carrie C, Els\u00e4sser M, Finkemeier I, Giese J, Hildebrandt TM, <strong>K\u00fchn K<\/strong>, Maurino VG, Ruberti C, Schallenberg-R\u00fcdinger M, Steinbeck J, Braun HP, Eubel H, <strong>Meyer EH<\/strong>, M\u00fcller-Sch\u00fcssele SJ, Schwarzl\u00e4nder M. (2020) Single organelle function and organization as estimated from Arabidopsis mitochondrial proteomics. Plant J. 101(2):420-441.<\/li>\n<li><strong>Meyer EH<\/strong>, Welchen E, Carrie C (2019) Assembly of the Complexes of the Oxidative Phosphorylation System in Land Plant Mitochondria. Annu Rev Plant Biol 70:23-50.<\/li>\n<li>Ligas J, Pineau E, Bock R, Huynen MA, <strong>Meyer EH<\/strong> (2019) The assembly pathway of complex I in Arabidopsis thaliana. Plant J 97 (3):447-459.<\/li>\n<li>Maclean AE, Hertle AP, Ligas J, Bock R, Balk J, <strong>Meyer EH<\/strong> (2018) Absence of complex I is associated with diminished respiratory chain function in European mistletoe. Current Biology. 28(10):1614-1619.<\/li>\n<li><strong>Meyer EH<\/strong>*, Lehmann C, Boivin S, Brings L, De Cauwer I, Bock R, <strong>K\u00fchn K<\/strong>, Touzet P (2018) CMS-G from <em>Beta vulgaris ssp. maritima<\/em> is maintained in natural populations despite containing an atypical cytochrome c oxidase. Biochem J. 475(4):759-773. (* corresponding author)<\/li>\n<li><strong>K\u00fchn K<\/strong>, Obata T, Feher K, Bock R, Fernie AR, <strong>Meyer EH<\/strong>.(2015) Complete mitochondrial complex I deficiency induces an upregulation of respiratory fluxes that is abolished by traces of functional complex I. Plant Physiol. 168 (4):1537-1549.<\/li>\n<li>Gualberto JM, Le Ret M, Beator B, <strong>K\u00fchn K<\/strong> (2015). The RAD52-like protein ODB1 is required for the efficient excision of two mitochondrial introns spliced via first-step hydrolysis. Nucleic Acids Res 43, 6500-6510.<\/li>\n<li><strong>K\u00fchn K<\/strong>, Carrie C, Giraud E, Wang Y, <strong>Meyer EH<\/strong>, Narsai R, Colas des Francs-Small C, Zhang B, Murcha M Whelan J. (2011) The RCC1 family protein RUG3 is required for splicing of nad2 and complex I biogenesis in mitochondria of Arabidopsis thaliana. Plant J. 67(6):1067-1080.<\/li>\n<li><strong>K\u00fchn K<\/strong>, Richter U, <strong>Meyer EH<\/strong>, Delannoy E, Falcon de Longevialle A, O&#8217;Toole N, B\u00f6rner T, Millar AH, Small ID, Whelan J (2009). Phage-type RNA polymerase RPOTmp performs gene-specific transcription in mitochondria of Arabidopsis thaliana. Plant Cell 21, 2762-2779.<\/li>\n<li><strong>K\u00fchn, K<\/strong>, Bohne AV, Liere K, Weihe A, B\u00f6rner T (2007). Arabidopsis phage-type RNA polymerases: accurate in vitro transcription of organellar genes. Plant Cell 19, 959-971.<\/li>\n<\/ul>\n","protected":false},"excerpt":{"rendered":"<p>The full list of our publications can be found here: Publications from Kristina Publications from Etienne Selected publications: Members of the department are indicated in bold. R\u00f6hricht H, Przybyla-Toscano J, Forner J, Boussardon C, Keech O, Rouhier N, Meyer EH. &hellip; <a href=\"https:\/\/blogs.urz.uni-halle.de\/cellphysiology\/publications\/\">Continue reading <span class=\"meta-nav\">&rarr;<\/span><\/a><\/p>\n","protected":false},"author":4216,"featured_media":0,"parent":0,"menu_order":0,"comment_status":"closed","ping_status":"closed","template":"","meta":[],"_links":{"self":[{"href":"https:\/\/blogs.urz.uni-halle.de\/cellphysiology\/wp-json\/wp\/v2\/pages\/91"}],"collection":[{"href":"https:\/\/blogs.urz.uni-halle.de\/cellphysiology\/wp-json\/wp\/v2\/pages"}],"about":[{"href":"https:\/\/blogs.urz.uni-halle.de\/cellphysiology\/wp-json\/wp\/v2\/types\/page"}],"author":[{"embeddable":true,"href":"https:\/\/blogs.urz.uni-halle.de\/cellphysiology\/wp-json\/wp\/v2\/users\/4216"}],"replies":[{"embeddable":true,"href":"https:\/\/blogs.urz.uni-halle.de\/cellphysiology\/wp-json\/wp\/v2\/comments?post=91"}],"version-history":[{"count":7,"href":"https:\/\/blogs.urz.uni-halle.de\/cellphysiology\/wp-json\/wp\/v2\/pages\/91\/revisions"}],"predecessor-version":[{"id":532,"href":"https:\/\/blogs.urz.uni-halle.de\/cellphysiology\/wp-json\/wp\/v2\/pages\/91\/revisions\/532"}],"wp:attachment":[{"href":"https:\/\/blogs.urz.uni-halle.de\/cellphysiology\/wp-json\/wp\/v2\/media?parent=91"}],"curies":[{"name":"wp","href":"https:\/\/api.w.org\/{rel}","templated":true}]}}