{"id":8,"date":"2023-05-30T09:15:07","date_gmt":"2023-05-30T07:15:07","guid":{"rendered":"https:\/\/blogs.urz.uni-halle.de\/chaosimkopf\/?page_id=8"},"modified":"2023-09-29T12:37:01","modified_gmt":"2023-09-29T10:37:01","slug":"adhs-als-neurobiologische-erkrankung","status":"publish","type":"page","link":"https:\/\/blogs.urz.uni-halle.de\/chaosimkopf\/adhs-als-neurobiologische-erkrankung\/","title":{"rendered":"ADHS als Neurodivergenz"},"content":{"rendered":"<div class=\"twoclick_social_bookmarks_post_8 social_share_privacy clearfix 1.6.4 locale-de_DE sprite-de_DE\"><\/div><div class=\"twoclick-js\"><script type=\"text\/javascript\">\/* <![CDATA[ *\/\njQuery(document).ready(function($){if($('.twoclick_social_bookmarks_post_8')){$('.twoclick_social_bookmarks_post_8').socialSharePrivacy({\"txt_help\":\"Wenn Sie diese Felder durch einen Klick aktivieren, werden Informationen an Facebook, Twitter, Flattr, Xing, t3n, LinkedIn, Pinterest oder Google eventuell ins Ausland \\u00fcbertragen und unter Umst\\u00e4nden auch dort gespeichert. N\\u00e4heres erfahren Sie durch einen Klick auf das <em>i<\\\/em>.\",\"settings_perma\":\"Dauerhaft aktivieren und Daten\\u00fcber-tragung zustimmen:\",\"info_link\":\"http:\\\/\\\/www.heise.de\\\/ct\\\/artikel\\\/2-Klicks-fuer-mehr-Datenschutz-1333879.html\",\"uri\":\"https:\\\/\\\/blogs.urz.uni-halle.de\\\/chaosimkopf\\\/adhs-als-neurobiologische-erkrankung\\\/\",\"post_id\":8,\"post_title_referrer_track\":\"ADHS+als+Neurodivergenz\",\"display_infobox\":\"on\"});}});\n\/* ]]> *\/<\/script><\/div>\n<p>ADHS oder auch Aufmerksamkeits-Defizit-Hyperaktivit\u00e4ts-St\u00f6rung ist eine der am h\u00e4ufigsten in der<br>Kindheit auftretenden psychischen St\u00f6rungen. Weltweit sind rund 5% aller Kinder betroffen von<br>ADHS. Immer \u00f6fter h\u00f6rt man von dieser St\u00f6rung unter anderem auf TikTok und anderen Social-Media-Kan\u00e4len, es gibt ganze Accounts deren Content sich mit ADHS besch\u00e4ftigt, sogenannte Selbst-Tests \u00fcberall im Internet, Videos in denen vermeintlich ADHS-Betroffene angesprochen werden. Vor allem in unserem immer schneller werdenden, digitalen Zeitalter ist dies problematisch. <\/p>\n\n\n\n<p>Gerade der Trend, dass man in seinem TikTok-Video neben dem eigentlichen Content auch noch Gameplay bspw. von einem Mobile Game einf\u00fcgt, um die Aufmerksamkeit des Zuschauers besser zu b\u00fcndeln, beg\u00fcnstigt Selbstdiagnosen. Das dies meistens nicht wissenschaftlich fundiert ist, braucht man nicht erw\u00e4hnen. Aber trotzdem scheint das Thema die Leute ja zu interessieren und grade bei soviel Falschinformationen und \u00dcberdramatisierungen, ist es wichtig auch Beitr\u00e4ge zu<br>erschaffen, die eben faktisch richtig sind und objektiv \u00fcber das Thema berichten.<\/p>\n\n\n\n<p><\/p>\n\n\n\n<h3><span style=\"color:#4c315a\" class=\"has-inline-color\">Also, was macht ADHS aus, was verursacht ADHS und vor allem, welche M\u00f6glichkeiten gibt es, ADHS zu behandeln?<\/span><\/h3>\n\n\n\n<p>Personen mit ADHS haben es nicht leicht. Symptome wie <em><strong>Aufmerksamkeits- und Konzentrationsschw\u00e4che<\/strong><\/em>, eine <em><strong>ausgepr\u00e4gte Impulsivit\u00e4t oder Hyperaktivit\u00e4t<\/strong><\/em> bzw. eine <em><strong>extreme innerliche Unruhe<\/strong><\/em> beschr\u00e4nken das allt\u00e4gliche Leben eines Betroffenen t\u00e4glich. Dies kann nicht nur Probleme in der Schule oder am Arbeitsplatz mit sich bringen, auch das<em> <strong>soziale Verh\u00e4ltnis zu Freunden oder Kollegen<\/strong><\/em> kann unter ADHS leiden. Nat\u00fcrlich gibt es nicht nur Schattenseiten, sondern auch durchaus positive Seiten dieser Neurodivergenz. Oftmals sind die Betroffenen viel empathischer, kreativer und k\u00f6nnen vor allem auch abstraktere Konzepte eher f\u00fcr sich entdecken und ausleben. Das sind auch oft die Seiten, die auf Social-Media-Plattformen gezeigt werden ohne auf die eigentliche Schwere der Schattenseiten einzugehen.<\/p>\n\n\n\n<p>Wie bei vielen psychischen St\u00f6rungen sind hier aber nicht alle Symptome bei jedem Betroffenen gleich, man<br>unterscheidet hier zwischen 3 verschiedenen Untergruppen: den vorwiegend <em><strong>hyperaktivenimpulsiven Typen<\/strong><\/em>, den vorwiegend <em><strong>aufmerksamkeitsgest\u00f6rten Typen<\/strong><\/em> und zu guter letzt den <strong><em>Mischtypen<\/em> <\/strong>der beiden zuerst genannten. Auch das zeigt, wie komplex die Erkrankung ist und das es bei jedem anders aussehen kann, man braucht mehr als ein TikTok oder ein Reel um genau zu bestimmen, ob man diese St\u00f6rung hat oder nicht.<br><br>Um ADHS zu verstehen und zu behandeln, muss man au\u00dferdem wissen wodurch es \u00fcberhaupt<br>ausgel\u00f6st wird. Die Aufmerksamkeits-Defizit-Hyperaktivit\u00e4ts-St\u00f6rung kann durch eine genetische<br>Veranlagung verursacht werden. ADHS gilt as eine neurologische Entwicklungsst\u00f6rung oder auch Neurodivergenz genannt (spielt sich also im Gehirn ab), bei der vor allem Gehirnregionen betroffen sind, welche f\u00fcr die Verhaltenssteuerung und Aufmerksamkeit zust\u00e4ndig sind. <\/p>\n\n\n\n<p>Dabei ist das Gleichgewicht der sogenannten Neurotransmitter ver\u00e4ndert, was verursacht dass <strong><em>Noradrenalin<\/em><\/strong> und <strong><em>Dopamin <\/em><\/strong>nicht ausreichend zur Verf\u00fcgung stehen. Sowohl Noradrenalin als auch Dopamin sind Katecholamine (zusammen mit Adrenalin) und sind respektiv f\u00fcr die <strong><em>Motivation und Wachheit<\/em><\/strong> (sowie die Aussch\u00fcttung von Adrenalin) und f\u00fcr das <strong><em>Gl\u00fccksgef\u00fchl  bzw. die Antriebssteigerung<\/em> <\/strong>zust\u00e4ndig. Dieses Ungleichgewicht beeintr\u00e4chtigt die \u00dcbertragung von Signalen und somit die Zusammenarbeit der Aufmerksamkeits- und Motivationsysteme. Zu allem \u00dcberfluss wird auch noch das Dopamin bei ADHS-Patienten schneller abgebaut. <\/p>\n\n\n\n<p><\/p>\n\n\n\n<h3><span style=\"color:#4c315a\" class=\"has-inline-color\">Wie kann man ADHS behandeln und vor allem welche Probleme kommen auf, wenn man ADHS behandeln m\u00f6chte?<\/span><\/h3>\n\n\n\n<p>Das Interessante an der Behandlung von psychischen Erkrankungen ist vor allem auch die Vielfalt der Methoden und M\u00f6glichkeiten, um die Beschwerden und den Leidensdruck zu lindern. Eines der klassischsten Beispiele ist hierbei die <strong><em>Psychotherapie<\/em><\/strong>, die mithilfe mehrerer Ans\u00e4tze versucht, die Komplexit\u00e4t der bestehenden Erkrankung zu konkretisieren. <\/p>\n\n\n\n<p>So gibt es beispielsweise die <strong><em>tiefenpsychologisch<\/em><\/strong> fundierte, als auch die <strong><em>psychoanalytische Therapie<\/em><\/strong>.<br>Den gr\u00f6\u00dften Teil der angewandten Ans\u00e4tze nimmt allerdings die <em><strong>kognitive Verhaltenstherapie<\/strong><\/em> ein,<br>die sich mit der Erkennung, Verbesserung und Ver\u00e4nderung von eingefahrenen Denk- und<br>Verhaltensmustern besch\u00e4ftigt. Diese wird auch am meisten f\u00fcr ADHS-Patienten angewandt.<br><br>Doch das eigentliche Problem ist in vielen F\u00e4llen nicht, welche Art und Weise der Therapie man nutzt,<br>sondern eher, \u00fcberhaupt erstmal einen <em><strong>Therapieplatz zu finden<\/strong><\/em>. Teilweise wartet man mehrere Monate, bis man einen festen Platz hat. Viele psychische Erkrankungen bed\u00fcrfen allerdings sehr akuter Behandlung, da sie je nach Symptomatik wie bei der Depression auch sehr gef\u00e4hrlich f\u00fcr den Patienten sein k\u00f6nnen. \u00dcbertr\u00e4gt man dies analog beispielsweise auf einen gebrochenen Arm, so erkennt man die Schwere dieses Engpasses, da bei diesem sofort gehandelt werden muss, um einen guten Genesungsprozess garantieren zu k\u00f6nnen.<br><br>Der Engpass hat vor allem einen Grund: <em><strong>fehlende Kassensitze in Deutschland<\/strong><\/em>. Ein Kassensitz erm\u00f6glicht es dem\/der Psychotherapeuten:in die <em><strong>Therapiestunden<\/strong><\/em> und das <strong><em>ausgew\u00e4hlte Konzept<\/em><\/strong>, mit dem der Patient behandelt, \u00fcber die <strong><em>Krankenkasse abzukl\u00e4ren<\/em><\/strong> und vor allem <em><strong>abzurechnen<\/strong><\/em>. Die Festlegung, wieviele Kassensitze in Deutschland ben\u00f6tigt werden, wurde vor \u00fcber 20 Jahren vom &#8222;Gemeinsamen Bundesausschuss&#8220; festgelegt, einem Ausschuss, indem die gr\u00f6\u00dften Krankenkassen \u00fcber das Gesundheitswesen entscheiden, und wird seitdem nur sp\u00e4rlich angepasst. <\/p>\n\n\n\n<p>Oder ernstgenommen. Josef Hecken, seit 2012 Pr\u00e4sident dieses Ausschusses, hat selbst noch gesagt, dass nicht jeder Mensch eine Therapie ben\u00f6tige, da manchmal auch eine Flasche Bier ausreiche. Noch dazu kommen Ereignisse h\u00f6herer Gewalt, wie bspw. die Corona-Pandemie, die starke Inflation oder der Ukrainekrieg, der auf die Psyche der Menschen schl\u00e4gt und Therapien noch aktueller als sonst schon macht. Eine solche Einsch\u00e4tzung von einem Pr\u00e4sidenten zu h\u00f6ren, der die m\u00e4chtigste Person im Gesundheitswesen ist, ist emp\u00f6rend und sehr unverh\u00e4ltnism\u00e4\u00dfig und unterstreicht die Reformen, die im Rahmen des psychischen Gesundheitswesens noch zu t\u00e4tigen sind.<br><br>Doch die Therapie nicht die einzige Behandlungsm\u00f6glichkeit, um die Symptomatik bei ADHS zu kontrollieren. <strong><em>Psychopharmaka <\/em><\/strong>mit Wirkstoffen wie <em><strong>Methylphenidathydrochlorid <\/strong><\/em>\u2013<br>handels\u00fcblich auch als <strong><em>Ritalin <\/em><\/strong>bekannt \u2013 k\u00f6nnen einem Patienten die Hoffnung geben, Symptome<br>wie mangelnde Konzentrationsf\u00e4higkeit und einen fehlenden Fokus auszugleichen. Erh\u00e4ltlich sind<br>diese nach einschl\u00e4giger Untersuchung bei einem <strong><em>Facharzt f\u00fcr Psychiatrie<\/em><\/strong> \u2013 auf dessen Termin man<br>im \u00dcbrigen auch l\u00e4nger warten muss.<br><br>Es gibt nat\u00fcrlich auch <strong><em>mildere Behandlungsm\u00f6glichkeiten<\/em><\/strong>. So kann man beispielsweise auch bei<br>einem <strong><em>Ergotherapeuten<\/em><\/strong>, der dies anbietet, eine sogenannte <em><strong>COGPACK-Therapie<\/strong><\/em> anfangen, der die generelle<br>Konzentrationsf\u00e4higkeit und Ablenkbarkeit mithilfe von Aufgaben erh\u00f6hen bzw. vermindern soll. <\/p>\n\n\n\n<p><\/p>\n\n\n\n<h3><strong><em><span style=\"color:#4c315a\" class=\"has-inline-color\">Professionellere Meinungen, Hilfestellen und Beh\u00f6rden k\u00f6nnt ihr im Folgenden finden, um euch noch mehr zu informieren und aufzukl\u00e4ren:<\/span><\/em><\/strong><\/h3>\n\n\n\n<p><\/p>\n\n\n\n<p><a href=\"https:\/\/www.adhs-ratgeber.com\/index.html\">ADHS-Ratgeber<\/a>  &#8211;  Informationen und Studien \u00fcber ADHS, Ratgeber und Alltagstipps<\/p>\n\n\n\n<p><a href=\"https:\/\/www.adhs.info\/\">Infoportal ADHS<\/a>  &#8211;  Hilfestellen und Ratgeber f\u00fcr alle Altersgruppen<\/p>\n\n\n\n<p><a href=\"https:\/\/www.adhs-deutschland.de\/\">ADHS Deutschland<\/a>  &#8211;  Internetauftritt des Vereins &#8222;ADHS Deutschland&#8220; mit Selbsthilfegruppen<\/p>\n\n\n\n<p><a href=\"https:\/\/shop.bzga.de\/adhs-symptome-diagnose-behandlung-11090100\/\">Brosch\u00fcre des BZgA<\/a>  &#8211;  Brosch\u00fcre mit Symptomen, Diagnosen und Behandlungsm\u00f6glichkeiten<\/p>\n","protected":false},"excerpt":{"rendered":"<p>ADHS oder auch Aufmerksamkeits-Defizit-Hyperaktivit\u00e4ts-St\u00f6rung ist eine der am h\u00e4ufigsten in derKindheit auftretenden psychischen St\u00f6rungen. Weltweit sind rund 5% aller Kinder [&hellip;]<\/p>\n","protected":false},"author":5828,"featured_media":0,"parent":0,"menu_order":0,"comment_status":"closed","ping_status":"closed","template":"","meta":{"site-sidebar-layout":"default","site-content-layout":"","ast-site-content-layout":"","site-content-style":"default","site-sidebar-style":"default","ast-global-header-display":"","ast-banner-title-visibility":"","ast-main-header-display":"","ast-hfb-above-header-display":"","ast-hfb-below-header-display":"","ast-hfb-mobile-header-display":"","site-post-title":"","ast-breadcrumbs-content":"","ast-featured-img":"","footer-sml-layout":"","theme-transparent-header-meta":"","adv-header-id-meta":"","stick-header-meta":"","header-above-stick-meta":"","header-main-stick-meta":"","header-below-stick-meta":"","astra-migrate-meta-layouts":"default","ast-page-background-enabled":"default","ast-page-background-meta":{"desktop":{"background-color":"var(--ast-global-color-4)","background-image":"","background-repeat":"repeat","background-position":"center center","background-size":"auto","background-attachment":"scroll","background-type":"","background-media":"","overlay-type":"","overlay-color":"","overlay-opacity":"","overlay-gradient":""},"tablet":{"background-color":"","background-image":"","background-repeat":"repeat","background-position":"center center","background-size":"auto","background-attachment":"scroll","background-type":"","background-media":"","overlay-type":"","overlay-color":"","overlay-opacity":"","overlay-gradient":""},"mobile":{"background-color":"","background-image":"","background-repeat":"repeat","background-position":"center center","background-size":"auto","background-attachment":"scroll","background-type":"","background-media":"","overlay-type":"","overlay-color":"","overlay-opacity":"","overlay-gradient":""}},"ast-content-background-meta":{"desktop":{"background-color":"var(--ast-global-color-5)","background-image":"","background-repeat":"repeat","background-position":"center center","background-size":"auto","background-attachment":"scroll","background-type":"","background-media":"","overlay-type":"","overlay-color":"","overlay-opacity":"","overlay-gradient":""},"tablet":{"background-color":"var(--ast-global-color-5)","background-image":"","background-repeat":"repeat","background-position":"center center","background-size":"auto","background-attachment":"scroll","background-type":"","background-media":"","overlay-type":"","overlay-color":"","overlay-opacity":"","overlay-gradient":""},"mobile":{"background-color":"var(--ast-global-color-5)","background-image":"","background-repeat":"repeat","background-position":"center center","background-size":"auto","background-attachment":"scroll","background-type":"","background-media":"","overlay-type":"","overlay-color":"","overlay-opacity":"","overlay-gradient":""}}},"_links":{"self":[{"href":"https:\/\/blogs.urz.uni-halle.de\/chaosimkopf\/wp-json\/wp\/v2\/pages\/8"}],"collection":[{"href":"https:\/\/blogs.urz.uni-halle.de\/chaosimkopf\/wp-json\/wp\/v2\/pages"}],"about":[{"href":"https:\/\/blogs.urz.uni-halle.de\/chaosimkopf\/wp-json\/wp\/v2\/types\/page"}],"author":[{"embeddable":true,"href":"https:\/\/blogs.urz.uni-halle.de\/chaosimkopf\/wp-json\/wp\/v2\/users\/5828"}],"replies":[{"embeddable":true,"href":"https:\/\/blogs.urz.uni-halle.de\/chaosimkopf\/wp-json\/wp\/v2\/comments?post=8"}],"version-history":[{"count":8,"href":"https:\/\/blogs.urz.uni-halle.de\/chaosimkopf\/wp-json\/wp\/v2\/pages\/8\/revisions"}],"predecessor-version":[{"id":117,"href":"https:\/\/blogs.urz.uni-halle.de\/chaosimkopf\/wp-json\/wp\/v2\/pages\/8\/revisions\/117"}],"wp:attachment":[{"href":"https:\/\/blogs.urz.uni-halle.de\/chaosimkopf\/wp-json\/wp\/v2\/media?parent=8"}],"curies":[{"name":"wp","href":"https:\/\/api.w.org\/{rel}","templated":true}]}}