{"id":5,"date":"2019-02-20T13:31:52","date_gmt":"2019-02-20T12:31:52","guid":{"rendered":"https:\/\/blogs.urz.uni-halle.de\/coreth2\/?page_id=5"},"modified":"2019-02-27T09:33:17","modified_gmt":"2019-02-27T08:33:17","slug":"start","status":"publish","type":"page","link":"https:\/\/blogs.urz.uni-halle.de\/coreth2\/","title":{"rendered":"Was ist CORETH-II?"},"content":{"rendered":"<p>Willkommen auf der Seite des CORETH-II-Pojekts!<\/p>\n<p>CORETH-II bildet das Folgeprojekt der <a href=\"https:\/\/coreth.uni-halle.de\/\">CORETH-Studie<\/a>, welche die Wahl des Nierenersatzverfahrens (Nierentransplantation, Dialyse) aus Patientensicht thematisiert. Aufgrund eines Mangels an Spendenorganen bzw. langer Wartezeiten sind viele Patienten mit endgradigem Nierenversagen dialysepflichtig.<\/p>\n<p>Zur Bearbeitung der Forschungsfragen sollen \u00c4rztInnen und Pflegegkr\u00e4fte ambulanter oder (teil-)station\u00e4rer Einrichtungen zur Indikationsstellung (Behandlungswahl) von erwachsenen DialysepatientInnen mittels leitfadengest\u00fctzter problemzentrierter Interviews befragt werden.<\/p>\n<p>&nbsp;<\/p>\n","protected":false},"excerpt":{"rendered":"<p>Willkommen auf der Seite des CORETH-II-Pojekts! CORETH-II bildet das Folgeprojekt der CORETH-Studie, welche die Wahl des Nierenersatzverfahrens (Nierentransplantation, Dialyse) aus Patientensicht thematisiert. Aufgrund eines Mangels an Spendenorganen bzw. langer Wartezeiten sind viele Patienten mit endgradigem Nierenversagen dialysepflichtig. Zur Bearbeitung der Forschungsfragen sollen \u00c4rztInnen und Pflegegkr\u00e4fte ambulanter oder (teil-)station\u00e4rer Einrichtungen zur Indikationsstellung (Behandlungswahl) von erwachsenen DialysepatientInnen &#8230; <a title=\"Was ist CORETH-II?\" class=\"read-more\" href=\"https:\/\/blogs.urz.uni-halle.de\/coreth2\/\">Weiterlesen <span class=\"screen-reader-text\">Was ist CORETH-II?<\/span><\/a><\/p>\n","protected":false},"author":3165,"featured_media":0,"parent":0,"menu_order":10,"comment_status":"closed","ping_status":"closed","template":"","meta":[],"_links":{"self":[{"href":"https:\/\/blogs.urz.uni-halle.de\/coreth2\/wp-json\/wp\/v2\/pages\/5"}],"collection":[{"href":"https:\/\/blogs.urz.uni-halle.de\/coreth2\/wp-json\/wp\/v2\/pages"}],"about":[{"href":"https:\/\/blogs.urz.uni-halle.de\/coreth2\/wp-json\/wp\/v2\/types\/page"}],"author":[{"embeddable":true,"href":"https:\/\/blogs.urz.uni-halle.de\/coreth2\/wp-json\/wp\/v2\/users\/3165"}],"replies":[{"embeddable":true,"href":"https:\/\/blogs.urz.uni-halle.de\/coreth2\/wp-json\/wp\/v2\/comments?post=5"}],"version-history":[{"count":5,"href":"https:\/\/blogs.urz.uni-halle.de\/coreth2\/wp-json\/wp\/v2\/pages\/5\/revisions"}],"predecessor-version":[{"id":87,"href":"https:\/\/blogs.urz.uni-halle.de\/coreth2\/wp-json\/wp\/v2\/pages\/5\/revisions\/87"}],"wp:attachment":[{"href":"https:\/\/blogs.urz.uni-halle.de\/coreth2\/wp-json\/wp\/v2\/media?parent=5"}],"curies":[{"name":"wp","href":"https:\/\/api.w.org\/{rel}","templated":true}]}}