{"id":102,"date":"2019-03-25T17:34:43","date_gmt":"2019-03-25T16:34:43","guid":{"rendered":"https:\/\/blogs.urz.uni-halle.de\/dailydoseofmila\/?page_id=102"},"modified":"2019-03-30T20:34:07","modified_gmt":"2019-03-30T19:34:07","slug":"alle-beitraege","status":"publish","type":"page","link":"https:\/\/blogs.urz.uni-halle.de\/dailydoseofmila\/alle-beitraege\/","title":{"rendered":"Meine Lieblingstouren"},"content":{"rendered":"<p><img loading=\"lazy\" class=\"size-medium wp-image-137 alignleft\" src=\"https:\/\/blogs.urz.uni-halle.de\/dailydoseofmila\/files\/2019\/03\/000840b9-4d05-4b8a-a202-c72f4d0a7f13-225x300.jpg\" alt=\"\" width=\"225\" height=\"300\" srcset=\"https:\/\/blogs.urz.uni-halle.de\/dailydoseofmila\/files\/2019\/03\/000840b9-4d05-4b8a-a202-c72f4d0a7f13-225x300.jpg 225w, https:\/\/blogs.urz.uni-halle.de\/dailydoseofmila\/files\/2019\/03\/000840b9-4d05-4b8a-a202-c72f4d0a7f13-768x1024.jpg 768w, https:\/\/blogs.urz.uni-halle.de\/dailydoseofmila\/files\/2019\/03\/000840b9-4d05-4b8a-a202-c72f4d0a7f13.jpg 1200w\" sizes=\"(max-width: 225px) 100vw, 225px\" \/>An dieser Stelle m\u00f6chte ich zwei meiner Lieblingstouren erw\u00e4hnen:<\/p>\n<p>Tour 1: Sehr gern laufe ich mit meinem Frauchen zur <strong>Rabeninsel<\/strong>. Von der Innenstadt zur Rabeninsel sind es ca. 5 km, also hat man da schonmal gute 45 Minuten Laufweg. Auf der Rabeninsel selbst kommt es bei uns immer darauf an, wie schnell und wie zielstrebig wir den Rundweg laufen. Da ich auch gern mal ein St\u00fcck vom Weg ab in den &#8222;Wald&#8220; laufe, kann die Tour auf der Rabeninsel selbst schonmal zwischen 30 und 60 Minuten andauern. Durch die Saale, die die Rabeninsel einschlie\u00dft, ist diese Tour ein echter hingucker. R\u00fcckzu fahren wir hin und wieder auch mal Bahn, aber meistens ist der R\u00fcckweg eigentlich entspannt. Vor allem im Fr\u00fchling\/Sommer laufen wir diese Strecke gern. Insgesamt brauchen wir f\u00fcr die Tour meistens ca. 3 Stunden.<\/p>\n<p>Tour 2: Meine zweite Lieblingstour ist eigentlich garnicht so besonders, aber fast im ganzen Jahr sehr sch\u00f6n. Dabei laufen mein Frauchen und Ich von der Innenstadt direkt auf die <strong>Pei\u00dfnitz<\/strong>. Auf der Ziegelwiese angekommen, laufen wir entweder direkt zur Br\u00fccke, die auf die Pei\u00dfnitzinsel f\u00fchrt oder wir laufen eine Runde auf der Ziegelwiese und gehen dann erst \u00fcber die Br\u00fccke. Auf der Pei\u00dfnitzinsel angekommen, laufen wir vorbei am Pei\u00dfnitzhaus direkt zur Nordspitze der Insel. Auf der Rundtour habe ich zwischendurch auf einer gro\u00dfen Wiese die Gelegenheit, mich ordentlich auszutoben. Der Rundweg endet meist wieder am Pei\u00dfnitzhaus, von wo aus wir wieder zur\u00fcck zu unserer Wohnung laufen. F\u00fcr diese Tour brauchen wir meist 1,5 bis 2 Stunden.<\/p>\n","protected":false},"excerpt":{"rendered":"<p>An dieser Stelle m\u00f6chte ich zwei meiner Lieblingstouren erw\u00e4hnen: Tour 1: Sehr gern laufe ich mit meinem Frauchen zur Rabeninsel. Von der Innenstadt zur Rabeninsel sind es ca. 5 km, also hat man da schonmal gute 45 Minuten Laufweg. Auf <a class=\"more-link\" href=\"https:\/\/blogs.urz.uni-halle.de\/dailydoseofmila\/alle-beitraege\/\">weiterlesen  <span class=\"screen-reader-text\">  Meine Lieblingstouren<\/span><span class=\"meta-nav\">&rarr;<\/span><\/a><\/p>\n","protected":false},"author":3887,"featured_media":140,"parent":0,"menu_order":0,"comment_status":"closed","ping_status":"closed","template":"","meta":[],"_links":{"self":[{"href":"https:\/\/blogs.urz.uni-halle.de\/dailydoseofmila\/wp-json\/wp\/v2\/pages\/102"}],"collection":[{"href":"https:\/\/blogs.urz.uni-halle.de\/dailydoseofmila\/wp-json\/wp\/v2\/pages"}],"about":[{"href":"https:\/\/blogs.urz.uni-halle.de\/dailydoseofmila\/wp-json\/wp\/v2\/types\/page"}],"author":[{"embeddable":true,"href":"https:\/\/blogs.urz.uni-halle.de\/dailydoseofmila\/wp-json\/wp\/v2\/users\/3887"}],"replies":[{"embeddable":true,"href":"https:\/\/blogs.urz.uni-halle.de\/dailydoseofmila\/wp-json\/wp\/v2\/comments?post=102"}],"version-history":[{"count":4,"href":"https:\/\/blogs.urz.uni-halle.de\/dailydoseofmila\/wp-json\/wp\/v2\/pages\/102\/revisions"}],"predecessor-version":[{"id":152,"href":"https:\/\/blogs.urz.uni-halle.de\/dailydoseofmila\/wp-json\/wp\/v2\/pages\/102\/revisions\/152"}],"wp:featuredmedia":[{"embeddable":true,"href":"https:\/\/blogs.urz.uni-halle.de\/dailydoseofmila\/wp-json\/wp\/v2\/media\/140"}],"wp:attachment":[{"href":"https:\/\/blogs.urz.uni-halle.de\/dailydoseofmila\/wp-json\/wp\/v2\/media?parent=102"}],"curies":[{"name":"wp","href":"https:\/\/api.w.org\/{rel}","templated":true}]}}