{"id":60,"date":"2019-03-20T22:37:50","date_gmt":"2019-03-20T21:37:50","guid":{"rendered":"https:\/\/blogs.urz.uni-halle.de\/dailydoseofmila\/?page_id=60"},"modified":"2019-03-30T18:23:42","modified_gmt":"2019-03-30T17:23:42","slug":"ueber-mich%e2%9c%8c","status":"publish","type":"page","link":"https:\/\/blogs.urz.uni-halle.de\/dailydoseofmila\/ueber-mich%e2%9c%8c\/","title":{"rendered":"\u00dcber meinen Blogersteller"},"content":{"rendered":"<p>Hey,<\/p>\n<p>an dieser Stelle m\u00f6chte ich, Markus, mich kurz vorstellen. Ich bin der Betreiber dieses Blogs und k\u00fcmmere mich (nat\u00fcrlich in Absprache mit Mila) darum, dass neue Inhalte f\u00fcr dich erscheinen. Zurzeit studiere ich Wirtschaftswissenschaften in Kombination mit Medien- und Kommunikationswissenschaften an der Martin-Luther-Universit\u00e4t in Halle. Den Blog habe ich im Zuge meines Multimedia-Moduls erstellt und hoffe, dass er ansprechend ist und dir Freude bereitet \ud83d\ude42<\/p>\n<p>Mila ist die H\u00fcndin meiner Schwester und meiner Meinung nach einer der s\u00fc\u00dfesten Hunde die es gibt. Ich habe wirklich selten so einen s\u00fc\u00dfen Hund gesehen und dachte mir, dass ein Blog dazu eine ganz gute Idee w\u00e4re.<\/p>\n<p>Ich w\u00fcnsche dir viel Vergn\u00fcgen mit dem Blog und hoffe, dass dich Mila genauso begeistern kann wie mich.<\/p>\n<p>&nbsp;<\/p>\n","protected":false},"excerpt":{"rendered":"<p>Hey, an dieser Stelle m\u00f6chte ich, Markus, mich kurz vorstellen. Ich bin der Betreiber dieses Blogs und k\u00fcmmere mich (nat\u00fcrlich in Absprache mit Mila) darum, dass neue Inhalte f\u00fcr dich erscheinen. Zurzeit studiere ich Wirtschaftswissenschaften in Kombination mit Medien- und <a class=\"more-link\" href=\"https:\/\/blogs.urz.uni-halle.de\/dailydoseofmila\/ueber-mich%e2%9c%8c\/\">weiterlesen  <span class=\"screen-reader-text\">  \u00dcber meinen Blogersteller<\/span><span class=\"meta-nav\">&rarr;<\/span><\/a><\/p>\n","protected":false},"author":3887,"featured_media":0,"parent":0,"menu_order":0,"comment_status":"closed","ping_status":"closed","template":"","meta":[],"_links":{"self":[{"href":"https:\/\/blogs.urz.uni-halle.de\/dailydoseofmila\/wp-json\/wp\/v2\/pages\/60"}],"collection":[{"href":"https:\/\/blogs.urz.uni-halle.de\/dailydoseofmila\/wp-json\/wp\/v2\/pages"}],"about":[{"href":"https:\/\/blogs.urz.uni-halle.de\/dailydoseofmila\/wp-json\/wp\/v2\/types\/page"}],"author":[{"embeddable":true,"href":"https:\/\/blogs.urz.uni-halle.de\/dailydoseofmila\/wp-json\/wp\/v2\/users\/3887"}],"replies":[{"embeddable":true,"href":"https:\/\/blogs.urz.uni-halle.de\/dailydoseofmila\/wp-json\/wp\/v2\/comments?post=60"}],"version-history":[{"count":5,"href":"https:\/\/blogs.urz.uni-halle.de\/dailydoseofmila\/wp-json\/wp\/v2\/pages\/60\/revisions"}],"predecessor-version":[{"id":150,"href":"https:\/\/blogs.urz.uni-halle.de\/dailydoseofmila\/wp-json\/wp\/v2\/pages\/60\/revisions\/150"}],"wp:attachment":[{"href":"https:\/\/blogs.urz.uni-halle.de\/dailydoseofmila\/wp-json\/wp\/v2\/media?parent=60"}],"curies":[{"name":"wp","href":"https:\/\/api.w.org\/{rel}","templated":true}]}}