{"id":2,"date":"2015-10-27T22:14:18","date_gmt":"2015-10-27T21:14:18","guid":{"rendered":"https:\/\/blogs.urz.uni-halle.de\/datenpower\/?page_id=2"},"modified":"2015-10-29T15:14:46","modified_gmt":"2015-10-29T14:14:46","slug":"beispiel-seite","status":"publish","type":"page","link":"https:\/\/blogs.urz.uni-halle.de\/datenpower\/beispiel-seite\/","title":{"rendered":"Das Projekt"},"content":{"rendered":"<p>\u201eFrauen gestalten Zukunft. Gendersensibles Lehren, Beraten und Forschen zu digitalem Forschungsdatenmanagement\u201c &#8211; unter diesem Titel haben wir im Sommer 2015 an der Bewerbung um das Call &#8222;Unterst\u00fctzung f\u00fcr Professorinnen, Nachwuchswissenschaftlerinnen und Studentinnen durch die F\u00f6rderung von fakult\u00e4tsspezifischen Gleichstellungsprojekten&#8220; teilgenommen.\u00a0Zentrales Anliegen ist es uns, einerseits\u00a0Strategien des Forschungsdatenmanagements unter Studierenden,\u00a0Promovierenden,\u00a0wissenschaftlichen Mitarbeiterinnen und Professorinnen an der Universit\u00e4t Halle, besonders in der Philosophischen Fakutlt\u00e4t\u00a0I, besser bekannt zu machen. Andererseits m\u00f6chten wir Frauen ermuntern, sich nicht von technischen Details des Forschungsdatenmanagements einsch\u00fcchtern zu lassen. Nur das Unbekannte wirkt be\u00e4ngstigend! Lernt man Techniken und Verfahren erst einmal kennen, ist alles halb so schwierig.<\/p>\n<p>Viele Drittmittelgeber fordern heute eine nachhaltige Verf\u00fcgbarkeit und Sicherung von Forschungsdaten, die\u00a0Bereitstellung von Metadaten und Dokumentationen, die\u00a0Nachnutzbarkeit und Reproduzierbarkeit von Daten bereits bei der Beantragung von Projekten ein. Wir m\u00f6chten\u00a0Ihnen Unterst\u00fctzung\u00a0f\u00fcr ein zukunftsorientiertes Forschen offerieren, Beratungen und Schulungen daf\u00fcr anbieten.<\/p>\n<p><strong>Ziele des Projekts bestehen daher darin:<\/strong><\/p>\n<ol>\n<li>Die Bedarfe einer gendersensiblen Beratung zum Forschungsdaten- und Projektmanagement zu erheben. Diese Ma\u00dfnahme f\u00fchrt sowohl zu Erkenntnissen f\u00fcr eine gendersensible Lehre wie zur gezielten Karrieref\u00f6rderung weiblichen wissenschaftlichen Nachwuchses und wissenschaftlichen Projektmanagements.<\/li>\n<li>Qualitativ hochwertige Workshops zu einzelnen Aspekten des Forschungsdatenmanagements und digitaler Arbeitstechniken als Qualifikations- und Weiterbildungsveranstaltungen durchzuf\u00fchren. Forschungsdatenmanagement ist mittlerweile ein intensiv gef\u00f6rderter Bereich zuk\u00fcnftigen, nachhaltigen Forschens.\u00a0Wir m\u00f6chten damit Diskussionen um Forschungsdateninfrastrukturen an der\u00a0Martin-Luther-Universit\u00e4t Halle-Wittenberg voranbringen.<\/li>\n<\/ol>\n<p>Sie sind herzlich eingeladen, sich daran zu beteiligen.<\/p>\n<p><strong>Kontakt:<\/strong><\/p>\n<p>Dr. Katrin Moeller<br \/>\nHistorisches Datenzentrum Sachsen-Anhalt<br \/>\nR. 2.05.0<br \/>\nEmil-Abderhalden-Str. 26-27<br \/>\n06108 Halle<br \/>\nTel. 0345\u00a0\/ 55 24 286<br \/>\nkatrin.moeller@geschichte.uni-halle.de<\/p>\n","protected":false},"excerpt":{"rendered":"<p>\u201eFrauen gestalten Zukunft. Gendersensibles Lehren, Beraten und Forschen zu digitalem Forschungsdatenmanagement\u201c &#8211; unter diesem Titel haben wir im Sommer 2015 an der Bewerbung um das Call &#8222;Unterst\u00fctzung f\u00fcr Professorinnen, Nachwuchswissenschaftlerinnen und Studentinnen durch die F\u00f6rderung von fakult\u00e4tsspezifischen Gleichstellungsprojekten&#8220; teilgenommen.\u00a0Zentrales Anliegen ist es uns, einerseits\u00a0Strategien des Forschungsdatenmanagements unter Studierenden,\u00a0Promovierenden,\u00a0wissenschaftlichen Mitarbeiterinnen und Professorinnen an der Universit\u00e4t Halle,&hellip;<a href=\"https:\/\/blogs.urz.uni-halle.de\/datenpower\/beispiel-seite\/\">Weiterlesen <span class=\"screen-reader-text\">Das Projekt<\/span><\/a><\/p>\n","protected":false},"author":48,"featured_media":0,"parent":0,"menu_order":0,"comment_status":"closed","ping_status":"open","template":"","meta":[],"_links":{"self":[{"href":"https:\/\/blogs.urz.uni-halle.de\/datenpower\/wp-json\/wp\/v2\/pages\/2"}],"collection":[{"href":"https:\/\/blogs.urz.uni-halle.de\/datenpower\/wp-json\/wp\/v2\/pages"}],"about":[{"href":"https:\/\/blogs.urz.uni-halle.de\/datenpower\/wp-json\/wp\/v2\/types\/page"}],"author":[{"embeddable":true,"href":"https:\/\/blogs.urz.uni-halle.de\/datenpower\/wp-json\/wp\/v2\/users\/48"}],"replies":[{"embeddable":true,"href":"https:\/\/blogs.urz.uni-halle.de\/datenpower\/wp-json\/wp\/v2\/comments?post=2"}],"version-history":[{"count":10,"href":"https:\/\/blogs.urz.uni-halle.de\/datenpower\/wp-json\/wp\/v2\/pages\/2\/revisions"}],"predecessor-version":[{"id":40,"href":"https:\/\/blogs.urz.uni-halle.de\/datenpower\/wp-json\/wp\/v2\/pages\/2\/revisions\/40"}],"wp:attachment":[{"href":"https:\/\/blogs.urz.uni-halle.de\/datenpower\/wp-json\/wp\/v2\/media?parent=2"}],"curies":[{"name":"wp","href":"https:\/\/api.w.org\/{rel}","templated":true}]}}