{"id":9,"date":"2022-10-12T16:56:33","date_gmt":"2022-10-12T14:56:33","guid":{"rendered":"https:\/\/blogs.urz.uni-halle.de\/ddrunternehmen\/?page_id=9"},"modified":"2022-10-31T15:46:57","modified_gmt":"2022-10-31T14:46:57","slug":"audiobeitrag","status":"publish","type":"page","link":"https:\/\/blogs.urz.uni-halle.de\/ddrunternehmen\/audiobeitrag\/","title":{"rendered":"Audiobeitrag"},"content":{"rendered":"\n<p class=\"has-text-align-left\">1972 wurden die letzten Firmen in der DDR, die mehr als zehn Mitarbeiter besch\u00e4ftigen, verstaatlicht. Betroffen davon war auch Harro K\u00fcster, der bis zu dem besagten Jahr Miteigent\u00fcmer der Excelsior-Werke Kiesewetter war. In einem sehr pers\u00f6nlichen Beitrag spricht Johannes \u00fcber die Unterhaltung mit seinem Opa. Dieser kommt dabei nat\u00fcrlich auch selbst zu Wort.<\/p>\n\n\n\n<div class=\"wp-block-image\"><figure class=\"alignleft size-medium\"><img loading=\"lazy\" width=\"179\" height=\"300\" src=\"https:\/\/blogs.urz.uni-halle.de\/ddrunternehmen\/files\/2022\/10\/Photo683372782561_inner_178-210-574-218-149-898-585-917-179x300.jpeg\" alt=\"\" class=\"wp-image-61\" srcset=\"https:\/\/blogs.urz.uni-halle.de\/ddrunternehmen\/files\/2022\/10\/Photo683372782561_inner_178-210-574-218-149-898-585-917-179x300.jpeg 179w, https:\/\/blogs.urz.uni-halle.de\/ddrunternehmen\/files\/2022\/10\/Photo683372782561_inner_178-210-574-218-149-898-585-917-612x1024.jpeg 612w, https:\/\/blogs.urz.uni-halle.de\/ddrunternehmen\/files\/2022\/10\/Photo683372782561_inner_178-210-574-218-149-898-585-917-768x1285.jpeg 768w, https:\/\/blogs.urz.uni-halle.de\/ddrunternehmen\/files\/2022\/10\/Photo683372782561_inner_178-210-574-218-149-898-585-917-918x1536.jpeg 918w, https:\/\/blogs.urz.uni-halle.de\/ddrunternehmen\/files\/2022\/10\/Photo683372782561_inner_178-210-574-218-149-898-585-917-1224x2048.jpeg 1224w, https:\/\/blogs.urz.uni-halle.de\/ddrunternehmen\/files\/2022\/10\/Photo683372782561_inner_178-210-574-218-149-898-585-917-scaled.jpeg 1531w\" sizes=\"(max-width: 179px) 100vw, 179px\" \/><figcaption><span class=\"has-inline-color has-cyan-bluish-gray-color\">Friedrich K\u00fcster<\/span><\/figcaption><\/figure><\/div>\n\n\n\n<p>1954 bei Kiesewetter eingestiegen, \u00fcbernimmt K\u00fcster, nach dem Tod seines Vaters Friedrich K\u00fcster im Jahr 1962, den Chefposten. Lange Zeit hat er diesen allerdings nicht inne, denn schon zehn Jahre sp\u00e4ter, 1972 folgt die vollst\u00e4ndige Verstaatlichung des Betriebs. Das habe sich nat\u00fcrlich &#8222;nicht besonders&#8220; angef\u00fchlt, bilanziert K\u00fcster. Es blieb aber keine andere M\u00f6glichkeit, als diese Entscheidung zu akzeptieren.<\/p>\n\n\n\n<div class=\"wp-block-image\"><figure class=\"alignright size-medium\"><img loading=\"lazy\" width=\"300\" height=\"209\" src=\"https:\/\/blogs.urz.uni-halle.de\/ddrunternehmen\/files\/2022\/10\/Photo683372194749_inner_84-70-650-70-84-902-673-898-1-300x209.jpeg\" alt=\"\" class=\"wp-image-62\" srcset=\"https:\/\/blogs.urz.uni-halle.de\/ddrunternehmen\/files\/2022\/10\/Photo683372194749_inner_84-70-650-70-84-902-673-898-1-300x209.jpeg 300w, https:\/\/blogs.urz.uni-halle.de\/ddrunternehmen\/files\/2022\/10\/Photo683372194749_inner_84-70-650-70-84-902-673-898-1-1024x712.jpeg 1024w, https:\/\/blogs.urz.uni-halle.de\/ddrunternehmen\/files\/2022\/10\/Photo683372194749_inner_84-70-650-70-84-902-673-898-1-768x534.jpeg 768w, https:\/\/blogs.urz.uni-halle.de\/ddrunternehmen\/files\/2022\/10\/Photo683372194749_inner_84-70-650-70-84-902-673-898-1-1536x1068.jpeg 1536w, https:\/\/blogs.urz.uni-halle.de\/ddrunternehmen\/files\/2022\/10\/Photo683372194749_inner_84-70-650-70-84-902-673-898-1-2048x1424.jpeg 2048w\" sizes=\"(max-width: 300px) 100vw, 300px\" \/><figcaption><span class=\"has-inline-color has-cyan-bluish-gray-color\">Harro K\u00fcster (links sitzend)<\/span><\/figcaption><\/figure><\/div>\n\n\n\n<p>Nicht alle Unternehmer*innen konnten dies so einfach wegstecken. K\u00fcster erz\u00e4hlt von schlimmen Schicksalen, die den Verlust der eigenen Firma nicht verkrafteten. Auch schon vor der Wende sei selbstst\u00e4ndiges Wirtschaften in der Planwirtschaft der DDR nicht m\u00f6glich gewesen. Den Einfluss der Partei habe es immer gegeben. Als einzige positive Seite an der Verstaatlichung konnte K\u00fcster das Wegfallen der privaten Haftbarkeit im Falle von Zahlungsschwierigkeiten werten.<\/p>\n\n\n\n<p><strong>Credits:<\/strong><\/p>\n\n\n\n<p>Interview-Gast: Harro K\u00fcster<\/p>\n\n\n\n<p>Bild, Ton\u00a0<em>&amp;<\/em>\u00a0Schnitt: Viktoriia Ratoshniuk, Johannes Lieber und Luise Wirth<\/p>\n\n\n\n<p>Musik:  untitled von capajoe<\/p>\n\n\n\n<p>Entstanden im Rahmen des Seminars \u201eGrundlagen der audiovisuellen Mediengestaltung\u201c der Medien \u2013 und Kommunikationswissenschaft an der Martin-Luther-Universit\u00e4t Halle-Wittenberg<\/p>\n\n\n\n<p>Lehrende: Prof. Dr. Franziska Heller,\u00a0Prof. Dr. Golo F\u00f6llmer,\u00a0Christopher Fust,\u00a0Lars Drawert<\/p>\n\n\n\n<figure class=\"wp-block-audio\"><audio controls src=\"https:\/\/blogs.urz.uni-halle.de\/ddrunternehmen\/files\/2022\/10\/Audiobeitrag.mp3\"><\/audio><\/figure>\n","protected":false},"excerpt":{"rendered":"<p>1972 wurden die letzten Firmen in der DDR, die mehr als zehn Mitarbeiter besch\u00e4ftigen, verstaatlicht. Betroffen davon war auch Harro K\u00fcster, der bis zu dem besagten Jahr Miteigent\u00fcmer der Excelsior-Werke Kiesewetter war. In einem sehr pers\u00f6nlichen Beitrag spricht Johannes \u00fcber die Unterhaltung mit seinem Opa. Dieser kommt dabei nat\u00fcrlich auch selbst zu Wort. 1954 bei [&hellip;]<\/p>\n","protected":false},"author":5481,"featured_media":0,"parent":0,"menu_order":0,"comment_status":"closed","ping_status":"closed","template":"","meta":[],"_links":{"self":[{"href":"https:\/\/blogs.urz.uni-halle.de\/ddrunternehmen\/wp-json\/wp\/v2\/pages\/9"}],"collection":[{"href":"https:\/\/blogs.urz.uni-halle.de\/ddrunternehmen\/wp-json\/wp\/v2\/pages"}],"about":[{"href":"https:\/\/blogs.urz.uni-halle.de\/ddrunternehmen\/wp-json\/wp\/v2\/types\/page"}],"author":[{"embeddable":true,"href":"https:\/\/blogs.urz.uni-halle.de\/ddrunternehmen\/wp-json\/wp\/v2\/users\/5481"}],"replies":[{"embeddable":true,"href":"https:\/\/blogs.urz.uni-halle.de\/ddrunternehmen\/wp-json\/wp\/v2\/comments?post=9"}],"version-history":[{"count":6,"href":"https:\/\/blogs.urz.uni-halle.de\/ddrunternehmen\/wp-json\/wp\/v2\/pages\/9\/revisions"}],"predecessor-version":[{"id":63,"href":"https:\/\/blogs.urz.uni-halle.de\/ddrunternehmen\/wp-json\/wp\/v2\/pages\/9\/revisions\/63"}],"wp:attachment":[{"href":"https:\/\/blogs.urz.uni-halle.de\/ddrunternehmen\/wp-json\/wp\/v2\/media?parent=9"}],"curies":[{"name":"wp","href":"https:\/\/api.w.org\/{rel}","templated":true}]}}