{"id":220,"date":"2019-01-09T13:54:30","date_gmt":"2019-01-09T12:54:30","guid":{"rendered":"https:\/\/blogs.urz.uni-halle.de\/defakinderfilmtagung\/?page_id=220"},"modified":"2019-01-11T00:39:51","modified_gmt":"2019-01-10T23:39:51","slug":"steffi-ebert","status":"publish","type":"page","link":"https:\/\/blogs.urz.uni-halle.de\/defakinderfilmtagung\/steffi-ebert\/","title":{"rendered":"Geschichten und Protagonisten im DDR-Kinderfilm"},"content":{"rendered":"<p><\/p>\n<h4>Eine quantitative Inhaltsanalyse der DEFA-Produktionen im Vergleich zu heute<\/h4>\n<p>Der Vortrag n\u00e4hert sich dem DEFA-Kinderfilm aus struktureller Perspektive. Ausgehend von einer Vollerhebung der DEFA-Kinderfilme wird nach dem Stellenwert dieser Produktionen innerhalb der DEFA-Produktionen und im Vergleich zur bundesdeutschen Kinderfilmproduktion anhand von wirtschaftlichen Daten und Besucherdaten gefragt. Eine genrebezogene Auswertung kann diesen \u00dcberblick differenzieren. In einer qualitativen Inhaltsanalyse der Inhaltsangaben werden Protagonisten, Themen und Grundstrukturen der DEFA-Kinderfilme in ihrer zeitlichen Entwicklung und ihrer Besucherakzeptanz sichtbar gemacht.<\/p>\n<h4>Kurzvita<\/h4>\n<p><strong><img loading=\"lazy\" class=\"size-medium wp-image-276 alignleft\" src=\"https:\/\/blogs.urz.uni-halle.de\/defakinderfilmtagung\/files\/2019\/01\/Ebert_Steffi_8040klein-300x251.jpg\" alt=\"\" width=\"300\" height=\"251\" srcset=\"https:\/\/blogs.urz.uni-halle.de\/defakinderfilmtagung\/files\/2019\/01\/Ebert_Steffi_8040klein-300x251.jpg 300w, https:\/\/blogs.urz.uni-halle.de\/defakinderfilmtagung\/files\/2019\/01\/Ebert_Steffi_8040klein-768x642.jpg 768w, https:\/\/blogs.urz.uni-halle.de\/defakinderfilmtagung\/files\/2019\/01\/Ebert_Steffi_8040klein.jpg 899w\" sizes=\"(max-width: 300px) 100vw, 300px\" \/>Dr. Steffi Ebert<\/strong> ist wissenschaftliche Mitarbeiterin am Institut f\u00fcr Musik, Medien- und Sprechwissenschaften der Martin-Luther-Universit\u00e4t Halle-Wittenberg. Sie promovierte im Rahmen eines sechsj\u00e4hrigen interdisziplin\u00e4ren Forschungsprojekts zum DDR-Fernsehen.<br \/>\nIhre Dissertation verfasste sie als Programmgeschichte des DDR-Fernsehens zu Aspekten von fiktionaler Unterhaltung und deren politische Vereinnahmung: Propaganda f\u00fcr Kleinb\u00fcrger. Heitere Dramatik im DDR-Fernsehen, (Leipziger Universit\u00e4tsverlag, 2009). Als freie Autorin ist sie an der Schnittstelle von Filmtheorie und Praxis lehrend und gestaltend t\u00e4tig. Seit mehreren Jahren liegen ihre Forschungsschwerpunkte in der Verbindung von Theorie und Praxis sowie im europ\u00e4ischen aktuellen Kinderfilm.<\/p>","protected":false},"excerpt":{"rendered":"<p>Eine quantitative Inhaltsanalyse der DEFA-Produktionen im Vergleich zu heute Der Vortrag n\u00e4hert sich dem DEFA-Kinderfilm aus struktureller Perspektive. Ausgehend von einer Vollerhebung der DEFA-Kinderfilme wird nach dem Stellenwert dieser Produktionen innerhalb der DEFA-Produktionen und im Vergleich zur bundesdeutschen Kinderfilmproduktion anhand von wirtschaftlichen Daten und Besucherdaten gefragt. Eine genrebezogene Auswertung kann diesen \u00dcberblick differenzieren. In einer &hellip; <\/p>\n<p><a class=\"more-link btn\" href=\"https:\/\/blogs.urz.uni-halle.de\/defakinderfilmtagung\/steffi-ebert\/\">Weiterlesen<\/a><\/p>\n","protected":false},"author":3054,"featured_media":0,"parent":0,"menu_order":0,"comment_status":"closed","ping_status":"closed","template":"","meta":[],"_links":{"self":[{"href":"https:\/\/blogs.urz.uni-halle.de\/defakinderfilmtagung\/wp-json\/wp\/v2\/pages\/220"}],"collection":[{"href":"https:\/\/blogs.urz.uni-halle.de\/defakinderfilmtagung\/wp-json\/wp\/v2\/pages"}],"about":[{"href":"https:\/\/blogs.urz.uni-halle.de\/defakinderfilmtagung\/wp-json\/wp\/v2\/types\/page"}],"author":[{"embeddable":true,"href":"https:\/\/blogs.urz.uni-halle.de\/defakinderfilmtagung\/wp-json\/wp\/v2\/users\/3054"}],"replies":[{"embeddable":true,"href":"https:\/\/blogs.urz.uni-halle.de\/defakinderfilmtagung\/wp-json\/wp\/v2\/comments?post=220"}],"version-history":[{"count":8,"href":"https:\/\/blogs.urz.uni-halle.de\/defakinderfilmtagung\/wp-json\/wp\/v2\/pages\/220\/revisions"}],"predecessor-version":[{"id":358,"href":"https:\/\/blogs.urz.uni-halle.de\/defakinderfilmtagung\/wp-json\/wp\/v2\/pages\/220\/revisions\/358"}],"wp:attachment":[{"href":"https:\/\/blogs.urz.uni-halle.de\/defakinderfilmtagung\/wp-json\/wp\/v2\/media?parent=220"}],"curies":[{"name":"wp","href":"https:\/\/api.w.org\/{rel}","templated":true}]}}