{"id":231,"date":"2019-01-09T14:27:55","date_gmt":"2019-01-09T13:27:55","guid":{"rendered":"https:\/\/blogs.urz.uni-halle.de\/defakinderfilmtagung\/?page_id=231"},"modified":"2019-01-11T00:45:41","modified_gmt":"2019-01-10T23:45:41","slug":"231-2","status":"publish","type":"page","link":"https:\/\/blogs.urz.uni-halle.de\/defakinderfilmtagung\/231-2\/","title":{"rendered":"&#8220;Lasst uns froh und heiter singen&#8220;"},"content":{"rendered":"<p><\/p>\n<h5>Affektmobilit\u00e4t als filmische Figuration utopistischer Gemeinschaftsbildung in <em>Die St\u00f6renfriede<\/em> (1953)<\/h5>\n<p>Der Pionierfilm DIE ST\u00d6RENFRIEDE (1953) von Wolfgang Schleif unternimmt den Versuch einer utopistischen Vergemeinschaftung, indem die zwei titelgebenden St\u00f6renfriede einer Klasse durch die neue Sch\u00fclerin Vera und ihren Pionierzirkel zur\u00fcck in die Klassengemeinschaft gef\u00fchrt werden. Der Vortrag wird zeigen, dass das politische Potential dieses Films sich nicht nur \u00fcber die Ebene dramaturgischer Handlungsmotive \u00e4u\u00dfert, sondern sich vor allem als emotionales Erleben eines Konflikts und seiner \u00dcberwindung durch die Orchestrierung filmischer Erfahrung manifestiert. Dabei stellt sich heraus, dass die \u00e4sthetische Ebene durch zeitlich-r\u00e4umliche Figurationen \u2013 als rhythmisches Zusammenspiel von Bewegung, Montage und Musik \u2013 strukturiert ist, welche den inhaltlichen Diskurs als eine Poetik des Vergemeinschaftungsprozesses affektiv erfahrbar werden lassen.<\/p>\n<h4>Kurzvita<\/h4>\n<p><img loading=\"lazy\" class=\"size-medium wp-image-195 alignleft\" src=\"https:\/\/blogs.urz.uni-halle.de\/defakinderfilmtagung\/files\/2018\/12\/R\u00fcdiger_Portrait-233x300.jpg\" alt=\"\" width=\"233\" height=\"300\" srcset=\"https:\/\/blogs.urz.uni-halle.de\/defakinderfilmtagung\/files\/2018\/12\/R\u00fcdiger_Portrait-233x300.jpg 233w, https:\/\/blogs.urz.uni-halle.de\/defakinderfilmtagung\/files\/2018\/12\/R\u00fcdiger_Portrait-768x988.jpg 768w, https:\/\/blogs.urz.uni-halle.de\/defakinderfilmtagung\/files\/2018\/12\/R\u00fcdiger_Portrait-796x1024.jpg 796w\" sizes=\"(max-width: 233px) 100vw, 233px\" \/><strong>Christian R\u00fcdiger<\/strong> schloss sein Studium der Filmwissenschaft und Kunstgeschichte an der Freien Universit\u00e4t Berlin 2015 mit dem Master of Arts in Filmwissenschaft und einer Arbeit zu \u201eMelancholie und Nostalgie als Konzepte filmischer Erfahrung\u201c ab. Seit 2016 promoviert er im Promotionsstudiengang Cinepoetics \u2013 Poetologien audiovisueller Bilder der FU Berlin zum Thema \u201eSchule im deutschen Film\u201c und lehrt dort auch im Bereich Filmgeschichte, -analyse und -theorie.<\/p>","protected":false},"excerpt":{"rendered":"<p>Affektmobilit\u00e4t als filmische Figuration utopistischer Gemeinschaftsbildung in Die St\u00f6renfriede (1953) Der Pionierfilm DIE ST\u00d6RENFRIEDE (1953) von Wolfgang Schleif unternimmt den Versuch einer utopistischen Vergemeinschaftung, indem die zwei titelgebenden St\u00f6renfriede einer Klasse durch die neue Sch\u00fclerin Vera und ihren Pionierzirkel zur\u00fcck in die Klassengemeinschaft gef\u00fchrt werden. Der Vortrag wird zeigen, dass das politische Potential dieses Films &hellip; <\/p>\n<p><a class=\"more-link btn\" href=\"https:\/\/blogs.urz.uni-halle.de\/defakinderfilmtagung\/231-2\/\">Weiterlesen<\/a><\/p>\n","protected":false},"author":3054,"featured_media":0,"parent":0,"menu_order":0,"comment_status":"closed","ping_status":"closed","template":"","meta":[],"_links":{"self":[{"href":"https:\/\/blogs.urz.uni-halle.de\/defakinderfilmtagung\/wp-json\/wp\/v2\/pages\/231"}],"collection":[{"href":"https:\/\/blogs.urz.uni-halle.de\/defakinderfilmtagung\/wp-json\/wp\/v2\/pages"}],"about":[{"href":"https:\/\/blogs.urz.uni-halle.de\/defakinderfilmtagung\/wp-json\/wp\/v2\/types\/page"}],"author":[{"embeddable":true,"href":"https:\/\/blogs.urz.uni-halle.de\/defakinderfilmtagung\/wp-json\/wp\/v2\/users\/3054"}],"replies":[{"embeddable":true,"href":"https:\/\/blogs.urz.uni-halle.de\/defakinderfilmtagung\/wp-json\/wp\/v2\/comments?post=231"}],"version-history":[{"count":5,"href":"https:\/\/blogs.urz.uni-halle.de\/defakinderfilmtagung\/wp-json\/wp\/v2\/pages\/231\/revisions"}],"predecessor-version":[{"id":362,"href":"https:\/\/blogs.urz.uni-halle.de\/defakinderfilmtagung\/wp-json\/wp\/v2\/pages\/231\/revisions\/362"}],"wp:attachment":[{"href":"https:\/\/blogs.urz.uni-halle.de\/defakinderfilmtagung\/wp-json\/wp\/v2\/media?parent=231"}],"curies":[{"name":"wp","href":"https:\/\/api.w.org\/{rel}","templated":true}]}}