{"id":24,"date":"2018-11-13T18:30:55","date_gmt":"2018-11-13T17:30:55","guid":{"rendered":"https:\/\/blogs.urz.uni-halle.de\/defakinderfilmtagung\/?page_id=24"},"modified":"2019-02-05T16:33:19","modified_gmt":"2019-02-05T15:33:19","slug":"programm","status":"publish","type":"page","link":"https:\/\/blogs.urz.uni-halle.de\/defakinderfilmtagung\/programm\/","title":{"rendered":"Programm"},"content":{"rendered":"<p><\/p>\n<h4><span style=\"color: #000000\">Mittwoch, 06.02.2019<\/span><\/h4>\n<h5>15:00 \u2013 15:30 Uhr<\/h5>\n<p>Begr\u00fc\u00dfung der Teilnehmer<\/p>\n<h5>15:30 \u2013 17:30 Uhr <strong>Der DEFA-Kinderfilm als zeitgeschichtliches Dokument (Moderation: Bettina K\u00fcmmerling-Meibauer)<\/strong><\/h5>\n<p><a href=\"https:\/\/blogs.urz.uni-halle.de\/defakinderfilmtagung\/klaus-dieter-felsman\/\">Kamerarealit\u00e4t als Quelle zeitgeschichtlicher Deutung am Beispiel von <em>Philipp der Kleine<\/em> (1976) und <em>Moritz in der Litfa\u00dfs\u00e4ule<\/em> (1983)<\/a><br \/>\n<em>Klaus-Dieter Felsmann (Berlin)<\/em><\/p>\n<p><a href=\"https:\/\/blogs.urz.uni-halle.de\/defakinderfilmtagung\/reka-gulyas\/\">Ernste Spiele (1980) \u2013 Antifaschismus im DEFA Kinderfilm<\/a><br \/>\n<em> R\u00e9ka Guly\u00e1s (Berlin)<\/em><\/p>\n<p><a href=\"https:\/\/blogs.urz.uni-halle.de\/defakinderfilmtagung\/steffi-ebert\/\">Geschichten und Protagonisten im DDR-Kinderfilm. Eine quantitative Inhaltsanalyse der DEFA-Produktionen im Vergleich zu heute<\/a><br \/>\n<em>Steffi Ebert<\/em>\u00a0(<em>Martin-Luther-Universit\u00e4t Halle-Wittenberg)<\/em><\/p>\n<p>17:45 &#8211; 18:15 Skype-Vortrag:<br \/>\n<a href=\"https:\/\/blogs.urz.uni-halle.de\/defakinderfilmtagung\/295-2\/\" target=\"_blank\" rel=\"noopener\">Kindheitsdarstellung in DEFA-Adaptionen von Werken Benno Pludras<\/a><br \/>\n<em>Konstanze Schiller (University of Massachusetts Amherst)<\/em><\/p>\n<h5>20:30Uhr &#8211; 22:30Uhr <span style=\"color: #333333\">Abendkinoveranstaltung mit anschlie\u00dfendem Gespr\u00e4ch (Puschkino Halle)<\/span><\/h5>\n<p>Vorf\u00fchrung des DEFA-Kinderfilms <em>Kai aus der Kiste<\/em> (1988)<br \/>\nIm Gespr\u00e4ch: G\u00fcnter Meyer, Johannes Schlecht<br \/>\nModeration: Erik Dietrich<\/p>\n<p>&nbsp;<\/p>\n<h4><span style=\"color: #000000\"> Donnerstag, 07.02.2019 <\/span><\/h4>\n<h5>9:00 \u2013 11:00 Uhr Musik und Ton im DEFA-Kinderfilm (Moderation: Sebastian Schmiedeler)<\/h5>\n<p><a href=\"https:\/\/blogs.urz.uni-halle.de\/defakinderfilmtagung\/erik-dietrich\/\">\u201eBerlin ist Reklame genug!\u201c \u2013 Transformationen von Wolf Durians <em>Kai aus der Kiste<\/em>: vom Fortsetzungsroman zum Kinderfilmmusical<\/a><br \/>\n<em>Erik Dietrich (Universit\u00e4t Siegen)<\/em><\/p>\n<p><a href=\"https:\/\/blogs.urz.uni-halle.de\/defakinderfilmtagung\/tobias-kurwinkel\/\">Der \u201eM\u00e4rchenton\u201c im DEFA-Film<\/a><br \/>\n<em>Tobias Kurwinkel (Universit\u00e4t Bremen)<br \/>\n<\/em><\/p>\n<p><a href=\"https:\/\/blogs.urz.uni-halle.de\/defakinderfilmtagung\/231-2\/\">\u201eLasst uns froh und heiter singen\u201c \u2013 Affektmobilit\u00e4t als filmische Figuration utopistischer Gemeinschaftsbildung in <em>Die St\u00f6renfriede<\/em> (1953)<\/a><br \/>\n<em>Christian R\u00fcdiger (Freie Universit\u00e4t Berlin)<\/em><\/p>\n<h5 style=\"color: #333333\">11:30 \u2013 12:50 Uhr Kindheitsdarstellungen im DEFA-Kinderfilm (Moderation: J\u00f6rg Meibauer)<\/h5>\n<p><a href=\"https:\/\/blogs.urz.uni-halle.de\/defakinderfilmtagung\/sonja-klocke\/\">Von Teddy Roosevelt zu Teddy Th\u00e4lmann. Eine generationenspezifische Metamorphose in Heiner Carows <em>Sheriff Teddy<\/em> (1957)<\/a><br \/>\n<em>Sonja Klocke (University of Wisconsin)<\/em><\/p>\n<p><a href=\"https:\/\/blogs.urz.uni-halle.de\/defakinderfilmtagung\/henrike-hahn\/\"><em>Insel der Schw\u00e4ne<\/em> \u2013 Die Plattenbausiedlung als Ort der Entwurzelung<\/a><br \/>\n<em>Henrike Hahn (Universit\u00e4t Leipzig)<\/em><\/p>\n<p><a href=\"https:\/\/blogs.urz.uni-halle.de\/defakinderfilmtagung\/benita-blessing\/\">Von Rabenv\u00e4tern und Piraten: Defizit\u00e4re Vaterfiguren im DEFA-Kinderfilm<\/a><br \/>\nBenita Blessing<\/p>\n<h5>14:00 bis 16:00 Uhr <span style=\"color: #333333\">Zensur, Propaganda und (subtile) Kritik im Kinderfilm der DEFA (Moderation: Sonja Klocke)<\/span><\/h5>\n<p><a href=\"https:\/\/blogs.urz.uni-halle.de\/defakinderfilmtagung\/qinna-shen\/\">Eine verbotene Brechtsche Satire: Die DEFA-M\u00e4rchenkom\u00f6die <em>Das Kleid<\/em> (1961\/1991)<\/a><br \/>\n<em>Qinna Shen (Bryn Mawr College)<\/em><\/p>\n<p><a href=\"https:\/\/blogs.urz.uni-halle.de\/defakinderfilmtagung\/sebastian-schmideler\/\">Der DEFA-Kinderfilm und die Kinderfernsehserie <em>Spuk im Hochhaus<\/em> (1981\/82) zwischen fantastischem Genre, \u00c4sthetik des Komischen und sozialer Alltagskritik \u2013 Potenziale, Kontexte, Rekurse<\/a><br \/>\n<em>Sebastian Schmideler (Universit\u00e4t Leipzig)<\/em><\/p>\n<p><a href=\"https:\/\/blogs.urz.uni-halle.de\/defakinderfilmtagung\/bettina-kuemmerling-meibauer-joerg-meibauer\">Poetische Propaganda? <em>Daniel und der Weltmeister<\/em> (1963) in Film und Buch<\/a><br \/>\n<em>Bettina K\u00fcmmerling-Meibauer (Eberhard Karls Universit\u00e4t T\u00fcbingen)\/J\u00f6rg Meibauer (Johanns Gutenberg Universit\u00e4t Mainz)<\/em><\/p>\n<h5><span style=\"color: #333333\">Abendveranstaltung<\/span><\/h5>\n<h5>19:30 &#8211; 21:00<\/h5>\n<p><em>Podiumsdiskussion (Studiob\u00fchne)<br \/>\n\u201eGeschichten f\u00fcr die Zukunft? Was bleibt vom DEFA-Kinderfilm?\u201c<br \/>\nIm Gespr\u00e4ch: Christian Exner, Bernd Sahling, Tony Loeser, Christian Klisan<br \/>\nModeration: Steffi Ebert<\/em><\/p>\n<p>&nbsp;<\/p>\n<h4><span style=\"color: #000000\">Freitag, 08.02.2019<\/span><\/h4>\n<h5>9:00 \u2013 11:00 Uhr <span style=\"color: #333333\">Medienrezeption und Medientransformationen (Moderation: Tobias Kurwinkel)<\/span><\/h5>\n<p><a href=\"https:\/\/blogs.urz.uni-halle.de\/defakinderfilmtagung\/andy-raeder\/\">Zwischen Grenzg\u00e4ngern und Vielsehern: Das Filmerlebnis Berliner Kinder und Jugendlicher zwischen 1961 und 1965<\/a><br \/>\n<em>Andy R\u00e4der (Universit\u00e4t Rostock)<\/em><\/p>\n<p><a href=\"https:\/\/blogs.urz.uni-halle.de\/defakinderfilmtagung\/michael-brodski\/\">Das diskursive Spannungsfeld zwischen literarischer Vorlage und M\u00e4rchenverfilmung im DEFA-Kinderfilm<\/a><br \/>\n<em>Michael Brodski (Johannes Gutenberg Universit\u00e4t Mainz)<\/em><\/p>\n<p><a href=\"https:\/\/blogs.urz.uni-halle.de\/defakinderfilmtagung\/jeanette-toussaint-und-ralf-forster\">BUMMI \u2013 vom Transfer einer popul\u00e4ren Zeitschriftenfigur in Kino und Fernsehen<\/a><br \/>\n<em>Ralf Forster (Filmmuseum Potsdam)\/ Jeanette Toussaint (Potsdam) <\/em><\/p>\n<h5 style=\"color: #333333\">11:30 &#8211; 13:30 Uhr Die aktuelle Bedeutung der DEFA-M\u00e4rchenfilme (Moderation: Benita Blessing)<\/h5>\n<p><a href=\"https:\/\/blogs.urz.uni-halle.de\/defakinderfilmtagung\/gerlinde-frey-vor\/\">Die DEFA-M\u00e4rchenfilme im KiKA von ARD und ZDF<\/a><br \/>\nGerlinde Frey-Vor<\/p>\n<p><a href=\"https:\/\/blogs.urz.uni-halle.de\/defakinderfilmtagung\/marie-kraemer\/\">Kult und Nostalgie: <em>Drei Haseln\u00fcsse f\u00fcr Aschenbr\u00f6del<\/em> aus filmkulturwissenschaftlicher Perspektive<\/a><br \/>\n<em> Marie-Christin Kr\u00e4mer (Universit\u00e4t Hildesheim) <\/em><\/p>\n<p><a href=\"https:\/\/blogs.urz.uni-halle.de\/defakinderfilmtagung\/carolin-fuehrer\/\">Die Rezeption von <em>Drei Haseln\u00fcsse f\u00fcr Aschenbr\u00f6del<\/em> (1973) nach der Wende<\/a><br \/>\n<em>Carolin F\u00fchrer (Eberhard Karls Universit\u00e4t T\u00fcbingen)<\/em><\/p>\n<p>&nbsp;<\/p>\n<p>Das Programm finden Sie auch als Download unter diesem Link <a href=\"https:\/\/blogs.urz.uni-halle.de\/defakinderfilmtagung\/files\/2019\/01\/Programm-DEFA_Kinderfilmtagung-1.pdf\">Programm DEFA_Kinderfilmtagung<\/a><\/p>","protected":false},"excerpt":{"rendered":"<p>Mittwoch, 06.02.2019 15:00 \u2013 15:30 Uhr Begr\u00fc\u00dfung der Teilnehmer 15:30 \u2013 17:30 Uhr Der DEFA-Kinderfilm als zeitgeschichtliches Dokument (Moderation: Bettina K\u00fcmmerling-Meibauer) Kamerarealit\u00e4t als Quelle zeitgeschichtlicher Deutung am Beispiel von Philipp der Kleine (1976) und Moritz in der Litfa\u00dfs\u00e4ule (1983) Klaus-Dieter Felsmann (Berlin) Ernste Spiele (1980) \u2013 Antifaschismus im DEFA Kinderfilm R\u00e9ka Guly\u00e1s (Berlin) Geschichten und &hellip; <\/p>\n<p><a class=\"more-link btn\" href=\"https:\/\/blogs.urz.uni-halle.de\/defakinderfilmtagung\/programm\/\">Weiterlesen<\/a><\/p>\n","protected":false},"author":2908,"featured_media":0,"parent":0,"menu_order":0,"comment_status":"closed","ping_status":"closed","template":"","meta":[],"_links":{"self":[{"href":"https:\/\/blogs.urz.uni-halle.de\/defakinderfilmtagung\/wp-json\/wp\/v2\/pages\/24"}],"collection":[{"href":"https:\/\/blogs.urz.uni-halle.de\/defakinderfilmtagung\/wp-json\/wp\/v2\/pages"}],"about":[{"href":"https:\/\/blogs.urz.uni-halle.de\/defakinderfilmtagung\/wp-json\/wp\/v2\/types\/page"}],"author":[{"embeddable":true,"href":"https:\/\/blogs.urz.uni-halle.de\/defakinderfilmtagung\/wp-json\/wp\/v2\/users\/2908"}],"replies":[{"embeddable":true,"href":"https:\/\/blogs.urz.uni-halle.de\/defakinderfilmtagung\/wp-json\/wp\/v2\/comments?post=24"}],"version-history":[{"count":11,"href":"https:\/\/blogs.urz.uni-halle.de\/defakinderfilmtagung\/wp-json\/wp\/v2\/pages\/24\/revisions"}],"predecessor-version":[{"id":477,"href":"https:\/\/blogs.urz.uni-halle.de\/defakinderfilmtagung\/wp-json\/wp\/v2\/pages\/24\/revisions\/477"}],"wp:attachment":[{"href":"https:\/\/blogs.urz.uni-halle.de\/defakinderfilmtagung\/wp-json\/wp\/v2\/media?parent=24"}],"curies":[{"name":"wp","href":"https:\/\/api.w.org\/{rel}","templated":true}]}}