{"id":295,"date":"2019-01-09T23:07:23","date_gmt":"2019-01-09T22:07:23","guid":{"rendered":"https:\/\/blogs.urz.uni-halle.de\/defakinderfilmtagung\/?page_id=295"},"modified":"2019-01-24T17:52:46","modified_gmt":"2019-01-24T16:52:46","slug":"295-2","status":"publish","type":"page","link":"https:\/\/blogs.urz.uni-halle.de\/defakinderfilmtagung\/295-2\/","title":{"rendered":"Kindheitsdarstellung in DEFA-Adaptionen von Werken Benno Pludras"},"content":{"rendered":"<p>In meinem Beitrag untersuche ich die narrative und \u00e4sthetische Darstellung von Kindheit und Adoleszenz sowie deren Ausdrucksweisen anhand von DEFA-Adaptionen von Werken Benno Pludras, wie \u201eL\u00fctt Matten und die wei\u00dfe Muschel\u201c (1964, Herrmann Zschoche), \u201eDie Reise nach Sundevit\u201c (1966, Heiner Carow), \u201eDas Herz des Piraten\u201c (1988, J\u00fcrgen Brauer). Was zeichnet Pludras Charaktere und Stoffe, sodass zu den meistverfilmten Kinderbuchvorlagen der DEFA wurden? Ist es f\u00fcr die Adaption von Bedeutung, dass Pludra DDR-Autor war und was bedeutet das f\u00fcr eine heutige politische und p\u00e4dagogische Rezeption? In diesem Zusammenhang werde ich ebenfalls auf Kinder als Zielgruppe in Literatur und Film sowie deren \u00dcberscheidungspunkte eingehen, sowohl im DEFA-Film als auch in Bezug auf aktuelle Diskurse um das deutschsprachige Kinderfilmschaffen.<\/p>\n<h4><img loading=\"lazy\" class=\" wp-image-457 alignleft\" src=\"https:\/\/blogs.urz.uni-halle.de\/defakinderfilmtagung\/files\/2019\/01\/webacc-233x300.jpeg\" alt=\"\" width=\"192\" height=\"247\" srcset=\"https:\/\/blogs.urz.uni-halle.de\/defakinderfilmtagung\/files\/2019\/01\/webacc-233x300.jpeg 233w, https:\/\/blogs.urz.uni-halle.de\/defakinderfilmtagung\/files\/2019\/01\/webacc-768x987.jpeg 768w, https:\/\/blogs.urz.uni-halle.de\/defakinderfilmtagung\/files\/2019\/01\/webacc-797x1024.jpeg 797w, https:\/\/blogs.urz.uni-halle.de\/defakinderfilmtagung\/files\/2019\/01\/webacc.jpeg 1180w\" sizes=\"(max-width: 192px) 100vw, 192px\" \/>Kurzvita<\/h4>\n<p>Konstanze Schiller studiert seit 2015 an der University of Massachusetts Amherst im Masterstudiengang German und Film Studies. Ihre Masterarbeit besch\u00e4ftigt sich mit der Bedeutung der DEFA Film Library, einer amerikanischen Archiv-, Forschungs- und Bildungseinrichtung, f\u00fcr den ostdeutschen Erinnerungsdiskurs im anglo-amerikanischen Raum. Ihre Forschungsinteressen umfassen das deutsche Filmerbe, vor allem den DEFA-Film mit einem Fokus auf Gender Studies sowie Dokumentar- und Kinderfilme.<\/p>\n<p>Vor ihrem Studium arbeitete Konstanze Schiller bei der DEFA-Stiftung in Berlin im Bereich \u00d6ffentlichkeitsarbeit und leitete den DEFA-Filmverleih bei der Deutschen Kinemathek. Sie betreute mit dem DEFA-Filmstock, Spiel-, Dokumentar- und Animationsfilme sowie Wochenschauen, Auftragsproduktionen des ehemaligen Ministeriums f\u00fcr Ausw\u00e4rtige Angelegenheiten und Zeitzeugenberichte. In dieser Zeit kuratierte sie verschiedene Filmreihen, die die Filmbest\u00e4nde der DEFA und der Deutschen Kinemathek verkn\u00fcpfen. Bei der DEFA-Stiftung betreute sie u.a. die medienp\u00e4dagogische Kinderwebsite <a href=\"http:\/\/www.defakinokiste.de\">www.defakinokiste.de<\/a> und arbeitete an der Publikation \u201eDie DEFA-M\u00e4rchenfilme\u201c sowie \u201eDeutsche Kinderfilme aus Babelsberg: Werkstattgespr\u00e4che \u2013 Rezeptionsr\u00e4ume\u201c mit.<\/p>","protected":false},"excerpt":{"rendered":"<p>In meinem Beitrag untersuche ich die narrative und \u00e4sthetische Darstellung von Kindheit und Adoleszenz sowie deren Ausdrucksweisen anhand von DEFA-Adaptionen von Werken Benno Pludras, wie \u201eL\u00fctt Matten und die wei\u00dfe Muschel\u201c (1964, Herrmann Zschoche), \u201eDie Reise nach Sundevit\u201c (1966, Heiner Carow), \u201eDas Herz des Piraten\u201c (1988, J\u00fcrgen Brauer). Was zeichnet Pludras Charaktere und Stoffe, sodass &hellip; <\/p>\n<p><a class=\"more-link btn\" href=\"https:\/\/blogs.urz.uni-halle.de\/defakinderfilmtagung\/295-2\/\">Weiterlesen<\/a><\/p>\n","protected":false},"author":3054,"featured_media":0,"parent":0,"menu_order":0,"comment_status":"closed","ping_status":"closed","template":"","meta":[],"_links":{"self":[{"href":"https:\/\/blogs.urz.uni-halle.de\/defakinderfilmtagung\/wp-json\/wp\/v2\/pages\/295"}],"collection":[{"href":"https:\/\/blogs.urz.uni-halle.de\/defakinderfilmtagung\/wp-json\/wp\/v2\/pages"}],"about":[{"href":"https:\/\/blogs.urz.uni-halle.de\/defakinderfilmtagung\/wp-json\/wp\/v2\/types\/page"}],"author":[{"embeddable":true,"href":"https:\/\/blogs.urz.uni-halle.de\/defakinderfilmtagung\/wp-json\/wp\/v2\/users\/3054"}],"replies":[{"embeddable":true,"href":"https:\/\/blogs.urz.uni-halle.de\/defakinderfilmtagung\/wp-json\/wp\/v2\/comments?post=295"}],"version-history":[{"count":7,"href":"https:\/\/blogs.urz.uni-halle.de\/defakinderfilmtagung\/wp-json\/wp\/v2\/pages\/295\/revisions"}],"predecessor-version":[{"id":459,"href":"https:\/\/blogs.urz.uni-halle.de\/defakinderfilmtagung\/wp-json\/wp\/v2\/pages\/295\/revisions\/459"}],"wp:attachment":[{"href":"https:\/\/blogs.urz.uni-halle.de\/defakinderfilmtagung\/wp-json\/wp\/v2\/media?parent=295"}],"curies":[{"name":"wp","href":"https:\/\/api.w.org\/{rel}","templated":true}]}}