{"id":87,"date":"2017-04-19T16:11:01","date_gmt":"2017-04-19T14:11:01","guid":{"rendered":"https:\/\/blogs.urz.uni-halle.de\/demografie\/?page_id=87"},"modified":"2017-05-05T13:01:19","modified_gmt":"2017-05-05T11:01:19","slug":"demopfad","status":"publish","type":"page","link":"https:\/\/blogs.urz.uni-halle.de\/demografie\/","title":{"rendered":"Willkommen auf der Seite des Arbeitskreises Historische Demographie"},"content":{"rendered":"<p>Der Blog\u00a0&#8222;Historischen Demographie&#8220; repr\u00e4sentiert\u00a0nicht nur den <a href=\"https:\/\/blogs.urz.uni-halle.de\/demografie\/kategorie\/arbeitskreishistorischedemographie\/\">Arbeitskreis Historische Demographie<\/a>, sondern m\u00f6chte gleichzeitig in verschiedene Themen und und Inhalte des Fachgebietes einf\u00fchren.<\/p>\n<p>Die Ideen dazu reichen von sachkundigen \u00dcberblicken der fachwissenschaftlichen Disskusion und Arbeitstechniken in Form des hier n\u00e4her beschriebenen Demopfades bis zur Handwerkzeugen f\u00fcr die t\u00e4gliche Arbeit. Das Portal vereinfacht auf diese Weise digitale Ressourcen mit fachwissenschaftlicher Kenntnis.<\/p>\n<p>Der &#8222;<a href=\"https:\/\/blogs.urz.uni-halle.de\/demografie\/kategorie\/demopfad\/\">Demopfad<\/a>&#8220; bietet einen gleicherma\u00dfen fundierten wie komprimierten und strukturierten \u00dcberblick \u00fcber ein Themenfeld, eine Methode oder Fragestellung der demographischen Forschung. Dazu bauen wir auf Ihre fachliche Expertise und Erfahrung, die eine forschungsorientierte Auseinandersetzung und gleichfalls pr\u00e4zise Beschreibung des Themas m\u00f6glich macht.<\/p>\n<p>Auch wenn wir die Vorz\u00fcge eines digitalen Forschungsmediums &#8211; internationale Wahrnehmung, hohe Zugriffszahlen sowie schnelle und aktualisierbare Publikationsm\u00f6glichkeiten &#8211; bieten, m\u00f6chten wir Wissen pr\u00e4sentieren, das weit \u00fcber die Landschaft digitaler Ressourcen hinausreicht.<\/p>\n<p>Unser Zielpublikum umfasst sowohl den Rezipietenkreis universit\u00e4rer Lehre und Forschung wie auch die interessierte \u00d6ffentlichkeit. Geschichtliches Wissen in verst\u00e4ndlicher und dennoch qualit\u00e4tsvoller Weise anzubieten, ist das erkl\u00e4rte Ziel des etablierten Portals historicum.net.<\/p>\n<p><span style=\"color: #99cc00\"><strong>Themen:<br \/>\n<\/strong><\/span><strong>&#8211; <\/strong>Migration<br \/>\n<strong>&#8211; <\/strong>Fertilit\u00e4t<br \/>\n<strong>&#8211; <\/strong>Mortalit\u00e4t<br \/>\n<strong>&#8211; <\/strong>Verwandschaft und Netzwerke<br \/>\n<strong>&#8211; <\/strong>Heiratsverhalten<br \/>\n<strong>&#8211; <\/strong>Haushalt und soziale Sicherung<br \/>\n<strong>&#8211; <\/strong>Demographische Steuerung<br \/>\n<strong>&#8211; <\/strong>Methoden und Quellen<\/p>\n","protected":false},"excerpt":{"rendered":"<p>Der Blog\u00a0&#8222;Historischen Demographie&#8220; repr\u00e4sentiert\u00a0nicht nur den Arbeitskreis Historische Demographie, sondern m\u00f6chte gleichzeitig in verschiedene Themen und und Inhalte des Fachgebietes einf\u00fchren. Die Ideen dazu reichen von sachkundigen \u00dcberblicken der fachwissenschaftlichen Disskusion und Arbeitstechniken in Form des hier n\u00e4her beschriebenen Demopfades &hellip; <a href=\"https:\/\/blogs.urz.uni-halle.de\/demografie\/\">Weiterlesen <span class=\"meta-nav\">&rarr;<\/span><\/a><\/p>\n","protected":false},"author":3010,"featured_media":0,"parent":0,"menu_order":0,"comment_status":"closed","ping_status":"closed","template":"","meta":[],"_links":{"self":[{"href":"https:\/\/blogs.urz.uni-halle.de\/demografie\/wp-json\/wp\/v2\/pages\/87"}],"collection":[{"href":"https:\/\/blogs.urz.uni-halle.de\/demografie\/wp-json\/wp\/v2\/pages"}],"about":[{"href":"https:\/\/blogs.urz.uni-halle.de\/demografie\/wp-json\/wp\/v2\/types\/page"}],"author":[{"embeddable":true,"href":"https:\/\/blogs.urz.uni-halle.de\/demografie\/wp-json\/wp\/v2\/users\/3010"}],"replies":[{"embeddable":true,"href":"https:\/\/blogs.urz.uni-halle.de\/demografie\/wp-json\/wp\/v2\/comments?post=87"}],"version-history":[{"count":8,"href":"https:\/\/blogs.urz.uni-halle.de\/demografie\/wp-json\/wp\/v2\/pages\/87\/revisions"}],"predecessor-version":[{"id":658,"href":"https:\/\/blogs.urz.uni-halle.de\/demografie\/wp-json\/wp\/v2\/pages\/87\/revisions\/658"}],"wp:attachment":[{"href":"https:\/\/blogs.urz.uni-halle.de\/demografie\/wp-json\/wp\/v2\/media?parent=87"}],"curies":[{"name":"wp","href":"https:\/\/api.w.org\/{rel}","templated":true}]}}