{"id":431,"date":"2020-12-14T22:02:24","date_gmt":"2020-12-14T21:02:24","guid":{"rendered":"https:\/\/blogs.urz.uni-halle.de\/denkwerkstatt\/?page_id=431"},"modified":"2020-12-15T12:45:30","modified_gmt":"2020-12-15T11:45:30","slug":"ueber-das-projekt","status":"publish","type":"page","link":"https:\/\/blogs.urz.uni-halle.de\/denkwerkstatt\/ueber-das-projekt\/","title":{"rendered":"\u00dcber das Projekt &#8222;Denkwerkstatt&#8220;"},"content":{"rendered":"\n<p>Die \u00bbDenkwerkstatt\u00ab am Seminar f\u00fcr Philosophie der Martin-Luther-Universit\u00e4t Halle-Wittenberg f\u00f6rdert seit 2017 aktiv das Interesse \u00a0von Sch\u00fclerinnen und Sch\u00fclern an Fragen und Problemen der Philosophie \u00a0und Ethik.<\/p>\n\n\n\n<p>Im Rahmen von Kooperationen beraten und unterst\u00fctzen wir deshalb Lehrer*innen, die in Klasse 9-12 eine Philosophie-AG oder ein \u00e4hnliches au\u00dferunterrichtliches Format an ihrer Schule etablieren m\u00f6chten. Zudem werden seit 2019 im Rahmen der Begabungsf\u00f6rderung in der Webakademie Sachsen-Anhalt Kursr\u00e4ume zu verschiedenen Themen angeboten, zu denen sich interessierte Sch\u00fcler*innen individuell anmelden k\u00f6nnen.<\/p>\n\n\n\n<p>Wir erarbeiten und evaluieren in diesem Zusammenhang ein Repertoire von Lehr-Lern-Formaten und Studienmaterialien, das anschlie\u00dfend als Open Educational Resource (OER) f\u00fcr die freie Verwendung an Schulen zur Verf\u00fcgung gestellt wird. Dar\u00fcber hinaus k\u00f6nnen Sch\u00fclergruppen die Universit\u00e4t besuchen und in unmittelbarer Interaktion mit Lehrenden und Studierenden philosophieren. \u00dcber dieses gemeinsame Nachdenken soll es Sch\u00fcler*innen erm\u00f6glicht werden, einen Einblick in das Studieren zu gewinnen und sich f\u00fcr die Aufnahme eines Studiums zu begeistern.<\/p>\n\n\n\n<p>Zu den im Projekt gewonnenen Erfahrungen werden zudem begleitende Forschungen durchgef\u00fchrt.<\/p>\n\n\n\n<figure class=\"wp-block-image size-large is-resized\"><img loading=\"lazy\" src=\"https:\/\/blogs.urz.uni-halle.de\/denkwerkstatt\/files\/2020\/12\/Doppelsiegel-rechts-JPG-1024x196.jpg\" alt=\"\" class=\"wp-image-435\" width=\"549\" height=\"105\" srcset=\"https:\/\/blogs.urz.uni-halle.de\/denkwerkstatt\/files\/2020\/12\/Doppelsiegel-rechts-JPG-1024x196.jpg 1024w, https:\/\/blogs.urz.uni-halle.de\/denkwerkstatt\/files\/2020\/12\/Doppelsiegel-rechts-JPG-300x57.jpg 300w, https:\/\/blogs.urz.uni-halle.de\/denkwerkstatt\/files\/2020\/12\/Doppelsiegel-rechts-JPG-768x147.jpg 768w, https:\/\/blogs.urz.uni-halle.de\/denkwerkstatt\/files\/2020\/12\/Doppelsiegel-rechts-JPG-1536x294.jpg 1536w, https:\/\/blogs.urz.uni-halle.de\/denkwerkstatt\/files\/2020\/12\/Doppelsiegel-rechts-JPG.jpg 1929w\" sizes=\"(max-width: 549px) 100vw, 549px\" \/><\/figure>\n\n\n\n<figure class=\"wp-block-image size-large is-resized\"><img loading=\"lazy\" src=\"https:\/\/blogs.urz.uni-halle.de\/denkwerkstatt\/files\/2020\/12\/Denkwerkstatt_Wortmarke_schwarz_1000px.jpg\" alt=\"\" class=\"wp-image-436\" width=\"332\" height=\"332\" srcset=\"https:\/\/blogs.urz.uni-halle.de\/denkwerkstatt\/files\/2020\/12\/Denkwerkstatt_Wortmarke_schwarz_1000px.jpg 1000w, https:\/\/blogs.urz.uni-halle.de\/denkwerkstatt\/files\/2020\/12\/Denkwerkstatt_Wortmarke_schwarz_1000px-300x300.jpg 300w, https:\/\/blogs.urz.uni-halle.de\/denkwerkstatt\/files\/2020\/12\/Denkwerkstatt_Wortmarke_schwarz_1000px-150x150.jpg 150w, https:\/\/blogs.urz.uni-halle.de\/denkwerkstatt\/files\/2020\/12\/Denkwerkstatt_Wortmarke_schwarz_1000px-768x769.jpg 768w\" sizes=\"(max-width: 332px) 100vw, 332px\" \/><\/figure>\n","protected":false},"excerpt":{"rendered":"<p>Die \u00bbDenkwerkstatt\u00ab am Seminar f\u00fcr Philosophie der Martin-Luther-Universit\u00e4t Halle-Wittenberg f\u00f6rdert seit 2017 aktiv das Interesse \u00a0von Sch\u00fclerinnen und Sch\u00fclern an Fragen und Problemen der Philosophie \u00a0und Ethik. Im Rahmen von Kooperationen beraten und unterst\u00fctzen wir deshalb Lehrer*innen, die in Klasse &hellip; <a href=\"https:\/\/blogs.urz.uni-halle.de\/denkwerkstatt\/ueber-das-projekt\/\">Weiterlesen <span class=\"meta-nav\">&rarr;<\/span><\/a><\/p>\n","protected":false},"author":3525,"featured_media":0,"parent":0,"menu_order":0,"comment_status":"closed","ping_status":"closed","template":"","meta":{"ngg_post_thumbnail":0},"yoast_head":"<!-- This site is optimized with the Yoast SEO plugin v15.6.2 - https:\/\/yoast.com\/wordpress\/plugins\/seo\/ -->\n<title>\u00dcber das Projekt &quot;Denkwerkstatt&quot; - Denkwerkstatt<\/title>\n<meta name=\"robots\" content=\"index, follow, max-snippet:-1, max-image-preview:large, max-video-preview:-1\" \/>\n<link rel=\"canonical\" href=\"https:\/\/blogs.urz.uni-halle.de\/denkwerkstatt\/ueber-das-projekt\/\" \/>\n<meta property=\"og:locale\" content=\"de_DE\" \/>\n<meta property=\"og:type\" content=\"article\" \/>\n<meta property=\"og:title\" content=\"\u00dcber das Projekt &quot;Denkwerkstatt&quot; - Denkwerkstatt\" \/>\n<meta property=\"og:description\" content=\"Die \u00bbDenkwerkstatt\u00ab am Seminar f\u00fcr Philosophie der Martin-Luther-Universit\u00e4t Halle-Wittenberg f\u00f6rdert seit 2017 aktiv das Interesse \u00a0von Sch\u00fclerinnen und Sch\u00fclern an Fragen und Problemen der Philosophie \u00a0und Ethik. Im Rahmen von Kooperationen beraten und unterst\u00fctzen wir deshalb Lehrer*innen, die in Klasse &hellip; Weiterlesen &rarr;\" \/>\n<meta property=\"og:url\" content=\"https:\/\/blogs.urz.uni-halle.de\/denkwerkstatt\/ueber-das-projekt\/\" \/>\n<meta property=\"og:site_name\" content=\"Denkwerkstatt\" \/>\n<meta property=\"article:modified_time\" content=\"2020-12-15T11:45:30+00:00\" \/>\n<meta property=\"og:image\" content=\"https:\/\/blogs.urz.uni-halle.de\/denkwerkstatt\/files\/2020\/12\/Doppelsiegel-rechts-JPG-1024x196.jpg\" \/>\n<meta name=\"twitter:card\" content=\"summary_large_image\" \/>\n<meta name=\"twitter:label1\" content=\"Gesch\u00e4tzte Lesezeit\">\n\t<meta name=\"twitter:data1\" content=\"1\u00a0Minute\">\n<script type=\"application\/ld+json\" class=\"yoast-schema-graph\">{\"@context\":\"https:\/\/schema.org\",\"@graph\":[{\"@type\":\"WebSite\",\"@id\":\"https:\/\/blogs.urz.uni-halle.de\/denkwerkstatt\/#website\",\"url\":\"https:\/\/blogs.urz.uni-halle.de\/denkwerkstatt\/\",\"name\":\"Denkwerkstatt\",\"description\":\"Schule und Universit\\u00e4t zusammendenken\",\"potentialAction\":[{\"@type\":\"SearchAction\",\"target\":\"https:\/\/blogs.urz.uni-halle.de\/denkwerkstatt\/?s={search_term_string}\",\"query-input\":\"required name=search_term_string\"}],\"inLanguage\":\"de\"},{\"@type\":\"ImageObject\",\"@id\":\"https:\/\/blogs.urz.uni-halle.de\/denkwerkstatt\/ueber-das-projekt\/#primaryimage\",\"inLanguage\":\"de\",\"url\":\"https:\/\/blogs.urz.uni-halle.de\/denkwerkstatt\/files\/2020\/12\/Doppelsiegel-rechts-JPG.jpg\",\"width\":1929,\"height\":369},{\"@type\":\"WebPage\",\"@id\":\"https:\/\/blogs.urz.uni-halle.de\/denkwerkstatt\/ueber-das-projekt\/#webpage\",\"url\":\"https:\/\/blogs.urz.uni-halle.de\/denkwerkstatt\/ueber-das-projekt\/\",\"name\":\"\\u00dcber das Projekt \\\"Denkwerkstatt\\\" - Denkwerkstatt\",\"isPartOf\":{\"@id\":\"https:\/\/blogs.urz.uni-halle.de\/denkwerkstatt\/#website\"},\"primaryImageOfPage\":{\"@id\":\"https:\/\/blogs.urz.uni-halle.de\/denkwerkstatt\/ueber-das-projekt\/#primaryimage\"},\"datePublished\":\"2020-12-14T21:02:24+00:00\",\"dateModified\":\"2020-12-15T11:45:30+00:00\",\"inLanguage\":\"de\",\"potentialAction\":[{\"@type\":\"ReadAction\",\"target\":[\"https:\/\/blogs.urz.uni-halle.de\/denkwerkstatt\/ueber-das-projekt\/\"]}]}]}<\/script>\n<!-- \/ Yoast SEO plugin. -->","_links":{"self":[{"href":"https:\/\/blogs.urz.uni-halle.de\/denkwerkstatt\/wp-json\/wp\/v2\/pages\/431"}],"collection":[{"href":"https:\/\/blogs.urz.uni-halle.de\/denkwerkstatt\/wp-json\/wp\/v2\/pages"}],"about":[{"href":"https:\/\/blogs.urz.uni-halle.de\/denkwerkstatt\/wp-json\/wp\/v2\/types\/page"}],"author":[{"embeddable":true,"href":"https:\/\/blogs.urz.uni-halle.de\/denkwerkstatt\/wp-json\/wp\/v2\/users\/3525"}],"replies":[{"embeddable":true,"href":"https:\/\/blogs.urz.uni-halle.de\/denkwerkstatt\/wp-json\/wp\/v2\/comments?post=431"}],"version-history":[{"count":4,"href":"https:\/\/blogs.urz.uni-halle.de\/denkwerkstatt\/wp-json\/wp\/v2\/pages\/431\/revisions"}],"predecessor-version":[{"id":448,"href":"https:\/\/blogs.urz.uni-halle.de\/denkwerkstatt\/wp-json\/wp\/v2\/pages\/431\/revisions\/448"}],"wp:attachment":[{"href":"https:\/\/blogs.urz.uni-halle.de\/denkwerkstatt\/wp-json\/wp\/v2\/media?parent=431"}],"curies":[{"name":"wp","href":"https:\/\/api.w.org\/{rel}","templated":true}]}}