{"id":19,"date":"2019-10-05T16:33:43","date_gmt":"2019-10-05T14:33:43","guid":{"rendered":"https:\/\/blogs.urz.uni-halle.de\/derhalbstarkehallunke\/?page_id=19"},"modified":"2019-10-05T17:14:08","modified_gmt":"2019-10-05T15:14:08","slug":"ueber-den-autor","status":"publish","type":"page","link":"https:\/\/blogs.urz.uni-halle.de\/derhalbstarkehallunke\/ueber-den-autor\/","title":{"rendered":"\u00dcber den Autor"},"content":{"rendered":"<p>Sie fragen sich sicherlich, was f\u00fcr ein Typ da seine kleinen Texte ins Netz stellt\u2026 hoffe ich zumindest. Falls nicht, ist es mir offen gesagt auch egal.<\/p>\n<p>Ich habe beschlossen, was ich denke einfach mal so ins Netz zu schreien und zu sehen was zur\u00fcckkommt. Das wird hoffentlich fruchtbar.<\/p>\n<p>Wenn hier mal jemand was kommentiert liebe ich euch!! Jetzt sind wir schon per du, aber ich werde in meinen Texten auch immer mal wieder zum sie wechseln, weil ich das vom Stil her sch\u00f6ner finde, aber es ist nichts Pers\u00f6nliches.<\/p>\n<p>Dieser Blog ist ein sehr privater Ort f\u00fcr dich und f\u00fcr mich wo wir uns einfach entspannen und etwas nachdenken und vor allen Dingen auch ein ganz sch\u00f6nes Bisschen schwafeln m\u00f6chten. Haha.<\/p>\n<p>Ja wie dem auch sei, was gibt es denn viel mehr \u00fcber mich zu sagen? Was gibt es denn \u00fcber dich zu sagen! Stell dich doch ruhig auch mal vor.<\/p>\n<p>W\u00fcrde mich freuen, wenn du vielleicht meine Texte ganz cool findest und die liest\u2026 falls ich \u00fcberhaupt Texte hochlade, da bin ich immer so unregelm\u00e4\u00dfig &#8211; schreibe ich, bevor ich diesen Text der MICH VORSTELLT \u00fcberhaupt ver\u00f6ffentlicht habe\u2026 Sie merken, ich bin etwas konfus manchmal. Aber das f\u00fchrt zu guten und neuartigen Ideen, welche sie, insofern sie sie verstehen, sehr unterhaltsam finden werden. Nur das ist das Problem, du musst sie verstehen. (Sch\u00f6n wie ich dieses Stilmittel des Sitzens und Duzens oben eingef\u00fchrt und jetzt wiederverwendet habe.)<\/p>\n<p>Ja, im Moment bin ich in S\u00fcdafrika als Freiwilliger, aber nur noch f\u00fcr 3 Wochen\u2026 es waren dann insgesamt 11 Monate. Es war eine gute Zeit.<br \/>\nViel mehr habe ich offenbar nicht \u00fcber mich zu sagen.<\/p>\n<p>Ich bin ein freundlicher, wenn auch sarkastischer Mensch.<\/p>\n<p>Lesen sie was ich schreibe grunds\u00e4tzlich mit einem Auge scharf und mit dem anderen zwinkernd. Bitte, darum muss ich sie bitten. Ich danke ihnen, bis bald!<\/p>\n","protected":false},"excerpt":{"rendered":"<p>Sie fragen sich sicherlich, was f\u00fcr ein Typ da seine kleinen Texte ins Netz stellt\u2026 hoffe ich zumindest. Falls nicht, ist es mir offen gesagt auch egal. Ich habe beschlossen, was ich denke einfach mal so ins Netz zu schreien und zu sehen was zur\u00fcckkommt. Das wird hoffentlich fruchtbar. Wenn hier mal jemand was kommentiert &hellip; <a href=\"https:\/\/blogs.urz.uni-halle.de\/derhalbstarkehallunke\/ueber-den-autor\/\" class=\"more-link\"><span class=\"screen-reader-text\">\u00dcber den Autor<\/span> weiterlesen <span class=\"meta-nav\">&rarr;<\/span><\/a><\/p>\n","protected":false},"author":4262,"featured_media":0,"parent":0,"menu_order":0,"comment_status":"closed","ping_status":"closed","template":"","meta":[],"_links":{"self":[{"href":"https:\/\/blogs.urz.uni-halle.de\/derhalbstarkehallunke\/wp-json\/wp\/v2\/pages\/19"}],"collection":[{"href":"https:\/\/blogs.urz.uni-halle.de\/derhalbstarkehallunke\/wp-json\/wp\/v2\/pages"}],"about":[{"href":"https:\/\/blogs.urz.uni-halle.de\/derhalbstarkehallunke\/wp-json\/wp\/v2\/types\/page"}],"author":[{"embeddable":true,"href":"https:\/\/blogs.urz.uni-halle.de\/derhalbstarkehallunke\/wp-json\/wp\/v2\/users\/4262"}],"replies":[{"embeddable":true,"href":"https:\/\/blogs.urz.uni-halle.de\/derhalbstarkehallunke\/wp-json\/wp\/v2\/comments?post=19"}],"version-history":[{"count":3,"href":"https:\/\/blogs.urz.uni-halle.de\/derhalbstarkehallunke\/wp-json\/wp\/v2\/pages\/19\/revisions"}],"predecessor-version":[{"id":27,"href":"https:\/\/blogs.urz.uni-halle.de\/derhalbstarkehallunke\/wp-json\/wp\/v2\/pages\/19\/revisions\/27"}],"wp:attachment":[{"href":"https:\/\/blogs.urz.uni-halle.de\/derhalbstarkehallunke\/wp-json\/wp\/v2\/media?parent=19"}],"curies":[{"name":"wp","href":"https:\/\/api.w.org\/{rel}","templated":true}]}}