{"id":2,"date":"2023-09-28T12:48:19","date_gmt":"2023-09-28T10:48:19","guid":{"rendered":"https:\/\/blogs.urz.uni-halle.de\/dertraumvonraum\/?page_id=2"},"modified":"2023-09-29T20:04:01","modified_gmt":"2023-09-29T18:04:01","slug":"beispiel-seite","status":"publish","type":"page","link":"https:\/\/blogs.urz.uni-halle.de\/dertraumvonraum\/","title":{"rendered":"Der Traum von Raum"},"content":{"rendered":"\n<h2><strong>Immer Mehr non-bin\u00e4r?<\/strong><\/h2>\n\n\n\n<p class=\"has-background\" style=\"background-color:#fbf3ac\">&#8222;Gerade bei den jungen Menschen ist das schon viel mehr angekommen. Die trauen sich \u00f6fters auch schon im Schulalter, ihre nicht-bin\u00e4re Zugeh\u00f6rigkeit zu artikulieren und auch darauf zu bestehen&#8220;, hei\u00dft es in einer von Studierenden der Martin- Luther-Universit\u00e4t durchgef\u00fchrten Umfrage in der Stadt Halle (Saale).<br>Eine Umfrage, welche weitestgehend offene und positive Resonanz zum Thema Nonbinarit\u00e4t offenbarte. Doch entspricht dies tats\u00e4chlich dem Durchschnitt der Bev\u00f6lkerung?<br>Betrachtet man Aussagen einiger Politiker:innen, Kommentarspalten auf Social-Mediaplattformen oder besch\u00e4ftigt sich genauer mit den Gef\u00fchlen und Gedanken non-bin\u00e4rer Menschen, so ist das offenbar nicht der Fall.<br>Auf dieser Webseite werden alle Einfl\u00fcsse thematisiert, welche auf Personen au\u00dferhalb des bin\u00e4ren Gendersystems einwirken.<\/p>\n\n\n\n<p><\/p>\n\n\n\n<h2><strong>Was bedeutet eigentlich non-bin\u00e4r?<\/strong><\/h2>\n\n\n\n<p class=\"has-background\" style=\"background-color:#e9e9e9\">Non-bin\u00e4r sein bedeutet, sich weder ausschlie\u00dflich als m\u00e4nnlich noch weiblich zu identifizieren. Non-bin\u00e4re Menschen f\u00fchlen sich jenseits der traditionellen Geschlechtergrenzen und k\u00f6nnen eine Vielzahl von Geschlechtsidentit\u00e4ten haben. Diese Identit\u00e4t respektiert die Vielfalt der menschlichen Geschlechtserfahrungen und betont, dass Geschlecht nicht bin\u00e4r ist, sondern ein Spektrum. Non-bin\u00e4re Personen verwenden oft geschlechtsneutrale Pronomen wie &#8222;they\/them&#8220;.<\/p>\n\n\n\n<p><\/p>\n\n\n\n<h2><strong>Was ist Gender?<\/strong><\/h2>\n\n\n\n<p class=\"has-background\" style=\"background-color:#ce9efb\">Gender bezieht sich auf die sozialen und kulturellen Rollen, Erwartungen und Identit\u00e4ten, die mit Geschlecht verbunden sind. Gender ist vielf\u00e4ltig und kann sich \u00fcber die Zeit und zwischen Kulturen ver\u00e4ndern. Es ist komplex, individuell und beeinflusst unsere Selbstwahrnehmung und soziale Interaktionen.<br>Eine respektvolle Anerkennung und Akzeptanz von unterschiedlichen Genderidentit\u00e4ten ist ein wichtiger Schritt in Richtung einer inklusiveren Gesellschaft.<\/p>\n\n\n\n<p><\/p>\n\n\n\n<h2><strong>Gender-\/Sex-Debatte<\/strong><\/h2>\n\n\n\n<p class=\"has-white-color has-text-color has-background\" style=\"background-color:#434242\">Die Gender\/Sex-Debatte ist ein komplexes Thema, das die Unterscheidung zwischen biologischem Geschlecht (Sex) und sozial konstruiertem Geschlecht (Gender) betrifft. Das biologische Geschlecht basiert auf k\u00f6rperlichen Merkmalen, w\u00e4hrend das soziale Geschlecht auf kulturellen Normen und Erwartungen beruht. Wichtig zu erw\u00e4hnen ist, dass auch die Vorstellung des biologischen Geschlechts auf sozialen Zuweisungen und Vorstellungen fu\u00dft. Ein Mensch mit Vulva und zwei X-Chromosomen w\u00e4re nach diesem Verst\u00e4ndnis eine Frau, ein Mensch mit einem Penis und einem X- und einem Y-Chromosom ein Mann. Dass neben diesen biologischen Auspr\u00e4gungen aber noch viele andere Chromosompaare und auch andere Auspr\u00e4gungen der Geschlechtsteile existieren, wird in der Debatte oft ignoriert oder unter den Tisch gekehrt.<br>Es ist wichtig zu verstehen, dass die typischen Rollenbilder des bin\u00e4ren Systems durch Kommunikation gepr\u00e4gt und ausgehandelt sind. Auch die pers\u00f6nliche Identit\u00e4t eines jeden Einzelnen wird durch Kommunikation ausgehandelt. Personen die sich nicht in das klassische bin\u00e4re System einordnen, k\u00e4mpfen f\u00fcr eine inklusivere Gesellschaft, in der Geschlechtervielfalt respektiert und anerkannt wird.<\/p>\n","protected":false},"excerpt":{"rendered":"<p>Immer Mehr non-bin\u00e4r? &#8222;Gerade bei den jungen Menschen ist das schon viel mehr angekommen. Die trauen sich \u00f6fters auch schon im Schulalter, ihre nicht-bin\u00e4re Zugeh\u00f6rigkeit zu artikulieren und auch darauf zu bestehen&#8220;, hei\u00dft es in einer von Studierenden der Martin- Luther-Universit\u00e4t durchgef\u00fchrten Umfrage in der Stadt Halle (Saale).Eine Umfrage, welche weitestgehend offene und positive Resonanz [&hellip;]<\/p>\n","protected":false},"author":5854,"featured_media":0,"parent":0,"menu_order":0,"comment_status":"closed","ping_status":"open","template":"","meta":[],"_links":{"self":[{"href":"https:\/\/blogs.urz.uni-halle.de\/dertraumvonraum\/wp-json\/wp\/v2\/pages\/2"}],"collection":[{"href":"https:\/\/blogs.urz.uni-halle.de\/dertraumvonraum\/wp-json\/wp\/v2\/pages"}],"about":[{"href":"https:\/\/blogs.urz.uni-halle.de\/dertraumvonraum\/wp-json\/wp\/v2\/types\/page"}],"author":[{"embeddable":true,"href":"https:\/\/blogs.urz.uni-halle.de\/dertraumvonraum\/wp-json\/wp\/v2\/users\/5854"}],"replies":[{"embeddable":true,"href":"https:\/\/blogs.urz.uni-halle.de\/dertraumvonraum\/wp-json\/wp\/v2\/comments?post=2"}],"version-history":[{"count":6,"href":"https:\/\/blogs.urz.uni-halle.de\/dertraumvonraum\/wp-json\/wp\/v2\/pages\/2\/revisions"}],"predecessor-version":[{"id":70,"href":"https:\/\/blogs.urz.uni-halle.de\/dertraumvonraum\/wp-json\/wp\/v2\/pages\/2\/revisions\/70"}],"wp:attachment":[{"href":"https:\/\/blogs.urz.uni-halle.de\/dertraumvonraum\/wp-json\/wp\/v2\/media?parent=2"}],"curies":[{"name":"wp","href":"https:\/\/api.w.org\/{rel}","templated":true}]}}