{"id":106,"date":"2025-07-29T12:56:15","date_gmt":"2025-07-29T10:56:15","guid":{"rendered":"https:\/\/blogs.urz.uni-halle.de\/dgss2025\/?page_id=106"},"modified":"2025-09-18T07:59:12","modified_gmt":"2025-09-18T05:59:12","slug":"ort","status":"publish","type":"page","link":"https:\/\/blogs.urz.uni-halle.de\/dgss2025\/beispiel-seite\/ort\/","title":{"rendered":"Ort"},"content":{"rendered":"\n<p>Die DGSS-Tagung findet am Steintor-Campus der Martin-Luther-Universit\u00e4t Halle-Wittenberg statt.<\/p>\n\n\n\n<p><strong>Adresse des Tagungsb\u00fcros<\/strong> und Tagungsortes:<br>Adam-Kuckhoff-Str. 35,<br>06108 Halle \/ Saale <\/p>\n\n\n\n<p><strong>Koordinaten<\/strong> [51.489716, 11.971817]<\/p>\n\n\n\n<figure class=\"wp-block-image size-large is-style-default\"><img loading=\"lazy\" width=\"320\" height=\"240\" src=\"https:\/\/blogs.urz.uni-halle.de\/dgss2025\/files\/2025\/07\/IMG_8563.png\" alt=\"Tagungsort SR1 \" class=\"wp-image-122\" srcset=\"https:\/\/blogs.urz.uni-halle.de\/dgss2025\/files\/2025\/07\/IMG_8563.png 320w, https:\/\/blogs.urz.uni-halle.de\/dgss2025\/files\/2025\/07\/IMG_8563-300x225.png 300w\" sizes=\"(max-width: 320px) 100vw, 320px\" \/><\/figure>\n\n\n\n<h3>Wie kommt man dorthin?<\/h3>\n\n\n\n<p>5 Minuten vom Hauptbahnhof mit den Stra\u00dfenbahnlinien 2, 5 und 12; mit der Stra\u00dfenbahn 2 Stationen bis &#8222;Am Steintor&#8220; fahren und 5 Minuten laufen.<\/p>\n\n\n\n<p><\/p>\n\n\n<div id=\"wpgmza_map\" class=\"wpgmza_map\" data-settings='{\"id\":\"1\",\"map_title\":\"Steintor Campus\",\"map_width\":\"100\",\"map_height\":\"400\",\"map_start_lat\":\"51.488896413918525\",\"map_start_lng\":\"11.975276603674752\",\"map_start_location\":\"45.950464398418106,-109.81550500000003\",\"map_start_zoom\":\"17\",\"default_marker\":\"\",\"type\":\"1\",\"alignment\":\"4\",\"directions_enabled\":\"0\",\"styling_enabled\":\"0\",\"styling_json\":\"\",\"active\":\"0\",\"kml\":\"\",\"bicycle\":\"0\",\"traffic\":\"0\",\"dbox\":\"0\",\"dbox_width\":\"\",\"listmarkers\":\"0\",\"listmarkers_advanced\":\"0\",\"filterbycat\":\"0\",\"ugm_enabled\":\"0\",\"ugm_category_enabled\":\"0\",\"fusion\":\"\",\"map_width_type\":\"%\",\"map_height_type\":\"px\",\"mass_marker_support\":\"0\",\"ugm_access\":\"0\",\"order_markers_by\":\"0\",\"order_markers_choice\":\"0\",\"show_user_location\":\"0\",\"default_to\":\"\",\"other_settings\":{\"map_type\":1,\"sl_stroke_color\":\"\",\"sl_fill_color\":\"\",\"sl_stroke_opacity\":\"\",\"sl_fill_opacity\":\"\",\"transport_layer\":false,\"action\":\"wpgmza_save_map\",\"redirect_to\":\"\\\/dgss2025\\\/wp-admin\\\/admin-post.php\",\"map_id\":\"1\",\"http_referer\":\"\\\/dgss2025\\\/wp-admin\\\/admin.php?page=wp-google-maps-menu&amp;action=edit&amp;map_id=1\",\"wpgmza_id\":\"1\",\"wpgmza_start_location\":\"51.488896413918525,11.975276603674752\",\"wpgmza_start_zoom\":\"17\",\"wpgmza_theme_data\":\"\",\"store_locator_enabled\":false,\"store_locator_search_area\":\"radial\",\"wpgmza_store_locator_radius_style\":\"legacy\",\"wpgmza_store_locator_default_radius\":\"10\",\"store_locator_auto_area_max_zoom\":\"\",\"store_locator_distance\":false,\"wpgmza_store_locator_position\":false,\"store_locator_category\":false,\"wpgmza_store_locator_use_their_location\":false,\"wpgmza_store_locator_bounce\":false,\"wpgmza_sl_animation\":null,\"wpgmza_store_locator_hide_before_search\":false,\"store_locator_query_string\":\"\",\"store_locator_default_address\":\"\",\"store_locator_name_search\":false,\"store_locator_name_string\":\"\",\"store_locator_not_found_message\":\"\",\"wpgmza_map_align\":\"1\",\"jump_to_nearest_marker_on_initialization\":false,\"automatically_pan_to_users_location\":false,\"show_distance_from_location\":false,\"map_max_zoom\":\"21\",\"map_min_zoom\":\"0\",\"click_open_link\":false,\"fit_maps_bounds_to_markers\":false,\"fit_maps_bounds_to_markers_after_filtering\":false,\"hide_point_of_interest\":false,\"wpgmza_zoom_on_marker_click\":false,\"wpgmza_zoom_on_marker_click_slider\":\"\",\"close_infowindow_on_map_click\":false,\"disable_lightbox_images\":false,\"use_Raw_Jpeg_Coordinates\":false,\"polygon_labels\":false,\"enable_marker_ratings\":false,\"only_load_markers_within_viewport\":false,\"iw_primary_color\":\"\",\"iw_accent_color\":\"\",\"iw_text_color\":\"\",\"wpgmza_listmarkers_by\":\"0\",\"wpgmza_marker_listing_position\":false,\"wpgmza_push_in_map\":false,\"wpgmza_push_in_map_placement\":null,\"wpgmza_push_in_map_width\":\"\",\"wpgmza_push_in_map_height\":\"\",\"datatable_no_result_message\":\"\",\"remove_search_box_datables\":false,\"dataTable_pagination_style\":null,\"datatable_search_string\":\"\",\"datatable_result_start\":\"\",\"datatable_result_of\":\"\",\"datatable_result_to\":\"\",\"datatable_result_total\":\"\",\"datatable_result_show\":\"\",\"datatable_result_entries\":\"\",\"wpgmza_savemap\":\"Karte speichern \\u00bb\"}}' data-map-id='1' Data-maps-engine='open-layers' data-shortcode-attributes='{\"id\":\"1\"}' style=\"display:block; overflow:auto; width:100%; height:400px; float:left;\"><\/div>\n\n\n<div style=\"height:45px\" aria-hidden=\"true\" class=\"wp-block-spacer\"><\/div>\n\n\n\n<p>Achtung! Wer am Steintor aussteigt, kann direkt durch die H\u00e4userzeile neben dem Caf\u00e9 &#8222;L\u00f6zius&#8220; und Steintor-Variet\u00e9 laufen (rote Linie auf der Karte).<\/p>\n\n\n\n<h3>Hotels<\/h3>\n\n\n\n<p><strong>Hotel Marthahaus<\/strong><br>Adam-Kuckhoff-Str. 5, 06108 Halle an der Saale<br><strong>City-Hotel Am Wasserturm Halle<\/strong><br>Lessingstra\u00dfe 8, 06114 Halle an der Saale<br><strong>B&amp;B Hotel Halle (Saale)<\/strong><br>Hallorenring 9, 06108 Halle an der Saale<br><strong>The niu Ridge<\/strong><br>Am Riebeckplatz 10, 06108 Halle an der Saale<br><strong>Dorint Charlottenhof Halle (Saale)<\/strong><br>Dorotheenstr. 12, 06108 Halle an der Saale<br><strong>Hotel Atlas Halle<\/strong><br>Delitzscher Str. 32 A, 06112 Halle an der Saale<\/p>\n\n\n\n<div style=\"height:42px\" aria-hidden=\"true\" class=\"wp-block-spacer\"><\/div>\n\n\n\n<h3>Restaurants and Stuff<\/h3>\n\n\n\n<p>Empfehlung f\u00fcr Restaurants, Bars etc. z.B. f\u00fcr den Donnerstagabend :<\/p>\n\n\n\n<p>Die folgenden Stra\u00dfen sind voller Kneipen und Restaurants:\u00a0<strong>Kleine Ulrichstra\u00dfe<\/strong>,\u00a0<strong>Gro\u00dfe M\u00e4rkerstra\u00dfe<\/strong>,\u00a0<strong>Sternstra\u00dfe<\/strong>, aber es gibt sehr viel mehr besonders innerhalb des Altstadtrings (&gt; Uniring- Hallorening, Hansering&#8230;)<\/p>\n\n\n\n<p>Restaurants, die wir au\u00dferdem empfehlen:<\/p>\n\n\n\n<div class=\"wp-block-group\"><div class=\"wp-block-group__inner-container\">\n<ul id=\"block-74d0bfa9-4fb4-4c36-b254-fd070c66ec6f\"><li>Mitte Ende Mai<\/li><li>roots Restaurant<\/li><li>Viet Village<\/li><li>Haus und Hof<\/li><li>Seoul<\/li><li>La Fontana<\/li><li>Zum Samowar<\/li><li>JIN<\/li><li>june<\/li><li>GORI<\/li><\/ul>\n<\/div><\/div>\n\n\n\n<p><\/p>\n","protected":false},"excerpt":{"rendered":"<p>Die DGSS-Tagung findet am Steintor-Campus der Martin-Luther-Universit\u00e4t Halle-Wittenberg statt. Adresse des Tagungsb\u00fcros und Tagungsortes:Adam-Kuckhoff-Str. 35,06108 Halle \/ Saale Koordinaten [51.489716, 11.971817] Wie kommt man dorthin? 5 Minuten vom Hauptbahnhof mit den Stra\u00dfenbahnlinien 2, 5 und 12; mit der Stra\u00dfenbahn 2 <a class=\"more-link\" href=\"https:\/\/blogs.urz.uni-halle.de\/dgss2025\/beispiel-seite\/ort\/\">weiterlesen  <span class=\"screen-reader-text\">  Ort<\/span><span class=\"meta-nav\">&rarr;<\/span><\/a><\/p>\n","protected":false},"author":5908,"featured_media":0,"parent":2,"menu_order":0,"comment_status":"closed","ping_status":"closed","template":"","meta":[],"_links":{"self":[{"href":"https:\/\/blogs.urz.uni-halle.de\/dgss2025\/wp-json\/wp\/v2\/pages\/106"}],"collection":[{"href":"https:\/\/blogs.urz.uni-halle.de\/dgss2025\/wp-json\/wp\/v2\/pages"}],"about":[{"href":"https:\/\/blogs.urz.uni-halle.de\/dgss2025\/wp-json\/wp\/v2\/types\/page"}],"author":[{"embeddable":true,"href":"https:\/\/blogs.urz.uni-halle.de\/dgss2025\/wp-json\/wp\/v2\/users\/5908"}],"replies":[{"embeddable":true,"href":"https:\/\/blogs.urz.uni-halle.de\/dgss2025\/wp-json\/wp\/v2\/comments?post=106"}],"version-history":[{"count":11,"href":"https:\/\/blogs.urz.uni-halle.de\/dgss2025\/wp-json\/wp\/v2\/pages\/106\/revisions"}],"predecessor-version":[{"id":157,"href":"https:\/\/blogs.urz.uni-halle.de\/dgss2025\/wp-json\/wp\/v2\/pages\/106\/revisions\/157"}],"up":[{"embeddable":true,"href":"https:\/\/blogs.urz.uni-halle.de\/dgss2025\/wp-json\/wp\/v2\/pages\/2"}],"wp:attachment":[{"href":"https:\/\/blogs.urz.uni-halle.de\/dgss2025\/wp-json\/wp\/v2\/media?parent=106"}],"curies":[{"name":"wp","href":"https:\/\/api.w.org\/{rel}","templated":true}]}}