{"id":2,"date":"2024-11-13T15:50:13","date_gmt":"2024-11-13T14:50:13","guid":{"rendered":"https:\/\/blogs.urz.uni-halle.de\/dgss2025\/?page_id=2"},"modified":"2025-07-31T12:42:46","modified_gmt":"2025-07-31T10:42:46","slug":"beispiel-seite","status":"publish","type":"page","link":"https:\/\/blogs.urz.uni-halle.de\/dgss2025\/","title":{"rendered":"Verst\u00e4ndigung und Verst\u00e4ndlichkeit"},"content":{"rendered":"<p>Die Sprewis der Abteilung Sprechwissenschaft und Phonetik der MLU Halle-Wittenberg laden zusammen mit dem <a href=\"https:\/\/www.mdvs.info\/\" target=\"_blank\" rel=\"noopener noreferrer\">mdvs<\/a> ein zur Jahrestagung der Deutschen Gesellschaft f\u00fcr Sprechwissenschaft und Sprecherziehung (<a href=\"https:\/\/dgss.de\" target=\"_blank\" rel=\"noopener noreferrer\">DGSS e.V.<\/a>) .<\/p>\n<p><\/p>\n\n\n<h2>Call for Abstracts<\/h2>\n\n\n\n<p>Im Sinne einer Fortf\u00fchrungen der beiden letzten DGSS-Tagungen in Marburg und M\u00fcnster m\u00f6chten wir die DGSS-Jahrestagung in Halle im Jahr 2025 mit dem Titel <strong>&#8222;Verst\u00e4ndigung und Verst\u00e4ndlichkeit&#8220;<\/strong> \u00fcberschreiben.<\/p>\n\n\n\n<p>Beide Begriffe &#8211; Verst\u00e4ndigung und Verst\u00e4ndlichkeit &#8211; begegnen den Praktizierenden der Sprechwissenschaft und Sprechbildung im akademischen und au\u00dferakademischen, k\u00fcnstlerischen und nichtk\u00fcnstlerischen Kontext: in Lehr- und Lernsituationen, in Produktion, Rezeption und Perzeption der medialen wie unmittelbaren m\u00fcndlichen Kommunikation. Sie spannen eine Reihe von Themen auf, die auf der DGSS-Tagung beleuchtet aus kognitiver, theoretisch-analytischer als auch praktischer Sicht bearbeitet werden sollen.<\/p>\n\n\n\n<p>In einer diversifizierten und z.T. polarisierten Gesellschaft, die um L\u00f6sungen der dr\u00e4ngenden Fragen ringt, spielen die &#8218;interkulturellen&#8216; Kompetenzen und kulturspezifisch gepr\u00e4gten kommunikativen und sozialen Kompetenzen eine wichtige Rolle in der Verst\u00e4ndigung. Wie lassen sich solche Kompetenzen entwickeln, sodass z.B. eine Aushandlung von Normen gelingt? Kann KI hier helfen?<\/p>\n\n\n\n<p>Die genauen kognitiven Mechanismen, die bei der Verarbeitung und Produktion m\u00fcndlicher Kommunikation &#8211; also im Gespr\u00e4ch &#8211; ablaufen, insbesondere in Bezug auf die Parallelit\u00e4t von Planung, Produktion und Rezeption, sind noch nicht vollst\u00e4ndig verstanden. Z.B. das Eingehen auf das Gegen\u00fcber: Welche Mechanismen und optimalen Strategien f\u00fcr diese Anpassung (accommodation) gibt es?<\/p>\n\n\n\n<p>Sprechen respektive m\u00fcndliche Kommunikation umfasst ein komplexes Zusammenspiel verschiedener Komponenten wie verbale, nonverbale und paraverbale Elemente. Wie genau wirken diese Faktoren zusammen? Kann man das lernen\/lehren? Die zuverl\u00e4ssige, valide und faire Messung m\u00fcndlicher Kompetenzen i.S. einer Verst\u00e4ndlichkeit, stellt nach wie vor insbesondere im DaF\/DaZ-Kontext eine Herausforderung dar.<\/p>\n\n\n\n<p>Und da 2025 das <a href=\"https:\/\/www.instrument-des-jahres.de\/\" target=\"_blank\" rel=\"noreferrer noopener\">Instrument des Jahres<\/a> &#8222;die Stimme&#8220; ist, m\u00f6chten wir auch dieses Thema sehr gern ber\u00fccksichtigen.<\/p>\n\n\n\n<p>Wir laden herzlich dazu ein, <strong>Abstracts (ca. 300 W\u00f6rter)<\/strong> f\u00fcr <strong>Vortr\u00e4ge<\/strong> (30 Minuten), <strong>Poster<\/strong>, <strong>Workshops<\/strong> (90 Minuten) oder andere Formate <strong>bis <s>31.5.2025<\/s><\/strong> <strong>10.06.2025<\/strong> via <a href=\"mailto:dgss2025@sprechwiss.uni-halle.de\" data-type=\"mailto\" data-id=\"mailto:dgss2025@sprechwiss.uni-halle.de\">dgss2025@sprechwiss.uni-halle.de<\/a> einzureichen.<\/p>\n\n\n\n<p><a href=\"https:\/\/blogs.urz.uni-halle.de\/dgss2025\/files\/2025\/04\/DGSS2025CallforAbstracts.pdf\" target=\"_blank\" rel=\"noreferrer noopener\">Call zum Download<\/a><\/p>\n\n\n\n<p><\/p>\n","protected":false},"excerpt":{"rendered":"<p>Die Sprewis der Abteilung Sprechwissenschaft und Phonetik der MLU Halle-Wittenberg laden zusammen mit dem mdvs ein zur Jahrestagung der Deutschen Gesellschaft f\u00fcr Sprechwissenschaft und Sprecherziehung (DGSS e.V.) . Call for Abstracts Im Sinne einer Fortf\u00fchrungen der beiden letzten DGSS-Tagungen in <a class=\"more-link\" href=\"https:\/\/blogs.urz.uni-halle.de\/dgss2025\/\">weiterlesen  <span class=\"screen-reader-text\">  Verst\u00e4ndigung und Verst\u00e4ndlichkeit<\/span><span class=\"meta-nav\">&rarr;<\/span><\/a><\/p>\n","protected":false},"author":5908,"featured_media":0,"parent":0,"menu_order":0,"comment_status":"closed","ping_status":"closed","template":"","meta":[],"_links":{"self":[{"href":"https:\/\/blogs.urz.uni-halle.de\/dgss2025\/wp-json\/wp\/v2\/pages\/2"}],"collection":[{"href":"https:\/\/blogs.urz.uni-halle.de\/dgss2025\/wp-json\/wp\/v2\/pages"}],"about":[{"href":"https:\/\/blogs.urz.uni-halle.de\/dgss2025\/wp-json\/wp\/v2\/types\/page"}],"author":[{"embeddable":true,"href":"https:\/\/blogs.urz.uni-halle.de\/dgss2025\/wp-json\/wp\/v2\/users\/5908"}],"replies":[{"embeddable":true,"href":"https:\/\/blogs.urz.uni-halle.de\/dgss2025\/wp-json\/wp\/v2\/comments?post=2"}],"version-history":[{"count":11,"href":"https:\/\/blogs.urz.uni-halle.de\/dgss2025\/wp-json\/wp\/v2\/pages\/2\/revisions"}],"predecessor-version":[{"id":128,"href":"https:\/\/blogs.urz.uni-halle.de\/dgss2025\/wp-json\/wp\/v2\/pages\/2\/revisions\/128"}],"wp:attachment":[{"href":"https:\/\/blogs.urz.uni-halle.de\/dgss2025\/wp-json\/wp\/v2\/media?parent=2"}],"curies":[{"name":"wp","href":"https:\/\/api.w.org\/{rel}","templated":true}]}}