{"id":74,"date":"2025-07-16T15:55:34","date_gmt":"2025-07-16T13:55:34","guid":{"rendered":"https:\/\/blogs.urz.uni-halle.de\/dgss2025\/?page_id=74"},"modified":"2025-09-25T17:20:03","modified_gmt":"2025-09-25T15:20:03","slug":"programm-der-jahrestagung-dgss-2025","status":"publish","type":"page","link":"https:\/\/blogs.urz.uni-halle.de\/dgss2025\/beispiel-seite\/programm-der-jahrestagung-dgss-2025\/","title":{"rendered":"Programm"},"content":{"rendered":"\n<p><strong>Programm der Jahrestagung DGSS 2025<\/strong><\/p>\n\n\n\n<p>Das ausf\u00fchrliche Programm gibt es hier zum Download: <\/p>\n\n\n\n<div class=\"wp-block-file\"><a href=\"https:\/\/blogs.urz.uni-halle.de\/dgss2025\/files\/2025\/09\/DGSS_Programm_0923.pdf\">DGSS_Programm_0923<\/a><a href=\"https:\/\/blogs.urz.uni-halle.de\/dgss2025\/files\/2025\/09\/DGSS_Programm_0923.pdf\" class=\"wp-block-file__button\" download>Herunterladen<\/a><\/div>\n\n\n\n<p><strong><span style=\"color:#eb730a\" class=\"has-inline-color\">Donnerstag, 25. September 2025<\/span><\/strong><\/p>\n\n\n\n<figure class=\"wp-block-table is-style-stripes\"><table><tbody><tr><td>13:00-14:30<\/td><td>DGSS Gremiensitzung <br>Wissenschaftskommission [Seminarraum 3]<\/td><td>DGSS Gremiensitzung<br>Berufskommission [Seminarraum 2] <\/td><\/tr><tr><td>14:30-14:45<\/td><td>Kaffeepause [Seminarraum 1]<\/td><td><\/td><\/tr><tr><td>14:45-16:15<\/td><td>DGSS Beiratssitzung [Seminarraum 2]<\/td><td><\/td><\/tr><tr><td>16:15-17:00<\/td><td>Kaffeepause [Seminarraum 1]<\/td><td><\/td><\/tr><tr><td>17:00-18:30<\/td><td>DGSS Mitgliederversammlung [H\u00f6rsaal 1]<\/td><td><\/td><\/tr><tr><td>18:30-20:00<\/td><td>Empfang [Studentischer Aufenthaltsraum]<\/td><td><\/td><\/tr><\/tbody><\/table><\/figure>\n\n\n\n<p><strong><span style=\"color:#eb730a\" class=\"has-inline-color\">Freitag, 26. September 2025<\/span><\/strong><\/p>\n\n\n\n<p><span style=\"color:#eb730a\" class=\"has-inline-color\"><strong>Workshops<\/strong><\/span> [SR2]<\/p>\n\n\n\n<p>11:00-12:30: <strong>Marit Fiedler<\/strong>: <em>PSST!! Mit Stimme Theater machen. Ein Workshop mit \u00dcbungen und Experimenten zum Thema Stimme in der Theaterp\u00e4dagogik  <\/em><\/p>\n\n\n\n<p>14:00-15:30: <strong>Adela Mahling<\/strong>: <em>Vom Nein zum Wir: Mit Systemischem Konsensieren Verst\u00e4ndigung gestalten<\/em><\/p>\n\n\n\n<p><span style=\"color:#eb730a\" class=\"has-inline-color\"><strong>Vortr\u00e4ge, Postersession &amp; Rahmenprogramm<\/strong><\/span><\/p>\n\n\n\n<figure class=\"wp-block-table is-style-stripes\"><table><tbody><tr><td>08:30<\/td><td><\/td><td><span style=\"color:#eb730a\" class=\"has-inline-color\">Er\u00f6ffnung<\/span><\/td><\/tr><tr><td>09:00-09:30<\/td><td><strong>Fiona Maier<\/strong> <\/td><td><em>Die Beziehungsebene explizit machen: Metakommunikation als Schl\u00fcssel zu Rapport, Verst\u00e4ndlichkeit und erfolgreicher Inhaltsvermittlung<\/em><\/td><\/tr><tr><td>09:30-10:00<\/td><td><strong>Augustin<\/strong> <strong>Ulrich Nebert<\/strong><br><\/td><td><em>Kommunikationsvoraussetzungen: Was ben\u00f6tigen wir, damit ein verst\u00e4ndnisorientierter Kommunikationsprozess stattfinden kann<\/em><\/td><\/tr><tr><td>10:00-10:30<\/td><td><strong>Hartwig Eckert, Oksana Roth &amp; Reik Mollenhauer<\/strong><\/td><td><em>Verst\u00e4ndigung und Verst\u00e4ndlichkeit in der Finanzberatung: Die Ergebnisse einer empirischen Studie<\/em><\/td><\/tr><tr><td>10:30-10:50<\/td><td><br><\/td><td><span style=\"color:#eb730a\" class=\"has-inline-color\">Kaffeepause<\/span><br><\/td><\/tr><tr><td>10:50-11:00<\/td><td><\/td><td>Verleihung der Ehrenmitgliedschaft der DGSS<\/td><\/tr><tr><td>11:00-11:30<\/td><td><strong>Ursula Hirschfeld<\/strong><\/td><td><em>Merkmale einer verst\u00e4ndlichen Gesangsaussprache und Einflussfaktoren auf die Verst\u00e4ndlichkeit<\/em><\/td><\/tr><tr><td>11:30-12:00<\/td><td><strong>Daniela Langer<\/strong><\/td><td><em>Achte aufs Mikro: Wie Winkel, Richtung und Abstand von Sprechenden den Stimmklang beeinflussen<\/em><\/td><\/tr><tr><td>12:00-12:30<\/td><td><strong>Michaela Kupietz<\/strong><\/td><td><em>Genau, richtig, okay? So. \u2013 Gespr\u00e4chsformeln im Kita-Alltag in der Verst\u00e4ndigung zwischen Erzieherinnen und Kindern unter drei Jahren.<\/em><\/td><\/tr><tr><td>12:30-14:00<\/td><td><\/td><td><span style=\"color:#eb730a\" class=\"has-inline-color\">Mittagspause<\/span><\/td><\/tr><tr><td>14:00-15:00<\/td><td><strong>Susanne Voigt-Zimmermann<\/strong><\/td><td><em>Stimmgesundheit von Besch\u00e4ftigten in der fr\u00fchkindlichen Bildung<\/em><\/td><\/tr><tr><td>15:00-16:00<\/td><td><\/td><td><span style=\"color:#eb730a\" class=\"has-inline-color\">Kaffeepause mit Postersession<\/span><\/td><\/tr><tr><td>16:00-17:00<\/td><td><strong>Ines Bose<\/strong><\/td><td><em>Leichte und Einfache Sprache sprechen \u2013 barrierefrei, verst\u00e4ndlich, akzeptabel?<\/em><\/td><\/tr><tr><td>17:00-18:30<\/td><td><strong>Berufskommission<\/strong> <strong>der DGSS<\/strong><\/td><td>Berufspolitisches Forum: <em>Schritte in eine erfolgreiche sprecherische Selbstst\u00e4ndigkeit \u2013 Podiumsgespr\u00e4ch<\/em><br>G\u00e4stinnen:<strong> Beatrix Schwarzbach, Carolin Sabath, Jana Post<\/strong><br>Moderation: <strong>Angie Sonnemann<\/strong><\/td><\/tr><tr><td>19:00<\/td><td><\/td><td><strong>Gesellschaftsabend <\/strong>[&#8222;Altes Postamt&#8220;, Bernburger Str. 25a]<br><br>inkl. Verleihung der Ehrenmitgliedschaft der DGSS an weitere Mitglieder<\/td><\/tr><\/tbody><\/table><\/figure>\n\n\n\n<p><span style=\"color:#eb730a\" class=\"has-inline-color\"><strong>Samstag, 27. September 2025<\/strong><\/span><\/p>\n\n\n\n<p><span style=\"color:#eb730a\" class=\"has-inline-color\"><strong>Workshops<\/strong><\/span> [SR2]<\/p>\n\n\n\n<p>09:00-10:30: <strong>DGSS Studierendenvertretung<\/strong>: <em>Planspiel Blackout<\/em><\/p>\n\n\n\n<p>11:00-12:30: <strong>Elisabeth Bengtson-Opitz &amp; Marius Rothe<\/strong>: <em>Anti-Aging f\u00fcr die Stimme<\/em><\/p>\n\n\n\n<p><span style=\"color:#eb730a\" class=\"has-inline-color\"><strong>Vortr\u00e4ge<\/strong><\/span> [HS1]<\/p>\n\n\n\n<figure class=\"wp-block-table is-style-stripes\"><table><tbody><tr><td>09:00-09:30<\/td><td><strong>Heiner Apel, Marcus Friedrich, Antonia Gro\u00dfmann &amp; Bianca Krenz<\/strong> <\/td><td><em>\u00c4rzt:innen vs. \u00c4rzte \u2013 F\u00fchrt die Verwendung der Glottisschlag-Realisation in geschlechtergerechter Sprache zu Einbu\u00dfen der Verst\u00e4ndlichkeit?<\/em> <\/td><\/tr><tr><td>09:30-10:00<\/td><td><strong>Michael Berndonner<\/strong><\/td><td><em>Ist <\/em>Motivational Interviewing <em>auch ein sprechwissenschaftliches Thema?<\/em><\/td><\/tr><tr><td>10:00-10:30<\/td><td><strong>DGSS \/ Romana Stieger<\/strong><\/td><td>Verleihung des Preises f\u00fcr die beste Abschlussarbeit mit anschlie\u00dfendem Vortrag:  <em>Die weibliche Sprechstimmlage im Wandel der Zeit. Eine exemplarische Analyse anhand der Moderatorinnen der Nachrichtensendung <\/em>Zeit im Bild 1<em> im <\/em>ORF<\/td><\/tr><tr><td>10:30-11:00<\/td><td><\/td><td><span style=\"color:#eb730a\" class=\"has-inline-color\">Kaffeepause<\/span><\/td><\/tr><tr><td>11:00-11:30<\/td><td><strong>Marcella Palladino &amp; Ulrike Kaunzner<\/strong><\/td><td><em>Politische Kommunikation multimodal erfassen und analysieren: Potenziale KI-gest\u00fctzter Transkriptionsverfahren<\/em><\/td><\/tr><tr><td>11:30-12:30<\/td><td><strong>Clara Luise Finke<\/strong><\/td><td><em><em>Verst\u00e4ndigungshandeln im kommunikativen Alltag von Schulleitungen<\/em><\/em><\/td><\/tr><tr><td>12:30<\/td><td><\/td><td>Verabschiedung mit Imbiss<\/td><\/tr><\/tbody><\/table><\/figure>\n","protected":false},"excerpt":{"rendered":"<p>Programm der Jahrestagung DGSS 2025 Das ausf\u00fchrliche Programm gibt es hier zum Download: Donnerstag, 25. September 2025 13:00-14:30 DGSS Gremiensitzung Wissenschaftskommission [Seminarraum 3] DGSS GremiensitzungBerufskommission [Seminarraum 2] 14:30-14:45 Kaffeepause [Seminarraum 1] 14:45-16:15 DGSS Beiratssitzung [Seminarraum 2] 16:15-17:00 Kaffeepause [Seminarraum 1] <a class=\"more-link\" href=\"https:\/\/blogs.urz.uni-halle.de\/dgss2025\/beispiel-seite\/programm-der-jahrestagung-dgss-2025\/\">weiterlesen  <span class=\"screen-reader-text\">  Programm<\/span><span class=\"meta-nav\">&rarr;<\/span><\/a><\/p>\n","protected":false},"author":6402,"featured_media":0,"parent":2,"menu_order":0,"comment_status":"closed","ping_status":"closed","template":"","meta":[],"_links":{"self":[{"href":"https:\/\/blogs.urz.uni-halle.de\/dgss2025\/wp-json\/wp\/v2\/pages\/74"}],"collection":[{"href":"https:\/\/blogs.urz.uni-halle.de\/dgss2025\/wp-json\/wp\/v2\/pages"}],"about":[{"href":"https:\/\/blogs.urz.uni-halle.de\/dgss2025\/wp-json\/wp\/v2\/types\/page"}],"author":[{"embeddable":true,"href":"https:\/\/blogs.urz.uni-halle.de\/dgss2025\/wp-json\/wp\/v2\/users\/6402"}],"replies":[{"embeddable":true,"href":"https:\/\/blogs.urz.uni-halle.de\/dgss2025\/wp-json\/wp\/v2\/comments?post=74"}],"version-history":[{"count":10,"href":"https:\/\/blogs.urz.uni-halle.de\/dgss2025\/wp-json\/wp\/v2\/pages\/74\/revisions"}],"predecessor-version":[{"id":176,"href":"https:\/\/blogs.urz.uni-halle.de\/dgss2025\/wp-json\/wp\/v2\/pages\/74\/revisions\/176"}],"up":[{"embeddable":true,"href":"https:\/\/blogs.urz.uni-halle.de\/dgss2025\/wp-json\/wp\/v2\/pages\/2"}],"wp:attachment":[{"href":"https:\/\/blogs.urz.uni-halle.de\/dgss2025\/wp-json\/wp\/v2\/media?parent=74"}],"curies":[{"name":"wp","href":"https:\/\/api.w.org\/{rel}","templated":true}]}}