{"id":49,"date":"2022-07-14T16:44:05","date_gmt":"2022-07-14T14:44:05","guid":{"rendered":"https:\/\/blogs.urz.uni-halle.de\/didi\/?page_id=49"},"modified":"2022-07-14T16:45:39","modified_gmt":"2022-07-14T14:45:39","slug":"arbeit-fuer-klima","status":"publish","type":"page","link":"https:\/\/blogs.urz.uni-halle.de\/didi\/arbeit-fuer-klima\/","title":{"rendered":"Arbeit f\u00fcr Klima"},"content":{"rendered":"\n<figure class=\"wp-block-audio\"><audio controls src=\"https:\/\/blogs.urz.uni-halle.de\/didi\/files\/2022\/07\/Arbeit_Fuers_Klima_Dietrich_Moritz_221214732.mp3\"><\/audio><figcaption><strong>&#8222;Point of View&#8220; Aufnahme der Demo des FFF Leipzigs am 25.03.2022<\/strong><\/figcaption><\/figure>\n\n\n\n<figure class=\"wp-block-image size-large is-resized is-style-rounded\"><img loading=\"lazy\" src=\"https:\/\/blogs.urz.uni-halle.de\/didi\/files\/2022\/07\/ffflpzg.jpg\" alt=\"\" class=\"wp-image-25\" width=\"401\" height=\"267\" srcset=\"https:\/\/blogs.urz.uni-halle.de\/didi\/files\/2022\/07\/ffflpzg.jpg 1024w, https:\/\/blogs.urz.uni-halle.de\/didi\/files\/2022\/07\/ffflpzg-300x200.jpg 300w, https:\/\/blogs.urz.uni-halle.de\/didi\/files\/2022\/07\/ffflpzg-768x512.jpg 768w\" sizes=\"(max-width: 401px) 100vw, 401px\" \/><figcaption>Klimastreik in Leipzig<\/figcaption><\/figure>\n\n\n\n<div class=\"wp-block-buttons\">\n<div class=\"wp-block-button\"><a class=\"wp-block-button__link\"><strong><span class=\"has-inline-color has-light-green-cyan-color\">Auch wenn unter Arbeit zumeist nur Lohnarbeit verstanden wird gibt es mehr Formen von geleisteter Arbeit. Beispielsweise Care-Arbeit, (also Kinder-Erziehung, Haushalt etc.) ist zwar Arbeit die gemacht werden muss. Jedoch sind vor allem Frauen die, die diese Arbeit verrichten und daf\u00fcr nicht entlohnt werden. Denn es sei ja die Aufgabe eine Mutter oder Hausfrau sich darum zu k\u00fcmmern.<br>\u00c4hnliche Z\u00fcge besitzt die freiwillige Arbeitskraft von Menschen die sich daf\u00fcr einstzen, dass die Erde weiterhin von uns bewohnt werden kann. Damit leisten sie der Gesellschaft eine Arbeit die extrem Notwendig ist und eigentlich von Regierungen und nicht der Zivilbev\u00f6lkerung verrichtet werden sollte. Um dies zu verdeutlichen habe ich eine Demo begleitet, der Fokus liegt dabei vor allem an Organisator*innen. Wie zum Beispiel der Fridays For Future Bewegung, die in letzten Jahren regelm\u00e4\u00dfig viele Menschen f\u00fcr ernsthafte Klimapolitik auf die Stra\u00dfe bringen konnte.<\/span><\/strong><\/a><\/div>\n<\/div>\n\n\n\n<div class=\"wp-block-buttons\">\n<div class=\"wp-block-button is-style-fill\"><a class=\"wp-block-button__link\"><span class=\"has-inline-color has-vivid-green-cyan-color\">Link zum Demo-Post des FFF Leipzig:<br>https:\/\/www.instagram.com\/p\/Cc-H1yfO0Tt\/?igshid=YmMyMTA2M2Y=<\/span><\/a><\/div>\n<\/div>\n","protected":false},"excerpt":{"rendered":"","protected":false},"author":5518,"featured_media":0,"parent":0,"menu_order":0,"comment_status":"closed","ping_status":"closed","template":"","meta":{"ngg_post_thumbnail":0},"_links":{"self":[{"href":"https:\/\/blogs.urz.uni-halle.de\/didi\/wp-json\/wp\/v2\/pages\/49"}],"collection":[{"href":"https:\/\/blogs.urz.uni-halle.de\/didi\/wp-json\/wp\/v2\/pages"}],"about":[{"href":"https:\/\/blogs.urz.uni-halle.de\/didi\/wp-json\/wp\/v2\/types\/page"}],"author":[{"embeddable":true,"href":"https:\/\/blogs.urz.uni-halle.de\/didi\/wp-json\/wp\/v2\/users\/5518"}],"replies":[{"embeddable":true,"href":"https:\/\/blogs.urz.uni-halle.de\/didi\/wp-json\/wp\/v2\/comments?post=49"}],"version-history":[{"count":2,"href":"https:\/\/blogs.urz.uni-halle.de\/didi\/wp-json\/wp\/v2\/pages\/49\/revisions"}],"predecessor-version":[{"id":52,"href":"https:\/\/blogs.urz.uni-halle.de\/didi\/wp-json\/wp\/v2\/pages\/49\/revisions\/52"}],"wp:attachment":[{"href":"https:\/\/blogs.urz.uni-halle.de\/didi\/wp-json\/wp\/v2\/media?parent=49"}],"curies":[{"name":"wp","href":"https:\/\/api.w.org\/{rel}","templated":true}]}}