{"id":24,"date":"2022-05-10T12:53:01","date_gmt":"2022-05-10T10:53:01","guid":{"rendered":"https:\/\/blogs.urz.uni-halle.de\/digestibleentwicklerblog\/?page_id=24"},"modified":"2022-05-10T14:55:56","modified_gmt":"2022-05-10T12:55:56","slug":"ueber-das-projekt","status":"publish","type":"page","link":"https:\/\/blogs.urz.uni-halle.de\/digestibleentwicklerblog\/ueber-das-projekt\/","title":{"rendered":"\u00dcber das Projekt"},"content":{"rendered":"\n<p>Das Kooperationsprojekt \u201eDigestable\u201c zwischen der Martin-Luther-Universit\u00e4t Halle-Wittenberg und der Macromedia Leipzig findet im Sommersemester 2022 seinen Ursprung. Grundlegendes Ziel des Projekts soll die Konzipierung und Umsetzung eines sogenannten Serious Games f\u00fcr Sch\u00fcler:innen sein.<br>Hierzu haben die Studierenden der Macromedia Leipzig die Aufgabenstellung bekommen ein Adventure-Game-Rahmen zu schaffen, in dem sich die Lehramtsstudentinnen der Uni Halle verwirklichen k\u00f6nnen. Nach einem Pitch f\u00fcr eine gr\u00f6\u00dfere Gruppe an Studierenden der Universit\u00e4t Halle, revanchierten sich diese und stellten uns ihre Ideen eine Woche sp\u00e4ter vor. Nach einer Evaluation taten sich die Studierenden der Macromedia Leipzig mit den Studentinnen Swaantje und Vanessa und ihrer Idee eines Biologie Spiels \u00fcber die Verdauung des Menschen zusammen.<\/p>\n\n\n\n<p>Mit einem groben Thema, einer Spielidee und hochmotivierten Studierenden machen wir uns nun also auf den Weg ein Serious Game zu entwickeln, welches besten Falls Lehrinhalte und Spielspa\u00df zu gleichen Teilen vermitteln kann.<\/p>\n\n\n\n<div class=\"wp-block-columns\">\n<div class=\"wp-block-column\">\n<figure class=\"wp-block-image size-large\"><img loading=\"lazy\" width=\"420\" height=\"50\" src=\"https:\/\/blogs.urz.uni-halle.de\/digestibleentwicklerblog\/files\/2022\/05\/image-8.png\" alt=\"\" class=\"wp-image-25\" srcset=\"https:\/\/blogs.urz.uni-halle.de\/digestibleentwicklerblog\/files\/2022\/05\/image-8.png 420w, https:\/\/blogs.urz.uni-halle.de\/digestibleentwicklerblog\/files\/2022\/05\/image-8-300x36.png 300w\" sizes=\"(max-width: 420px) 100vw, 420px\" \/><\/figure>\n<\/div>\n\n\n\n<div class=\"wp-block-column\">\n<figure class=\"wp-block-image size-large\"><img loading=\"lazy\" width=\"468\" height=\"67\" src=\"https:\/\/blogs.urz.uni-halle.de\/digestibleentwicklerblog\/files\/2022\/05\/image-9.png\" alt=\"\" class=\"wp-image-26\" srcset=\"https:\/\/blogs.urz.uni-halle.de\/digestibleentwicklerblog\/files\/2022\/05\/image-9.png 468w, https:\/\/blogs.urz.uni-halle.de\/digestibleentwicklerblog\/files\/2022\/05\/image-9-300x43.png 300w\" sizes=\"(max-width: 468px) 100vw, 468px\" \/><\/figure>\n<\/div>\n<\/div>\n\n\n\n<p><\/p>\n","protected":false},"excerpt":{"rendered":"<p>Das Kooperationsprojekt \u201eDigestable\u201c zwischen der Martin-Luther-Universit\u00e4t Halle-Wittenberg und der Macromedia Leipzig findet im Sommersemester 2022 seinen Ursprung. Grundlegendes Ziel des Projekts soll die Konzipierung und Umsetzung eines sogenannten Serious Games f\u00fcr Sch\u00fcler:innen sein.Hierzu haben die Studierenden der Macromedia Leipzig die Aufgabenstellung bekommen ein Adventure-Game-Rahmen zu schaffen, in dem sich die Lehramtsstudentinnen der Uni Halle verwirklichen &hellip; <a href=\"https:\/\/blogs.urz.uni-halle.de\/digestibleentwicklerblog\/ueber-das-projekt\/\" class=\"more-link\"><span class=\"screen-reader-text\">\u00dcber das Projekt<\/span> weiterlesen<\/a><\/p>\n","protected":false},"author":3332,"featured_media":0,"parent":0,"menu_order":0,"comment_status":"closed","ping_status":"closed","template":"","meta":{"ngg_post_thumbnail":0},"_links":{"self":[{"href":"https:\/\/blogs.urz.uni-halle.de\/digestibleentwicklerblog\/wp-json\/wp\/v2\/pages\/24"}],"collection":[{"href":"https:\/\/blogs.urz.uni-halle.de\/digestibleentwicklerblog\/wp-json\/wp\/v2\/pages"}],"about":[{"href":"https:\/\/blogs.urz.uni-halle.de\/digestibleentwicklerblog\/wp-json\/wp\/v2\/types\/page"}],"author":[{"embeddable":true,"href":"https:\/\/blogs.urz.uni-halle.de\/digestibleentwicklerblog\/wp-json\/wp\/v2\/users\/3332"}],"replies":[{"embeddable":true,"href":"https:\/\/blogs.urz.uni-halle.de\/digestibleentwicklerblog\/wp-json\/wp\/v2\/comments?post=24"}],"version-history":[{"count":2,"href":"https:\/\/blogs.urz.uni-halle.de\/digestibleentwicklerblog\/wp-json\/wp\/v2\/pages\/24\/revisions"}],"predecessor-version":[{"id":71,"href":"https:\/\/blogs.urz.uni-halle.de\/digestibleentwicklerblog\/wp-json\/wp\/v2\/pages\/24\/revisions\/71"}],"wp:attachment":[{"href":"https:\/\/blogs.urz.uni-halle.de\/digestibleentwicklerblog\/wp-json\/wp\/v2\/media?parent=24"}],"curies":[{"name":"wp","href":"https:\/\/api.w.org\/{rel}","templated":true}]}}