{"id":192,"date":"2020-09-18T10:53:41","date_gmt":"2020-09-18T08:53:41","guid":{"rendered":"https:\/\/blogs.urz.uni-halle.de\/digitus\/?page_id=192"},"modified":"2021-05-07T09:08:53","modified_gmt":"2021-05-07T07:08:53","slug":"websites-und-plattformen","status":"publish","type":"page","link":"https:\/\/blogs.urz.uni-halle.de\/digitus\/websites-und-plattformen\/","title":{"rendered":"Websites und Plattformen"},"content":{"rendered":"\n<div class=\"wp-block-buttons\">\n<div class=\"wp-block-button\"><a class=\"wp-block-button__link has-very-light-gray-to-cyan-bluish-gray-gradient-background has-text-color has-background\" href=\"https:\/\/blogs.urz.uni-halle.de\/digitus\/informationen\/\" style=\"border-radius:15px;color:#000000\">Informationen<\/a><\/div>\n\n\n\n<div class=\"wp-block-button\"><a class=\"wp-block-button__link has-very-light-gray-to-cyan-bluish-gray-gradient-background has-text-color has-background\" href=\"https:\/\/blogs.urz.uni-halle.de\/digitus\/tools\/\" style=\"border-radius:15px;color:#000000\">Tools<\/a><\/div>\n\n\n\n<div class=\"wp-block-button\"><a class=\"wp-block-button__link has-very-light-gray-to-cyan-bluish-gray-gradient-background has-text-color has-background\" href=\"https:\/\/blogs.urz.uni-halle.de\/digitus\/apps\/\" style=\"border-radius:15px;color:#000000\">Apps<\/a><\/div>\n\n\n\n<div class=\"wp-block-button\"><a class=\"wp-block-button__link has-very-light-gray-to-cyan-bluish-gray-gradient-background has-text-color has-background\" href=\"https:\/\/blogs.urz.uni-halle.de\/digitus\/youtube\/\" style=\"border-radius:15px;color:#000000\">YouTube<\/a><\/div>\n<\/div>\n\n\n\n<p>Websites und Plattformen, die Lehrenden mit diversen Unterrichtsmaterialien und Ideen bei der Unterrichtsplanung zur Seite stehen und Lernenden eine F\u00fclle an \u00dcbungsm\u00f6glichkeiten bieten, gibt es viele im Internet.<\/p>\n\n\n\n<p>Eine Auswahl dieser Plattformen und Websites ist im Folgenden aufgef\u00fchrt, wobei diese Auflistung keineswegs einen Wert auf Vollst\u00e4ndigkeit legt, sondern lediglich als Inspiration dienen soll. <\/p>\n\n\n\n<hr class=\"wp-block-separator is-style-wide\" \/>\n\n\n\n<div class=\"wp-block-buttons\">\n<div class=\"wp-block-button\"><a class=\"wp-block-button__link\" href=\"https:\/\/mundo.schule\/\" style=\"border-radius:15px\" target=\"_blank\" rel=\"noreferrer noopener\">MUNDO<\/a><\/div>\n<\/div>\n\n\n<p>MUNDO ist ein frei zug\u00e4ngliches Medienportal, das im Rahmen des DigitalPakt Schule vom Medieninstitut der L\u00e4nder entwickelt wurde. Hier lassen sich f\u00fcr jedes Schulfach die unterschiedlichsten Lernmaterialien(Video, Bild, Arbeitsblatt etc.) aus vielen verschiedenen Quellen finden. &nbsp;Dabei werden alle Schulstufen von Grundschule bis zur Sekundarstufe II abgedeckt.<\/p>\n<ul>\n<li>kostenlos<\/li>\n<li>ohne Registrierung<\/li>\n<\/ul>\n\n\n<hr class=\"wp-block-separator is-style-wide\" \/>\n\n\n\n<div class=\"wp-block-buttons\">\n<div class=\"wp-block-button is-style-fill\"><a class=\"wp-block-button__link has-button-hover-text-color-color has-text-color has-background\" href=\"https:\/\/wirlernenonline.de\/\" style=\"border-radius:15px;background-color:#009aa3\" target=\"_blank\" rel=\"noreferrer noopener\">Wir lernen online<\/a><\/div>\n<\/div>\n\n\n<p>Wir lernen online ist eine Plattform f\u00fcr Lehrpersonen und Lernende, die eine gro\u00dfe Sammlung von Lehr- und Lernmaterialien beinhaltet und mit Hilfestellungen und Tools Empfehlungen f\u00fcr den digitalen Unterricht bietet.<\/p>\n<ul>\n<li>kostenlos<\/li>\n<li>ohne Registrierung<\/li>\n<\/ul>\n\n\n<hr class=\"wp-block-separator is-style-wide\" \/>\n\n\n\n<div class=\"wp-block-buttons\">\n<div class=\"wp-block-button\"><a class=\"wp-block-button__link has-button-hover-text-color-color has-text-color has-background\" href=\"https:\/\/oer.schule\/\" style=\"border-radius:15px;background-color:#009aa3\" target=\"_blank\" rel=\"noreferrer noopener\">OER<\/a><\/div>\n<\/div>\n\n\n<p>OER sind Bildungsmaterialien, die kostenlos zug\u00e4nglich und nutzbar sind. Dabei liegen die Materialien in den unterschiedlichsten Formen vor (z.B. Kurse, Erkl\u00e4rvideos, etc.) und k\u00f6nnen sowohl von Lehrenden und Lernenden genutzt werden.<\/p>\n<ul>\n<li>kostenlos<\/li>\n<li>ohne Registrierung<\/li>\n<\/ul>\n\n\n<hr class=\"wp-block-separator is-style-wide\" \/>\n\n\n\n<div class=\"wp-block-buttons\">\n<div class=\"wp-block-button\"><a class=\"wp-block-button__link has-background\" href=\"https:\/\/www.medienfundgrube.at\/\" style=\"border-radius:15px;background-color:#009aa3\" target=\"_blank\" rel=\"noreferrer noopener\">Medienfundgrube<\/a><\/div>\n<\/div>\n\n\n<p>Die Medienfundgrube ist eine Plattform, die schulrelevante Webtools und Linktipps f\u00fcr Lehrende pr\u00e4sentiert.<\/p>\n<ul>\n<li>kostenlos<\/li>\n<li>ohne Registrierung&nbsp;<\/li>\n<\/ul>\n\n\n<hr class=\"wp-block-separator is-style-wide\" \/>\n\n\n\n<div class=\"wp-block-buttons\">\n<div class=\"wp-block-button\"><a class=\"wp-block-button__link has-button-hover-text-color-color has-text-color has-background\" href=\"https:\/\/digitallearninglab.de\/\" style=\"border-radius:15px;background-color:#009aa3\" target=\"_blank\" rel=\"noreferrer noopener\">digital.learning.lab<\/a><\/div>\n<\/div>\n\n\n<p>Hierbei handelt es sich um eine Plattform f\u00fcr Lehrende, die ein gro\u00dfes Angebot an Unterrichtsbausteinen und eine umfangreiche Toolbox bietet. Digital.learning.lab m\u00f6chte die digitalen Kompetenzen der Lehrkr\u00e4fte f\u00f6rdern, um sie zu bef\u00e4higen, den Lernenden bei ihrem digitalen Kompetenzerwerb zu unterst\u00fctzen.<\/p>\n<ul>\n<li>kostenlos<\/li>\n<li>ohne Registrierung<\/li>\n<\/ul>\n\n\n<hr class=\"wp-block-separator is-style-wide\" \/>\n\n\n\n<div class=\"wp-block-buttons\">\n<div class=\"wp-block-button\"><a class=\"wp-block-button__link\" href=\"https:\/\/www.digibits.de\/\" style=\"border-radius:15px\" target=\"_blank\" rel=\"noreferrer noopener\">DigiBits<\/a><\/div>\n<\/div>\n\n\n<p>DigiBits ist ein Projekt zur F\u00f6rderung von Medienbildung im Fachunterricht. Es bietet eine Materialsammlung, Unterrichtskonzepte, sowie Weiterbildungs- und Austauschangebote f\u00fcr Lehrende.<\/p>\n<ul>\n<li>kostenlos<\/li>\n<li>ohne Registrierung<\/li>\n<\/ul>\n\n\n<hr class=\"wp-block-separator is-style-wide\" \/>\n\n\n\n<div class=\"wp-block-buttons\">\n<div class=\"wp-block-button\"><a class=\"wp-block-button__link\" href=\"https:\/\/www.schullv.de\/\" style=\"border-radius:15px\" target=\"_blank\" rel=\"noreferrer noopener\">SchulLV<\/a><\/div>\n<\/div>\n\n\n<p>\u201eSchulLV\u201c ist eine Lernplattform zur Pr\u00fcfungsvorbereitung und ein digitales Schulbuch, welches nach Bundesl\u00e4ndern, Schularten, Klassenstufen und F\u00e4chern geordnet ist. Es umfasst Themen ab der 7.Klasse und bietet diese in Form von Spickzetteln, Lernvideos, \u00dcbungsaufgaben mit L\u00f6sungen und Skripten an.<\/p>\n<ul>\n<li>Kostenlose Version beinhaltet nur das Erstellen von Spickzetteln<\/li>\n<li>Plus &#8211; Angebot: 24\u20ac monatlich<\/li>\n<li>Schullizenz: 20-30\u20ac j\u00e4hrlich pro Sch\u00fcler*in<\/li>\n<li>Registrierung f\u00fcr Lehrende und Lernende notwendig<\/li>\n<\/ul>\n\n\n<hr class=\"wp-block-separator is-style-wide\" \/>\n\n\n\n<div class=\"wp-block-buttons\">\n<div class=\"wp-block-button\"><a class=\"wp-block-button__link\" href=\"https:\/\/bildungsserver.hamburg.de\/\" style=\"border-radius:15px\" target=\"_blank\" rel=\"noreferrer noopener\">Hamburger Bildungsserver<\/a><\/div>\n<\/div>\n\n\n<p>Der Hamburger Bildungsserver ist eine Internetplattform f\u00fcr Lehrende und Lernende und enth\u00e4lt Unterrichtsmaterialien, Linklisten und Aufgaben zur Pr\u00fcfungsvorbereitung f\u00fcr jede Altersklasse von Vorschule bis Hochschule.&nbsp;<\/p>\n<ul>\n<li>kostenlos<\/li>\n<li>ohne Registrierung<\/li>\n<\/ul>\n\n\n<hr class=\"wp-block-separator is-style-wide\" \/>\n\n\n\n<div class=\"wp-block-buttons\">\n<div class=\"wp-block-button\"><a class=\"wp-block-button__link\" href=\"https:\/\/www.planet-schule.de\/\" style=\"border-radius:15px\" target=\"_blank\" rel=\"noreferrer noopener\">PlanetSchule<\/a><\/div>\n<\/div>\n\n\n<p>Die Website \u201eplanet schule\u201c bietet ein gro\u00dfes Multimedia Angebot f\u00fcr Lehrende und Lernende in allen F\u00e4cher an. Neben Filmen zu den unterschiedlichsten Themen findet man hier z.B. auch Multimedia Angebote wie Simulationen, interaktive Animationen und Lernspiele.&nbsp;<\/p>\n<ul>\n<li>kostenlos<\/li>\n<li>ohne Registrierung<\/li>\n<\/ul>\n\n\n<hr class=\"wp-block-separator is-style-wide\" \/>\n\n\n\n<div class=\"wp-block-buttons\">\n<div class=\"wp-block-button\"><a class=\"wp-block-button__link\" href=\"https:\/\/www.4teachers.de\/\" style=\"border-radius:15px\" target=\"_blank\" rel=\"noreferrer noopener\">4teachers<\/a><\/div>\n<\/div>\n\n\n<p>Auf dieser Plattform finden sich Unterrichtsmaterialien und Ideen f\u00fcr die unterschiedlichsten F\u00e4cher und Klassenstufen.<\/p>\n<ul>\n<li>kostenlos<\/li>\n<li>Registrierung f\u00fcr Lehrende notwendig<\/li>\n<\/ul>\n\n\n<hr class=\"wp-block-separator is-style-wide\" \/>\n\n\n<p>Sie vermissen etwas in dieser Liste?<\/p>\n<p>Bei Ideen und Anregungen k\u00f6nnen Sie uns gerne kontaktieren.<\/p>\n\n\n<div class=\"wp-block-buttons\">\n<div class=\"wp-block-button\"><a class=\"wp-block-button__link\" href=\"https:\/\/blogs.urz.uni-halle.de\/digitus\/kontaktformular\/\">Kontaktieren<\/a><\/div>\n<\/div>\n","protected":false},"excerpt":{"rendered":"<p>Websites und Plattformen, die Lehrenden mit diversen Unterrichtsmaterialien und Ideen bei der Unterrichtsplanung zur Seite stehen und Lernenden eine F\u00fclle an \u00dcbungsm\u00f6glichkeiten bieten, gibt es viele im Internet. Eine Auswahl dieser Plattformen und Websites ist im Folgenden aufgef\u00fchrt, wobei diese &hellip;<\/p>\n<p class=\"read-more\"> <a class=\"more-link\" href=\"https:\/\/blogs.urz.uni-halle.de\/digitus\/websites-und-plattformen\/\"> <span class=\"screen-reader-text\">Websites und Plattformen<\/span> Read More &raquo;<\/a><\/p>\n","protected":false},"author":3332,"featured_media":0,"parent":0,"menu_order":0,"comment_status":"closed","ping_status":"closed","template":"","meta":[],"_links":{"self":[{"href":"https:\/\/blogs.urz.uni-halle.de\/digitus\/wp-json\/wp\/v2\/pages\/192"}],"collection":[{"href":"https:\/\/blogs.urz.uni-halle.de\/digitus\/wp-json\/wp\/v2\/pages"}],"about":[{"href":"https:\/\/blogs.urz.uni-halle.de\/digitus\/wp-json\/wp\/v2\/types\/page"}],"author":[{"embeddable":true,"href":"https:\/\/blogs.urz.uni-halle.de\/digitus\/wp-json\/wp\/v2\/users\/3332"}],"replies":[{"embeddable":true,"href":"https:\/\/blogs.urz.uni-halle.de\/digitus\/wp-json\/wp\/v2\/comments?post=192"}],"version-history":[{"count":10,"href":"https:\/\/blogs.urz.uni-halle.de\/digitus\/wp-json\/wp\/v2\/pages\/192\/revisions"}],"predecessor-version":[{"id":527,"href":"https:\/\/blogs.urz.uni-halle.de\/digitus\/wp-json\/wp\/v2\/pages\/192\/revisions\/527"}],"wp:attachment":[{"href":"https:\/\/blogs.urz.uni-halle.de\/digitus\/wp-json\/wp\/v2\/media?parent=192"}],"curies":[{"name":"wp","href":"https:\/\/api.w.org\/{rel}","templated":true}]}}