{"id":193,"date":"2020-09-18T10:53:41","date_gmt":"2020-09-18T08:53:41","guid":{"rendered":"https:\/\/blogs.urz.uni-halle.de\/digitus\/?page_id=193"},"modified":"2021-02-15T13:34:08","modified_gmt":"2021-02-15T12:34:08","slug":"tools","status":"publish","type":"page","link":"https:\/\/blogs.urz.uni-halle.de\/digitus\/tools\/","title":{"rendered":"Tools"},"content":{"rendered":"\n<div class=\"wp-block-buttons\">\n<div class=\"wp-block-button\"><a class=\"wp-block-button__link has-very-light-gray-to-cyan-bluish-gray-gradient-background has-text-color has-background\" href=\"https:\/\/blogs.urz.uni-halle.de\/digitus\/informationen\/\" style=\"border-radius:15px;color:#000000\">Informationen<\/a><\/div>\n\n\n\n<div class=\"wp-block-button\"><a class=\"wp-block-button__link has-very-light-gray-to-cyan-bluish-gray-gradient-background has-text-color has-background\" href=\"https:\/\/blogs.urz.uni-halle.de\/digitus\/websites-und-plattformen\/\" style=\"border-radius:15px;color:#000000\">Websites und Plattformen<\/a><\/div>\n\n\n\n<div class=\"wp-block-button\"><a class=\"wp-block-button__link has-very-light-gray-to-cyan-bluish-gray-gradient-background has-text-color has-background\" href=\"https:\/\/blogs.urz.uni-halle.de\/digitus\/apps\/\" style=\"border-radius:15px;color:#000000\">Apps<\/a><\/div>\n\n\n\n<div class=\"wp-block-button\"><a class=\"wp-block-button__link has-very-light-gray-to-cyan-bluish-gray-gradient-background has-text-color has-background\" href=\"https:\/\/blogs.urz.uni-halle.de\/digitus\/youtube\/\" style=\"border-radius:15px;color:#000000\">YouTube<\/a><\/div>\n<\/div>\n\n\n\n<p>Das Internet h\u00e4lt eine nahezu unendliche Vielfalt von Tools und Anwendungen bereit, die zur Vorbereitung, Nachbereitung oder direkt im Unterricht angewendet werden k\u00f6nnen. Auf dieser Seite haben wir eine exemplarische Sammlung zusammengestellt.<\/p>\n\n\n\n<p>Eine umfangreiche Liste von Tools finden Sie in der folgenden PDF-Datei.<\/p>\n\n\n\n<div class=\"wp-block-file\"><a href=\"https:\/\/blogs.urz.uni-halle.de\/digitus\/files\/2021\/02\/Toolsammlung.pdf\">Toolsammlung<\/a><a href=\"https:\/\/blogs.urz.uni-halle.de\/digitus\/files\/2021\/02\/Toolsammlung.pdf\" class=\"wp-block-file__button\" download>Herunterladen<\/a><\/div>\n\n\n\n<hr class=\"wp-block-separator is-style-wide\" \/>\n\n\n\n<div class=\"wp-block-buttons\">\n<div class=\"wp-block-button\"><a class=\"wp-block-button__link\" href=\"https:\/\/de.padlet.com\/\" style=\"border-radius:15px\" target=\"_blank\" rel=\"noreferrer noopener\">padlet<\/a><\/div>\n<\/div>\n\n\n<p>\u201ePadlet\u201c ist ein Tool zum gemeinsamen Erstellen und Bearbeiten von digitalen Pinnw\u00e4nden und Merklisten.<\/p>\n<p>Inhalte in Form von Text, Bild, Ton, Video oder Link k\u00f6nnen somit digital gesammelt und verwaltet werden. Im Unterricht kann dieses Tool sehr vielf\u00e4ltig eingesetzt werden, z.B. beim Brainstormen, als Nachschlagewerk oder digitales Plakat.<\/p>\n<ul>\n<li>kostenlos<\/li>\n<li>Registrierung der Lehrenden notwendig<\/li>\n<li>Endger\u00e4te: PC, Tablet, Smartphone<\/li>\n<\/ul>\n\n\n<hr class=\"wp-block-separator is-style-wide\" \/>\n\n\n\n<div class=\"wp-block-buttons\">\n<div class=\"wp-block-button\"><a class=\"wp-block-button__link\" href=\"https:\/\/www.tutory.de\/\" style=\"border-radius:15px\" target=\"_blank\" rel=\"noreferrer noopener\">tutory<\/a><\/div>\n<\/div>\n\n\n<p>Mit Tutory erh\u00e4lt man einen Online-Editor zum Erstellen von Arbeitsbl\u00e4ttern mit vielen frei Verf\u00fcgbaren Bildern und Grafiken. Die erstellten Arbeitsbl\u00e4tter k\u00f6nnen daraufhin als OER freigegeben werden. \u00dcber OER im Allgemeinen lassen sich auch Informationen auf dieser Website finden.<\/p>\n<ul>\n<li>kostenlos \/ 29,90\u20ac \/ 59,90\u20ac pro Jahr je nach Nutzungsumfang<\/li>\n<li>Registrierung der Lehrenden notwendig<\/li>\n<li>Endger\u00e4te: PC<\/li>\n<\/ul>\n\n\n<hr class=\"wp-block-separator is-style-wide\" \/>\n\n\n\n<div class=\"wp-block-buttons\">\n<div class=\"wp-block-button\"><a class=\"wp-block-button__link\" href=\"https:\/\/learningapps.org\/\" style=\"border-radius:15px\" target=\"_blank\" rel=\"noreferrer noopener\">LearningApps.org<\/a><\/div>\n<\/div>\n\n\n<p>Mit LerningApps.org erh\u00e4lt man einen Online-Editor zum Erstellen von interaktiven medienbasierten Lerneinheiten, die sich in eine Unterrichtseinheit einbetten lassen. F\u00fcr das Erstellen steht eine Reihe von Vorlagen zur Verf\u00fcgung sowie einige Beispiele, die genutzt werden k\u00f6nnen.<\/p>\n<ul>\n<li>kostenlos<\/li>\n<li>Registrierung der Lehrenden notwendig<\/li>\n<li>Endger\u00e4te: PC, Tablet<\/li>\n<\/ul>\n\n\n<hr class=\"wp-block-separator is-style-wide\" \/>\n\n\n\n<div class=\"wp-block-buttons\">\n<div class=\"wp-block-button\"><a class=\"wp-block-button__link\" href=\"https:\/\/wiki.llz.uni-halle.de\/Portal:Tools\" style=\"border-radius:15px\" target=\"_blank\" rel=\"noreferrer noopener\">LLZ Portal<\/a><\/div>\n<\/div>\n\n\n<p>Das Tool-Portal des LLZ bietet eine Liste verschiedener Tools, die den Umgang mit Texten, Bildern, Videos, etc. vereinfachen, Lernumgebungen erm\u00f6glichen und die Kommunikation und Organisation innerhalb der Lerngruppe f\u00f6rdern.<\/p>\n\n\n<hr class=\"wp-block-separator is-style-wide\" \/>\n\n\n\n<div class=\"wp-block-buttons\">\n<div class=\"wp-block-button\"><a class=\"wp-block-button__link\" href=\"https:\/\/smart-classroom.de\/apps-fur-lehrer-unterricht-schule\/\" style=\"border-radius:15px\" target=\"_blank\" rel=\"noreferrer noopener\">smartclassroom<\/a><\/div>\n\n\n\n<div class=\"wp-block-button\"><a class=\"wp-block-button__link\" href=\"https:\/\/www.medien-in-die-schule.de\/werkzeugkaesten\/werkzeugkasten-lernen-lehren-mit-apps\/uebersicht-ueber-apps-fuer-den-einsatz-in-schule-und-unterricht\/\" style=\"border-radius:15px\" target=\"_blank\" rel=\"noreferrer noopener\">Medien in die Schule<\/a><\/div>\n<\/div>\n\n\n\n<p>Weitere Tools finden Sie zum Beispiel auch im &#8222;smartclassroom&#8220; und im Werkzeugkasten der Seite &#8222;Medien in die Schule&#8220;. <\/p>\n\n\n\n<p>Wir w\u00fcnschen viel Freude beim Entdecken und Umsetzen der Anwendungen.<\/p>\n\n\n\n<p><\/p>\n","protected":false},"excerpt":{"rendered":"<p>Das Internet h\u00e4lt eine nahezu unendliche Vielfalt von Tools und Anwendungen bereit, die zur Vorbereitung, Nachbereitung oder direkt im Unterricht angewendet werden k\u00f6nnen. Auf dieser Seite haben wir eine exemplarische Sammlung zusammengestellt. Eine umfangreiche Liste von Tools finden Sie in &hellip;<\/p>\n<p class=\"read-more\"> <a class=\"more-link\" href=\"https:\/\/blogs.urz.uni-halle.de\/digitus\/tools\/\"> <span class=\"screen-reader-text\">Tools<\/span> Read More &raquo;<\/a><\/p>\n","protected":false},"author":3332,"featured_media":0,"parent":0,"menu_order":0,"comment_status":"closed","ping_status":"closed","template":"","meta":[],"_links":{"self":[{"href":"https:\/\/blogs.urz.uni-halle.de\/digitus\/wp-json\/wp\/v2\/pages\/193"}],"collection":[{"href":"https:\/\/blogs.urz.uni-halle.de\/digitus\/wp-json\/wp\/v2\/pages"}],"about":[{"href":"https:\/\/blogs.urz.uni-halle.de\/digitus\/wp-json\/wp\/v2\/types\/page"}],"author":[{"embeddable":true,"href":"https:\/\/blogs.urz.uni-halle.de\/digitus\/wp-json\/wp\/v2\/users\/3332"}],"replies":[{"embeddable":true,"href":"https:\/\/blogs.urz.uni-halle.de\/digitus\/wp-json\/wp\/v2\/comments?post=193"}],"version-history":[{"count":7,"href":"https:\/\/blogs.urz.uni-halle.de\/digitus\/wp-json\/wp\/v2\/pages\/193\/revisions"}],"predecessor-version":[{"id":518,"href":"https:\/\/blogs.urz.uni-halle.de\/digitus\/wp-json\/wp\/v2\/pages\/193\/revisions\/518"}],"wp:attachment":[{"href":"https:\/\/blogs.urz.uni-halle.de\/digitus\/wp-json\/wp\/v2\/media?parent=193"}],"curies":[{"name":"wp","href":"https:\/\/api.w.org\/{rel}","templated":true}]}}