{"id":194,"date":"2020-09-18T10:53:41","date_gmt":"2020-09-18T08:53:41","guid":{"rendered":"https:\/\/blogs.urz.uni-halle.de\/digitus\/?page_id=194"},"modified":"2020-11-16T12:11:17","modified_gmt":"2020-11-16T11:11:17","slug":"apps","status":"publish","type":"page","link":"https:\/\/blogs.urz.uni-halle.de\/digitus\/apps\/","title":{"rendered":"Apps"},"content":{"rendered":"\n<div class=\"wp-block-buttons\">\n<div class=\"wp-block-button\"><a class=\"wp-block-button__link has-very-light-gray-to-cyan-bluish-gray-gradient-background has-text-color has-background\" href=\"https:\/\/blogs.urz.uni-halle.de\/digitus\/informationen\/\" style=\"border-radius:15px;color:#000000\">Informationen<\/a><\/div>\n\n\n\n<div class=\"wp-block-button is-style-fill\"><a class=\"wp-block-button__link has-very-light-gray-to-cyan-bluish-gray-gradient-background has-text-color has-background\" href=\"https:\/\/blogs.urz.uni-halle.de\/digitus\/websites-und-plattformen\/\" style=\"border-radius:15px;color:#000000\">Websites und Plattformen<\/a><\/div>\n\n\n\n<div class=\"wp-block-button is-style-fill\"><a class=\"wp-block-button__link has-very-light-gray-to-cyan-bluish-gray-gradient-background has-text-color has-background\" href=\"https:\/\/blogs.urz.uni-halle.de\/digitus\/tools\/\" style=\"border-radius:15px;color:#000000\">Tools<\/a><\/div>\n\n\n\n<div class=\"wp-block-button is-style-fill\"><a class=\"wp-block-button__link has-very-light-gray-to-cyan-bluish-gray-gradient-background has-text-color has-background\" href=\"https:\/\/blogs.urz.uni-halle.de\/digitus\/youtube\/\" style=\"border-radius:15px;color:#000000\">YouTube<\/a><\/div>\n<\/div>\n\n\n\n<p>Im Folgenden m\u00f6chten wir sowohl fachspezifische als auch f\u00e4cher\u00fcbergreifende Apps vorstellen, die vor, w\u00e4hrend und nach der Schulstunde Verwendung finden k\u00f6nnen. Ob Apple- oder Android-Nutzer, hier ist f\u00fcr jeden etwas dabei. <\/p>\n\n\n\n<p>Nat\u00fcrlich lassen sich hier nicht alle Apps auflisten, weshalb hier nur eine kleine Auswahl pr\u00e4sentiert wird. F\u00fchlen Sie sich herzlich eingeladen, selbst ein wenig Ausschau zu halten nach neuen M\u00f6glichkeiten. <\/p>\n\n\n\n<hr class=\"wp-block-separator is-style-dots\" \/>\n\n\n\n<div class=\"wp-block-buttons\">\n<div class=\"wp-block-button\"><a class=\"wp-block-button__link\" href=\"https:\/\/blogs.urz.uni-halle.de\/digitus\/faecheruebergreifende-apps\/\" style=\"border-radius:15px\">F\u00e4cher\u00fcbergreifende Apps<\/a><\/div>\n\n\n\n<div class=\"wp-block-button is-style-fill\"><a class=\"wp-block-button__link\" href=\"https:\/\/blogs.urz.uni-halle.de\/digitus\/faecherspezifische-apps\/\" style=\"border-radius:15px\">F\u00e4cherspezifische Apps<\/a><\/div>\n<\/div>\n","protected":false},"excerpt":{"rendered":"<p>Im Folgenden m\u00f6chten wir sowohl fachspezifische als auch f\u00e4cher\u00fcbergreifende Apps vorstellen, die vor, w\u00e4hrend und nach der Schulstunde Verwendung finden k\u00f6nnen. Ob Apple- oder Android-Nutzer, hier ist f\u00fcr jeden etwas dabei. Nat\u00fcrlich lassen sich hier nicht alle Apps auflisten, weshalb &hellip;<\/p>\n<p class=\"read-more\"> <a class=\"more-link\" href=\"https:\/\/blogs.urz.uni-halle.de\/digitus\/apps\/\"> <span class=\"screen-reader-text\">Apps<\/span> Read More &raquo;<\/a><\/p>\n","protected":false},"author":3332,"featured_media":0,"parent":0,"menu_order":0,"comment_status":"closed","ping_status":"closed","template":"","meta":[],"_links":{"self":[{"href":"https:\/\/blogs.urz.uni-halle.de\/digitus\/wp-json\/wp\/v2\/pages\/194"}],"collection":[{"href":"https:\/\/blogs.urz.uni-halle.de\/digitus\/wp-json\/wp\/v2\/pages"}],"about":[{"href":"https:\/\/blogs.urz.uni-halle.de\/digitus\/wp-json\/wp\/v2\/types\/page"}],"author":[{"embeddable":true,"href":"https:\/\/blogs.urz.uni-halle.de\/digitus\/wp-json\/wp\/v2\/users\/3332"}],"replies":[{"embeddable":true,"href":"https:\/\/blogs.urz.uni-halle.de\/digitus\/wp-json\/wp\/v2\/comments?post=194"}],"version-history":[{"count":10,"href":"https:\/\/blogs.urz.uni-halle.de\/digitus\/wp-json\/wp\/v2\/pages\/194\/revisions"}],"predecessor-version":[{"id":481,"href":"https:\/\/blogs.urz.uni-halle.de\/digitus\/wp-json\/wp\/v2\/pages\/194\/revisions\/481"}],"wp:attachment":[{"href":"https:\/\/blogs.urz.uni-halle.de\/digitus\/wp-json\/wp\/v2\/media?parent=194"}],"curies":[{"name":"wp","href":"https:\/\/api.w.org\/{rel}","templated":true}]}}