{"id":412,"date":"2020-11-13T15:19:07","date_gmt":"2020-11-13T14:19:07","guid":{"rendered":"https:\/\/blogs.urz.uni-halle.de\/digitus\/?page_id=412"},"modified":"2020-11-16T12:15:23","modified_gmt":"2020-11-16T11:15:23","slug":"biologie","status":"publish","type":"page","link":"https:\/\/blogs.urz.uni-halle.de\/digitus\/biologie\/","title":{"rendered":"Biologie"},"content":{"rendered":"\n<div class=\"wp-block-buttons\">\n<div class=\"wp-block-button\"><a class=\"wp-block-button__link has-very-light-gray-to-cyan-bluish-gray-gradient-background has-text-color has-background\" href=\"https:\/\/blogs.urz.uni-halle.de\/digitus\/mathematik\/\" style=\"border-radius:15px;color:#000000\">Mathematik<\/a><\/div>\n\n\n\n<div class=\"wp-block-button is-style-fill\"><a class=\"wp-block-button__link has-very-light-gray-to-cyan-bluish-gray-gradient-background has-text-color has-background\" href=\"https:\/\/blogs.urz.uni-halle.de\/digitus\/physik\/\" style=\"border-radius:15px;color:#000000\">Physik<\/a><\/div>\n\n\n\n<div class=\"wp-block-button is-style-fill\"><a class=\"wp-block-button__link has-very-light-gray-to-cyan-bluish-gray-gradient-background has-text-color has-background\" href=\"https:\/\/blogs.urz.uni-halle.de\/digitus\/chemie\/\" style=\"border-radius:15px;color:#000000\">Chemie<\/a><\/div>\n\n\n\n<div class=\"wp-block-button is-style-fill\"><a class=\"wp-block-button__link has-very-light-gray-to-cyan-bluish-gray-gradient-background has-text-color has-background\" href=\"https:\/\/blogs.urz.uni-halle.de\/digitus\/fremdsprachen\/\" style=\"border-radius:15px;color:#000000\">Fremdsprachen<\/a><\/div>\n\n\n\n<div class=\"wp-block-button is-style-fill\"><a class=\"wp-block-button__link has-very-light-gray-to-cyan-bluish-gray-gradient-background has-text-color has-background\" href=\"https:\/\/blogs.urz.uni-halle.de\/digitus\/musik\/\" style=\"border-radius:15px;color:#000000\">Musik<\/a><\/div>\n<\/div>\n\n\n\n<h4 class=\"has-button-color-color has-text-color\">Namoo<\/h4>\n\n\n<p>Namoo bietet einen digitalen Einblick in die Pflanzenwelt, in der interaktiv die Umweltbedingungen ver\u00e4ndert und Folgen beobachtet werden k\u00f6nnen. Die einzelnen Bestandteile und der Pflanze und dessen Funktionen (Wurzel, Pflanzenzelle, Photosynthese, Bl\u00fcte, Frucht, etc.) werden anhand von 3D-Illustrationen und Simulationen anschaulich pr\u00e4sentiert.<\/p>\n<ul>\n<li>einmalig 4,49 \u20ac<\/li>\n<li>iOS<\/li>\n<\/ul>\n\n\n<h4 class=\"has-button-color-color has-text-color\">Plantsnap<\/h4>\n\n\n<p>Mit Plantsnap lassen sich Pflanzen und Pilze im Handumdrehen mit der Handykamera bestimmen. Gerade im Bereich der Pflanzenbestimmung gibt es noch viele weitere Apps.<\/p>\n<ul>\n<li>kostenlos mit Registrierung&nbsp;<\/li>\n<li>Android, iOS<\/li>\n<\/ul>","protected":false},"excerpt":{"rendered":"<p>Namoo Namoo bietet einen digitalen Einblick in die Pflanzenwelt, in der interaktiv die Umweltbedingungen ver\u00e4ndert und Folgen beobachtet werden k\u00f6nnen. Die einzelnen Bestandteile und der Pflanze und dessen Funktionen (Wurzel, Pflanzenzelle, Photosynthese, Bl\u00fcte, Frucht, etc.) werden anhand von 3D-Illustrationen und &hellip;<\/p>\n<p class=\"read-more\"> <a class=\"more-link\" href=\"https:\/\/blogs.urz.uni-halle.de\/digitus\/biologie\/\"> <span class=\"screen-reader-text\">Biologie<\/span> Read More &raquo;<\/a><\/p>\n","protected":false},"author":3332,"featured_media":0,"parent":0,"menu_order":0,"comment_status":"closed","ping_status":"closed","template":"","meta":[],"_links":{"self":[{"href":"https:\/\/blogs.urz.uni-halle.de\/digitus\/wp-json\/wp\/v2\/pages\/412"}],"collection":[{"href":"https:\/\/blogs.urz.uni-halle.de\/digitus\/wp-json\/wp\/v2\/pages"}],"about":[{"href":"https:\/\/blogs.urz.uni-halle.de\/digitus\/wp-json\/wp\/v2\/types\/page"}],"author":[{"embeddable":true,"href":"https:\/\/blogs.urz.uni-halle.de\/digitus\/wp-json\/wp\/v2\/users\/3332"}],"replies":[{"embeddable":true,"href":"https:\/\/blogs.urz.uni-halle.de\/digitus\/wp-json\/wp\/v2\/comments?post=412"}],"version-history":[{"count":4,"href":"https:\/\/blogs.urz.uni-halle.de\/digitus\/wp-json\/wp\/v2\/pages\/412\/revisions"}],"predecessor-version":[{"id":486,"href":"https:\/\/blogs.urz.uni-halle.de\/digitus\/wp-json\/wp\/v2\/pages\/412\/revisions\/486"}],"wp:attachment":[{"href":"https:\/\/blogs.urz.uni-halle.de\/digitus\/wp-json\/wp\/v2\/media?parent=412"}],"curies":[{"name":"wp","href":"https:\/\/api.w.org\/{rel}","templated":true}]}}