{"id":414,"date":"2020-11-13T15:19:26","date_gmt":"2020-11-13T14:19:26","guid":{"rendered":"https:\/\/blogs.urz.uni-halle.de\/digitus\/?page_id=414"},"modified":"2020-11-16T12:16:12","modified_gmt":"2020-11-16T11:16:12","slug":"physik","status":"publish","type":"page","link":"https:\/\/blogs.urz.uni-halle.de\/digitus\/physik\/","title":{"rendered":"Physik"},"content":{"rendered":"\n<div class=\"wp-block-buttons\">\n<div class=\"wp-block-button\"><a class=\"wp-block-button__link has-very-light-gray-to-cyan-bluish-gray-gradient-background has-text-color has-background\" href=\"https:\/\/blogs.urz.uni-halle.de\/digitus\/mathematik\/\" style=\"border-radius:15px;color:#000000\">Mathematik<\/a><\/div>\n\n\n\n<div class=\"wp-block-button is-style-fill\"><a class=\"wp-block-button__link has-very-light-gray-to-cyan-bluish-gray-gradient-background has-text-color has-background\" href=\"https:\/\/blogs.urz.uni-halle.de\/digitus\/biologie\/\" style=\"border-radius:15px;color:#000000\">Biologie<\/a><\/div>\n\n\n\n<div class=\"wp-block-button is-style-fill\"><a class=\"wp-block-button__link has-very-light-gray-to-cyan-bluish-gray-gradient-background has-text-color has-background\" href=\"https:\/\/blogs.urz.uni-halle.de\/digitus\/chemie\/\" style=\"border-radius:15px;color:#000000\">Chemie<\/a><\/div>\n\n\n\n<div class=\"wp-block-button is-style-fill\"><a class=\"wp-block-button__link has-very-light-gray-to-cyan-bluish-gray-gradient-background has-text-color has-background\" href=\"https:\/\/blogs.urz.uni-halle.de\/digitus\/fremdsprachen\/\" style=\"border-radius:15px;color:#000000\">Fremdsprachen<\/a><\/div>\n\n\n\n<div class=\"wp-block-button is-style-fill\"><a class=\"wp-block-button__link has-very-light-gray-to-cyan-bluish-gray-gradient-background has-text-color has-background\" href=\"https:\/\/blogs.urz.uni-halle.de\/digitus\/musik\/\" style=\"border-radius:15px;color:#000000\">Musik<\/a><\/div>\n<\/div>\n\n\n\n<h4 class=\"has-button-color-color has-text-color\">Algodoo<\/h4>\n\n\n<p>In Algodoo l\u00e4sst sich mit der Schwerkraft und anderen physikalischen Gesetzen virtuell experimentieren, indem man die gew\u00fcnschten Gegenst\u00e4nde zeichnet und darauf die Simulation der Auswirkungen der physikalischen Gesetze startet.<\/p>\n<ul>\n<li>kostenlos<\/li>\n<li>Windows, macOS<\/li>\n<\/ul>","protected":false},"excerpt":{"rendered":"<p>Algodoo In Algodoo l\u00e4sst sich mit der Schwerkraft und anderen physikalischen Gesetzen virtuell experimentieren, indem man die gew\u00fcnschten Gegenst\u00e4nde zeichnet und darauf die Simulation der Auswirkungen der physikalischen Gesetze startet. kostenlos Windows, macOS<\/p>\n","protected":false},"author":3332,"featured_media":0,"parent":0,"menu_order":0,"comment_status":"closed","ping_status":"closed","template":"","meta":[],"_links":{"self":[{"href":"https:\/\/blogs.urz.uni-halle.de\/digitus\/wp-json\/wp\/v2\/pages\/414"}],"collection":[{"href":"https:\/\/blogs.urz.uni-halle.de\/digitus\/wp-json\/wp\/v2\/pages"}],"about":[{"href":"https:\/\/blogs.urz.uni-halle.de\/digitus\/wp-json\/wp\/v2\/types\/page"}],"author":[{"embeddable":true,"href":"https:\/\/blogs.urz.uni-halle.de\/digitus\/wp-json\/wp\/v2\/users\/3332"}],"replies":[{"embeddable":true,"href":"https:\/\/blogs.urz.uni-halle.de\/digitus\/wp-json\/wp\/v2\/comments?post=414"}],"version-history":[{"count":3,"href":"https:\/\/blogs.urz.uni-halle.de\/digitus\/wp-json\/wp\/v2\/pages\/414\/revisions"}],"predecessor-version":[{"id":487,"href":"https:\/\/blogs.urz.uni-halle.de\/digitus\/wp-json\/wp\/v2\/pages\/414\/revisions\/487"}],"wp:attachment":[{"href":"https:\/\/blogs.urz.uni-halle.de\/digitus\/wp-json\/wp\/v2\/media?parent=414"}],"curies":[{"name":"wp","href":"https:\/\/api.w.org\/{rel}","templated":true}]}}